{"id":3034,"date":"2019-05-24T19:10:49","date_gmt":"2019-05-24T22:10:49","guid":{"rendered":"https:\/\/numar.scb.org.br\/?post_type=product&amp;p=3034"},"modified":"2019-05-24T19:10:49","modified_gmt":"2019-05-24T22:10:49","slug":"biblioquimica","status":"publish","type":"product","link":"https:\/\/scb.org.br\/numar\/loja\/livros\/biblioquimica\/","title":{"rendered":"Biblioqu\u00edmica"},"content":{"rendered":"<p>Muitas das evid\u00eancias da Bioqu\u00edmica e da Medicina contempor\u00e2nea est\u00e3o completamente de acordo com que a B\u00edblia j\u00e1 apresenta.<\/p>\n<p>Definitivamente a B\u00edblia jamais pertencer\u00e1 ao grupo de livros obsoletos\u2026 Por mais \u201cmoderna\u201d que pare\u00e7a a ci\u00eancia, voc\u00ea perceber\u00e1 atrav\u00e9s dos estudos aqui apresentado com uma linguagem clara, sem rodeios; os principais temas cient\u00edficos comparados e apontados na Palavra.<\/p>\n<p>A Humanidade precisa tanto da B\u00edblia e da ci\u00eancia multiplicada para melhor entender tudo que o que j\u00e1 foi criado por Deus \u2013 fonte de toda ci\u00eancia e saber.<\/p>\n<p>&nbsp;<\/p>\n<p><strong>DADOS T\u00c9CNICOS<br \/>\n<\/strong><\/p>\n<p>T\u00edtulo: Biblio Qu\u00edmica: Evidencias Das Ci\u00eancias Biom\u00e9dicas Na B\u00edblia<br \/>\nAutor: Thiago De Melo Costa Pereira<br \/>\nP\u00e1ginas: 248<br \/>\nFormato: 16x23 cm<br \/>\nAcabamento: Brochura<br \/>\nEditora: AD Santos<\/p>\n<p><strong>SOBRE O AUTOR<br \/>\n<\/strong>Farmac\u00eautico pela Universidade Federal de Ouro Preto (UFOP) em 2002, Mestre (2005) e Doutor (2009) em Ci\u00eancias Fisiol\u00f3gicas pela Universidade Federal do Esp\u00edrito Santo (UFES). P\u00f3s-Doutor em Farmacologia pela Universidade de Santiago de Compostela (USC) - Espanha. Professor da Universidade Vila Velha (UVV) (Mestrado em Ci\u00eancias Farmac\u00eauticas, Medicina e Odontologia) e do Instituto Federal do Esp\u00edrito Santo (IFES) - Qu\u00edmica, Biotecnologia e Biomedicina. Possui experi\u00eancia na \u00e1rea de Fisiologia (\u00eanfase em Fisiologia Cardiovascular e End\u00f3crina), Farmacologia e Bioqu\u00edmica. Membro da Sociedade Brasileira do Design Inteligente (TDI- Brasil). Autor do livro \"Biblioqu\u00edmica- Evid\u00eancias das Ci\u00eancias Biom\u00e9dicas na B\u00edblia\"<\/p>\n","protected":false},"excerpt":{"rendered":"<p>Super Lan\u00e7amento. Aproveite!<\/p>\n","protected":false},"featured_media":3035,"template":"","meta":{"_acf_changed":false,"om_disable_all_campaigns":false},"product_brand":[],"product_cat":[257],"product_tag":[298,253,271,299,247,272,300],"class_list":{"0":"post-3034","1":"product","2":"type-product","3":"status-publish","4":"has-post-thumbnail","6":"product_cat-livros","7":"product_tag-biblia","8":"product_tag-ciencia","9":"product_tag-cosmovisao","10":"product_tag-criacao","11":"product_tag-criacionismo","12":"product_tag-genesis","13":"product_tag-quimica","14":"product_shipping_class-registro-modico","16":"first","17":"outofstock","18":"sale","19":"shipping-taxable","20":"purchasable","21":"product-type-simple"},"acf":[],"yoast_head":"<!-- This site is optimized with the Yoast SEO plugin v27.3 - https:\/\/yoast.com\/product\/yoast-seo-wordpress\/ -->\n<title>Biblioqu\u00edmica - NUMAR-SCB<\/title>\n<meta name=\"robots\" content=\"index, follow, max-snippet:-1, max-image-preview:large, max-video-preview:-1\" \/>\n<link rel=\"canonical\" href=\"https:\/\/scb.org.br\/numar\/loja\/livros\/biblioquimica\/\" \/>\n<meta property=\"og:locale\" content=\"pt_BR\" \/>\n<meta property=\"og:type\" content=\"article\" \/>\n<meta property=\"og:title\" content=\"Biblioqu\u00edmica - NUMAR-SCB\" \/>\n<meta property=\"og:description\" content=\"Super Lan\u00e7amento. Aproveite!\" \/>\n<meta property=\"og:url\" content=\"https:\/\/scb.org.br\/numar\/loja\/livros\/biblioquimica\/\" \/>\n<meta property=\"og:site_name\" content=\"NUMAR-SCB\" \/>\n<meta property=\"og:image\" content=\"https:\/\/scb.org.br\/numar\/wp-content\/uploads\/sites\/6\/2019\/05\/Biblioquimica-1.jpg\" \/>\n\t<meta property=\"og:image:width\" content=\"562\" \/>\n\t<meta property=\"og:image:height\" content=\"800\" \/>\n\t<meta property=\"og:image:type\" content=\"image\/jpeg\" \/>\n<meta name=\"twitter:card\" content=\"summary_large_image\" \/>\n<meta name=\"twitter:label1\" content=\"Est. tempo de leitura\" \/>\n\t<meta name=\"twitter:data1\" content=\"1 minuto\" \/>\n<script type=\"application\/ld+json\" class=\"yoast-schema-graph\">{\"@context\":\"https:\\\/\\\/schema.org\",\"@graph\":[{\"@type\":\"WebPage\",\"@id\":\"https:\\\/\\\/scb.org.br\\\/numar\\\/loja\\\/livros\\\/biblioquimica\\\/\",\"url\":\"https:\\\/\\\/scb.org.br\\\/numar\\\/loja\\\/livros\\\/biblioquimica\\\/\",\"name\":\"Biblioqu\u00edmica - NUMAR-SCB\",\"isPartOf\":{\"@id\":\"https:\\\/\\\/scb.org.br\\\/numar\\\/#website\"},\"primaryImageOfPage\":{\"@id\":\"https:\\\/\\\/scb.org.br\\\/numar\\\/loja\\\/livros\\\/biblioquimica\\\/#primaryimage\"},\"image\":{\"@id\":\"https:\\\/\\\/scb.org.br\\\/numar\\\/loja\\\/livros\\\/biblioquimica\\\/#primaryimage\"},\"thumbnailUrl\":\"https:\\\/\\\/scb.org.br\\\/numar\\\/wp-content\\\/uploads\\\/sites\\\/6\\\/2019\\\/05\\\/Biblioquimica-1.jpg\",\"datePublished\":\"2019-05-24T22:10:49+00:00\",\"breadcrumb\":{\"@id\":\"https:\\\/\\\/scb.org.br\\\/numar\\\/loja\\\/livros\\\/biblioquimica\\\/#breadcrumb\"},\"inLanguage\":\"pt-BR\",\"potentialAction\":[{\"@type\":\"ReadAction\",\"target\":[\"https:\\\/\\\/scb.org.br\\\/numar\\\/loja\\\/livros\\\/biblioquimica\\\/\"]}]},{\"@type\":\"ImageObject\",\"inLanguage\":\"pt-BR\",\"@id\":\"https:\\\/\\\/scb.org.br\\\/numar\\\/loja\\\/livros\\\/biblioquimica\\\/#primaryimage\",\"url\":\"https:\\\/\\\/scb.org.br\\\/numar\\\/wp-content\\\/uploads\\\/sites\\\/6\\\/2019\\\/05\\\/Biblioquimica-1.jpg\",\"contentUrl\":\"https:\\\/\\\/scb.org.br\\\/numar\\\/wp-content\\\/uploads\\\/sites\\\/6\\\/2019\\\/05\\\/Biblioquimica-1.jpg\",\"width\":562,\"height\":800},{\"@type\":\"BreadcrumbList\",\"@id\":\"https:\\\/\\\/scb.org.br\\\/numar\\\/loja\\\/livros\\\/biblioquimica\\\/#breadcrumb\",\"itemListElement\":[{\"@type\":\"ListItem\",\"position\":1,\"name\":\"P\u00e1gina Inicial\",\"item\":\"https:\\\/\\\/scb.org.br\\\/numar\\\/\"},{\"@type\":\"ListItem\",\"position\":2,\"name\":\"Loja\",\"item\":\"https:\\\/\\\/scb.org.br\\\/numar\\\/loja\\\/\"},{\"@type\":\"ListItem\",\"position\":3,\"name\":\"Biblioqu\u00edmica\"}]},{\"@type\":\"WebSite\",\"@id\":\"https:\\\/\\\/scb.org.br\\\/numar\\\/#website\",\"url\":\"https:\\\/\\\/scb.org.br\\\/numar\\\/\",\"name\":\"NUMAR-SCB\",\"description\":\"N\u00facleo Maringaense da Sociedade Criacionista Brasileira\",\"publisher\":{\"@id\":\"https:\\\/\\\/scb.org.br\\\/numar\\\/#organization\"},\"potentialAction\":[{\"@type\":\"SearchAction\",\"target\":{\"@type\":\"EntryPoint\",\"urlTemplate\":\"https:\\\/\\\/scb.org.br\\\/numar\\\/?s={search_term_string}\"},\"query-input\":{\"@type\":\"PropertyValueSpecification\",\"valueRequired\":true,\"valueName\":\"search_term_string\"}}],\"inLanguage\":\"pt-BR\"},{\"@type\":\"Organization\",\"@id\":\"https:\\\/\\\/scb.org.br\\\/numar\\\/#organization\",\"name\":\"NUMAR-SCB - N\u00facleo Maringaense da Sociedade Criacionista Brasileira\",\"url\":\"https:\\\/\\\/scb.org.br\\\/numar\\\/\",\"logo\":{\"@type\":\"ImageObject\",\"inLanguage\":\"pt-BR\",\"@id\":\"https:\\\/\\\/scb.org.br\\\/numar\\\/#\\\/schema\\\/logo\\\/image\\\/\",\"url\":\"https:\\\/\\\/scb.org.br\\\/numar\\\/wp-content\\\/uploads\\\/sites\\\/6\\\/2020\\\/05\\\/logo-1.png\",\"contentUrl\":\"https:\\\/\\\/scb.org.br\\\/numar\\\/wp-content\\\/uploads\\\/sites\\\/6\\\/2020\\\/05\\\/logo-1.png\",\"width\":248,\"height\":263,\"caption\":\"NUMAR-SCB - N\u00facleo Maringaense da Sociedade Criacionista Brasileira\"},\"image\":{\"@id\":\"https:\\\/\\\/scb.org.br\\\/numar\\\/#\\\/schema\\\/logo\\\/image\\\/\"}}]}<\/script>\n<!-- \/ Yoast SEO plugin. -->","yoast_head_json":{"title":"Biblioqu\u00edmica - NUMAR-SCB","robots":{"index":"index","follow":"follow","max-snippet":"max-snippet:-1","max-image-preview":"max-image-preview:large","max-video-preview":"max-video-preview:-1"},"canonical":"https:\/\/scb.org.br\/numar\/loja\/livros\/biblioquimica\/","og_locale":"pt_BR","og_type":"article","og_title":"Biblioqu\u00edmica - NUMAR-SCB","og_description":"Super Lan\u00e7amento. Aproveite!","og_url":"https:\/\/scb.org.br\/numar\/loja\/livros\/biblioquimica\/","og_site_name":"NUMAR-SCB","og_image":[{"width":562,"height":800,"url":"https:\/\/scb.org.br\/numar\/wp-content\/uploads\/sites\/6\/2019\/05\/Biblioquimica-1.jpg","type":"image\/jpeg"}],"twitter_card":"summary_large_image","twitter_misc":{"Est. tempo de leitura":"1 minuto"},"schema":{"@context":"https:\/\/schema.org","@graph":[{"@type":"WebPage","@id":"https:\/\/scb.org.br\/numar\/loja\/livros\/biblioquimica\/","url":"https:\/\/scb.org.br\/numar\/loja\/livros\/biblioquimica\/","name":"Biblioqu\u00edmica - NUMAR-SCB","isPartOf":{"@id":"https:\/\/scb.org.br\/numar\/#website"},"primaryImageOfPage":{"@id":"https:\/\/scb.org.br\/numar\/loja\/livros\/biblioquimica\/#primaryimage"},"image":{"@id":"https:\/\/scb.org.br\/numar\/loja\/livros\/biblioquimica\/#primaryimage"},"thumbnailUrl":"https:\/\/scb.org.br\/numar\/wp-content\/uploads\/sites\/6\/2019\/05\/Biblioquimica-1.jpg","datePublished":"2019-05-24T22:10:49+00:00","breadcrumb":{"@id":"https:\/\/scb.org.br\/numar\/loja\/livros\/biblioquimica\/#breadcrumb"},"inLanguage":"pt-BR","potentialAction":[{"@type":"ReadAction","target":["https:\/\/scb.org.br\/numar\/loja\/livros\/biblioquimica\/"]}]},{"@type":"ImageObject","inLanguage":"pt-BR","@id":"https:\/\/scb.org.br\/numar\/loja\/livros\/biblioquimica\/#primaryimage","url":"https:\/\/scb.org.br\/numar\/wp-content\/uploads\/sites\/6\/2019\/05\/Biblioquimica-1.jpg","contentUrl":"https:\/\/scb.org.br\/numar\/wp-content\/uploads\/sites\/6\/2019\/05\/Biblioquimica-1.jpg","width":562,"height":800},{"@type":"BreadcrumbList","@id":"https:\/\/scb.org.br\/numar\/loja\/livros\/biblioquimica\/#breadcrumb","itemListElement":[{"@type":"ListItem","position":1,"name":"P\u00e1gina Inicial","item":"https:\/\/scb.org.br\/numar\/"},{"@type":"ListItem","position":2,"name":"Loja","item":"https:\/\/scb.org.br\/numar\/loja\/"},{"@type":"ListItem","position":3,"name":"Biblioqu\u00edmica"}]},{"@type":"WebSite","@id":"https:\/\/scb.org.br\/numar\/#website","url":"https:\/\/scb.org.br\/numar\/","name":"NUMAR-SCB","description":"N\u00facleo Maringaense da Sociedade Criacionista Brasileira","publisher":{"@id":"https:\/\/scb.org.br\/numar\/#organization"},"potentialAction":[{"@type":"SearchAction","target":{"@type":"EntryPoint","urlTemplate":"https:\/\/scb.org.br\/numar\/?s={search_term_string}"},"query-input":{"@type":"PropertyValueSpecification","valueRequired":true,"valueName":"search_term_string"}}],"inLanguage":"pt-BR"},{"@type":"Organization","@id":"https:\/\/scb.org.br\/numar\/#organization","name":"NUMAR-SCB - N\u00facleo Maringaense da Sociedade Criacionista Brasileira","url":"https:\/\/scb.org.br\/numar\/","logo":{"@type":"ImageObject","inLanguage":"pt-BR","@id":"https:\/\/scb.org.br\/numar\/#\/schema\/logo\/image\/","url":"https:\/\/scb.org.br\/numar\/wp-content\/uploads\/sites\/6\/2020\/05\/logo-1.png","contentUrl":"https:\/\/scb.org.br\/numar\/wp-content\/uploads\/sites\/6\/2020\/05\/logo-1.png","width":248,"height":263,"caption":"NUMAR-SCB - N\u00facleo Maringaense da Sociedade Criacionista Brasileira"},"image":{"@id":"https:\/\/scb.org.br\/numar\/#\/schema\/logo\/image\/"}}]}},"_links":{"self":[{"href":"https:\/\/scb.org.br\/numar\/wp-json\/wp\/v2\/product\/3034","targetHints":{"allow":["GET"]}}],"collection":[{"href":"https:\/\/scb.org.br\/numar\/wp-json\/wp\/v2\/product"}],"about":[{"href":"https:\/\/scb.org.br\/numar\/wp-json\/wp\/v2\/types\/product"}],"wp:featuredmedia":[{"embeddable":true,"href":"https:\/\/scb.org.br\/numar\/wp-json\/wp\/v2\/media\/3035"}],"wp:attachment":[{"href":"https:\/\/scb.org.br\/numar\/wp-json\/wp\/v2\/media?parent=3034"}],"wp:term":[{"taxonomy":"product_brand","embeddable":true,"href":"https:\/\/scb.org.br\/numar\/wp-json\/wp\/v2\/product_brand?post=3034"},{"taxonomy":"product_cat","embeddable":true,"href":"https:\/\/scb.org.br\/numar\/wp-json\/wp\/v2\/product_cat?post=3034"},{"taxonomy":"product_tag","embeddable":true,"href":"https:\/\/scb.org.br\/numar\/wp-json\/wp\/v2\/product_tag?post=3034"}],"curies":[{"name":"wp","href":"https:\/\/api.w.org\/{rel}","templated":true}]}}