{"id":2463,"date":"2018-11-22T17:31:41","date_gmt":"2018-11-22T20:31:41","guid":{"rendered":"https:\/\/numar.scb.org.br\/?post_type=product&amp;p=2463"},"modified":"2018-11-22T17:31:41","modified_gmt":"2018-11-22T20:31:41","slug":"imersao","status":"publish","type":"product","link":"https:\/\/scb.org.br\/numar\/loja\/eventos\/imersao\/","title":{"rendered":"Imers\u00e3o ao Criacionismo (M\u00f3dulo II)"},"content":{"rendered":"<p><b>PROGRAMA IMERS\u00c3O<\/b><\/p>\n<p><em>(Vagas Limitadas!)<\/em><\/p>\n<p><span style=\"font-weight: 400\">Como criacionistas temos a preocupa\u00e7\u00e3o em promover o conhecimento pleno da verdade, valendo-nos n\u00e3o s\u00f3 dos textos b\u00edblicos mas das evid\u00eancias cient\u00edficas. Essa \u00e9 a raz\u00e3o do porque o criacionismo enfatiza an\u00e1lise de resultados provenientes das diferentes \u00e1reas do conhecimento, sem descartar nenhuma evid\u00eancia que, porventura, venha, aparentemente, contradizer a premissa de que foi Deus quem fez todas as coisas. Isso significa uma intera\u00e7\u00e3o m\u00fatua entre as \u00e1reas; as pesquisas realizadas por elas t\u00eam crescido ainda mais e aumentado o volume da vasta gama de informa\u00e7\u00f5es existentes, e todas elas t\u00eam corroborado com o criacionismo apresentado na b\u00edblia. Faz-se necess\u00e1rio, ent\u00e3o, que para se iniciar na caminhada do criacionismo, deve-se come\u00e7ar com as ideias e defini\u00e7\u00f5es b\u00e1sicas sobre Ci\u00eancia e Religi\u00e3o, Criacionismo B\u00edblico e M\u00e9todo cient\u00edfico. \u00c9 por este motivo que o N\u00facleo Maringaense da SCB (Numar-SCB) v\u00ea a necessidade de criar o <\/span><span style=\"font-weight: 400\">Programa Imers\u00e3o<\/span><span style=\"font-weight: 400\">, com objetivo de iniciar o indiv\u00edduo no Criacionismo B\u00edblico-cient\u00edfico.<\/span><\/p>\n<p><b>O Programa Imers\u00e3o<\/b><\/p>\n<ul>\n<li style=\"font-weight: 400\"><span style=\"font-weight: 400\">\u00c9 um evento com dura\u00e7\u00e3o de dois dias (sexta e s\u00e1bado), realizado a cada semestre, contando com 8 palestras por evento, com no m\u00e1ximo 45 minutos cada palestra, intercaladas com espa\u00e7o para perguntas &amp; respostas.<\/span><\/li>\n<li style=\"font-weight: 400\"><span style=\"font-weight: 400\">Tem por objetivo principal a defesa do criacionismo b\u00edblico literal de forma l\u00f3gica, teol\u00f3gica e cient\u00edfica.<\/span><\/li>\n<li style=\"font-weight: 400\"><span style=\"font-weight: 400\">\u00c9 destinado para os interessados em filiarem-se ao Numar-SCB.<\/span><\/li>\n<li style=\"font-weight: 400\"><span style=\"font-weight: 400\">\u00c9 a base para a cria\u00e7\u00e3o de cursos espec\u00edficos de n\u00edveis mais avan\u00e7ados, tais como L\u00ednguas, Astronomia, Paleontologia, etc.<\/span><\/li>\n<\/ul>\n<p><strong>Data:<\/strong>\u00a07 e 8 de Dezembro de 2018<\/p>\n<p>7\/12\/2018 19:00 \u00e0s 21:00<\/p>\n<p>8\/12\/2018 9 as 12 horas e 15 as 19 horas<\/p>\n<p><span style=\"color: #ff0000\">Valores de Inscri\u00e7\u00e3o: <\/span><\/p>\n<p><span style=\"color: #ff0000\">at\u00e9 2\/12\/2018 R$ 10,00 (Inclu\u00eddo: Inscri\u00e7\u00e3o e pasta )<\/span><\/p>\n<p><span style=\"color: #ff0000\">3\/12\/2018 a 7\/12\/2018 R$ 30,00 (Inclu\u00eddo: Inscri\u00e7\u00e3o e pasta ) \u00a0<\/span><\/p>\n<p>&nbsp;<\/p>\n<p><strong>Local:<\/strong>\u00a0Sede\u00a0Numar-SCB<\/p>\n<p>Av. Dr. Mario Clapier Urbinati, 15,<br \/>\nSala 08, Jd. Universit\u00e1rio<br \/>\nCEP:87020-260 \u2013 Maring\u00e1-PR<br \/>\n(Pr\u00f3ximo \u00e0 UEM)<\/p>\n<p><strong>Palestrantes:<\/strong><\/p>\n<p>Everton Alves<\/p>\n<p>Danilo de Oliveira<\/p>\n<p>Lucas Fridman<\/p>\n<p>Thomas Oehninger Ramos<\/p>\n<p>Debora Sant'ana<\/p>\n<p>Walber Arantes<\/p>\n<p>Roberto Betz<\/p>\n<p>Fa\u00e7a j\u00e1 sua inscri\u00e7\u00e3o<\/p>\n<p><strong>Formas de Pagamento e Inscri\u00e7\u00e3o<\/strong>:<\/p>\n<p>- Site (pagamento atrav\u00e9s de cart\u00e3o ou boleto pelo sistema Pagseguro)<\/p>\n<p>- Deposito em conta Bancaria (Dados Banc\u00e1rios: Banco do Brasil, Ag\u00eancia 3512-2,cc 37868 - 2,CNPJ: 29.175.089\/0001-09, Favorecido: Associa\u00e7\u00e3o Educacional Criacionista no Brasil - n\u00facleo Maringaense da Sociedade Criacionista Brasileira, enviar comprovante de deposito e nome completo para e-mail: numar.scb@gmail.com)<\/p>\n","protected":false},"excerpt":{"rendered":"<p>PROGRAMA IMERS\u00c3O (Vagas Limitadas!) Como criacionistas temos a preocupa\u00e7\u00e3o em promover o conhecimento pleno da verdade, valendo-nos n\u00e3o s\u00f3 dos textos b\u00edblicos mas das evid\u00eancias cient\u00edficas. Essa \u00e9 a raz\u00e3o do porque o criacionismo enfatiza an\u00e1lise de resultados provenientes das diferentes \u00e1reas do conhecimento, sem descartar nenhuma evid\u00eancia que, porventura, venha, aparentemente, contradizer a premissa [&hellip;]<\/p>\n","protected":false},"featured_media":2464,"template":"","meta":{"_acf_changed":false,"om_disable_all_campaigns":false},"product_brand":[],"product_cat":[249],"product_tag":[271,247,261,258],"class_list":{"0":"post-2463","1":"product","2":"type-product","3":"status-publish","4":"has-post-thumbnail","6":"product_cat-eventos","7":"product_tag-cosmovisao","8":"product_tag-criacionismo","9":"product_tag-curso","10":"product_tag-origem-da-vida","12":"first","13":"outofstock","14":"featured","15":"virtual","16":"purchasable","17":"product-type-simple"},"acf":[],"yoast_head":"<!-- This site is optimized with the Yoast SEO plugin v27.3 - https:\/\/yoast.com\/product\/yoast-seo-wordpress\/ -->\n<title>Imers\u00e3o ao Criacionismo (M\u00f3dulo II) - NUMAR-SCB<\/title>\n<meta name=\"robots\" content=\"index, follow, max-snippet:-1, max-image-preview:large, max-video-preview:-1\" \/>\n<link rel=\"canonical\" href=\"https:\/\/scb.org.br\/numar\/loja\/eventos\/imersao\/\" \/>\n<meta property=\"og:locale\" content=\"pt_BR\" \/>\n<meta property=\"og:type\" content=\"article\" \/>\n<meta property=\"og:title\" content=\"Imers\u00e3o ao Criacionismo (M\u00f3dulo II) - NUMAR-SCB\" \/>\n<meta property=\"og:description\" content=\"PROGRAMA IMERS\u00c3O (Vagas Limitadas!) Como criacionistas temos a preocupa\u00e7\u00e3o em promover o conhecimento pleno da verdade, valendo-nos n\u00e3o s\u00f3 dos textos b\u00edblicos mas das evid\u00eancias cient\u00edficas. Essa \u00e9 a raz\u00e3o do porque o criacionismo enfatiza an\u00e1lise de resultados provenientes das diferentes \u00e1reas do conhecimento, sem descartar nenhuma evid\u00eancia que, porventura, venha, aparentemente, contradizer a premissa [&hellip;]\" \/>\n<meta property=\"og:url\" content=\"https:\/\/scb.org.br\/numar\/loja\/eventos\/imersao\/\" \/>\n<meta property=\"og:site_name\" content=\"NUMAR-SCB\" \/>\n<meta property=\"og:image\" content=\"https:\/\/scb.org.br\/numar\/wp-content\/uploads\/sites\/6\/2018\/11\/Programa-Imers\u00e3o-Modulo-2.jpg\" \/>\n\t<meta property=\"og:image:width\" content=\"1152\" \/>\n\t<meta property=\"og:image:height\" content=\"648\" \/>\n\t<meta property=\"og:image:type\" content=\"image\/jpeg\" \/>\n<meta name=\"twitter:card\" content=\"summary_large_image\" \/>\n<meta name=\"twitter:label1\" content=\"Est. tempo de leitura\" \/>\n\t<meta name=\"twitter:data1\" content=\"2 minutos\" \/>\n<script type=\"application\/ld+json\" class=\"yoast-schema-graph\">{\"@context\":\"https:\\\/\\\/schema.org\",\"@graph\":[{\"@type\":\"WebPage\",\"@id\":\"https:\\\/\\\/scb.org.br\\\/numar\\\/loja\\\/eventos\\\/imersao\\\/\",\"url\":\"https:\\\/\\\/scb.org.br\\\/numar\\\/loja\\\/eventos\\\/imersao\\\/\",\"name\":\"Imers\u00e3o ao Criacionismo (M\u00f3dulo II) - NUMAR-SCB\",\"isPartOf\":{\"@id\":\"https:\\\/\\\/scb.org.br\\\/numar\\\/#website\"},\"primaryImageOfPage\":{\"@id\":\"https:\\\/\\\/scb.org.br\\\/numar\\\/loja\\\/eventos\\\/imersao\\\/#primaryimage\"},\"image\":{\"@id\":\"https:\\\/\\\/scb.org.br\\\/numar\\\/loja\\\/eventos\\\/imersao\\\/#primaryimage\"},\"thumbnailUrl\":\"https:\\\/\\\/scb.org.br\\\/numar\\\/wp-content\\\/uploads\\\/sites\\\/6\\\/2018\\\/11\\\/Programa-Imers\u00e3o-Modulo-2.jpg\",\"datePublished\":\"2018-11-22T20:31:41+00:00\",\"breadcrumb\":{\"@id\":\"https:\\\/\\\/scb.org.br\\\/numar\\\/loja\\\/eventos\\\/imersao\\\/#breadcrumb\"},\"inLanguage\":\"pt-BR\",\"potentialAction\":[{\"@type\":\"ReadAction\",\"target\":[\"https:\\\/\\\/scb.org.br\\\/numar\\\/loja\\\/eventos\\\/imersao\\\/\"]}]},{\"@type\":\"ImageObject\",\"inLanguage\":\"pt-BR\",\"@id\":\"https:\\\/\\\/scb.org.br\\\/numar\\\/loja\\\/eventos\\\/imersao\\\/#primaryimage\",\"url\":\"https:\\\/\\\/scb.org.br\\\/numar\\\/wp-content\\\/uploads\\\/sites\\\/6\\\/2018\\\/11\\\/Programa-Imers\u00e3o-Modulo-2.jpg\",\"contentUrl\":\"https:\\\/\\\/scb.org.br\\\/numar\\\/wp-content\\\/uploads\\\/sites\\\/6\\\/2018\\\/11\\\/Programa-Imers\u00e3o-Modulo-2.jpg\",\"width\":1152,\"height\":648},{\"@type\":\"BreadcrumbList\",\"@id\":\"https:\\\/\\\/scb.org.br\\\/numar\\\/loja\\\/eventos\\\/imersao\\\/#breadcrumb\",\"itemListElement\":[{\"@type\":\"ListItem\",\"position\":1,\"name\":\"P\u00e1gina Inicial\",\"item\":\"https:\\\/\\\/scb.org.br\\\/numar\\\/\"},{\"@type\":\"ListItem\",\"position\":2,\"name\":\"Loja\",\"item\":\"https:\\\/\\\/scb.org.br\\\/numar\\\/loja\\\/\"},{\"@type\":\"ListItem\",\"position\":3,\"name\":\"Imers\u00e3o ao Criacionismo (M\u00f3dulo II)\"}]},{\"@type\":\"WebSite\",\"@id\":\"https:\\\/\\\/scb.org.br\\\/numar\\\/#website\",\"url\":\"https:\\\/\\\/scb.org.br\\\/numar\\\/\",\"name\":\"NUMAR-SCB\",\"description\":\"N\u00facleo Maringaense da Sociedade Criacionista Brasileira\",\"publisher\":{\"@id\":\"https:\\\/\\\/scb.org.br\\\/numar\\\/#organization\"},\"potentialAction\":[{\"@type\":\"SearchAction\",\"target\":{\"@type\":\"EntryPoint\",\"urlTemplate\":\"https:\\\/\\\/scb.org.br\\\/numar\\\/?s={search_term_string}\"},\"query-input\":{\"@type\":\"PropertyValueSpecification\",\"valueRequired\":true,\"valueName\":\"search_term_string\"}}],\"inLanguage\":\"pt-BR\"},{\"@type\":\"Organization\",\"@id\":\"https:\\\/\\\/scb.org.br\\\/numar\\\/#organization\",\"name\":\"NUMAR-SCB - N\u00facleo Maringaense da Sociedade Criacionista Brasileira\",\"url\":\"https:\\\/\\\/scb.org.br\\\/numar\\\/\",\"logo\":{\"@type\":\"ImageObject\",\"inLanguage\":\"pt-BR\",\"@id\":\"https:\\\/\\\/scb.org.br\\\/numar\\\/#\\\/schema\\\/logo\\\/image\\\/\",\"url\":\"https:\\\/\\\/scb.org.br\\\/numar\\\/wp-content\\\/uploads\\\/sites\\\/6\\\/2020\\\/05\\\/logo-1.png\",\"contentUrl\":\"https:\\\/\\\/scb.org.br\\\/numar\\\/wp-content\\\/uploads\\\/sites\\\/6\\\/2020\\\/05\\\/logo-1.png\",\"width\":248,\"height\":263,\"caption\":\"NUMAR-SCB - N\u00facleo Maringaense da Sociedade Criacionista Brasileira\"},\"image\":{\"@id\":\"https:\\\/\\\/scb.org.br\\\/numar\\\/#\\\/schema\\\/logo\\\/image\\\/\"}}]}<\/script>\n<!-- \/ Yoast SEO plugin. -->","yoast_head_json":{"title":"Imers\u00e3o ao Criacionismo (M\u00f3dulo II) - NUMAR-SCB","robots":{"index":"index","follow":"follow","max-snippet":"max-snippet:-1","max-image-preview":"max-image-preview:large","max-video-preview":"max-video-preview:-1"},"canonical":"https:\/\/scb.org.br\/numar\/loja\/eventos\/imersao\/","og_locale":"pt_BR","og_type":"article","og_title":"Imers\u00e3o ao Criacionismo (M\u00f3dulo II) - NUMAR-SCB","og_description":"PROGRAMA IMERS\u00c3O (Vagas Limitadas!) Como criacionistas temos a preocupa\u00e7\u00e3o em promover o conhecimento pleno da verdade, valendo-nos n\u00e3o s\u00f3 dos textos b\u00edblicos mas das evid\u00eancias cient\u00edficas. Essa \u00e9 a raz\u00e3o do porque o criacionismo enfatiza an\u00e1lise de resultados provenientes das diferentes \u00e1reas do conhecimento, sem descartar nenhuma evid\u00eancia que, porventura, venha, aparentemente, contradizer a premissa [&hellip;]","og_url":"https:\/\/scb.org.br\/numar\/loja\/eventos\/imersao\/","og_site_name":"NUMAR-SCB","og_image":[{"width":1152,"height":648,"url":"https:\/\/scb.org.br\/numar\/wp-content\/uploads\/sites\/6\/2018\/11\/Programa-Imers\u00e3o-Modulo-2.jpg","type":"image\/jpeg"}],"twitter_card":"summary_large_image","twitter_misc":{"Est. tempo de leitura":"2 minutos"},"schema":{"@context":"https:\/\/schema.org","@graph":[{"@type":"WebPage","@id":"https:\/\/scb.org.br\/numar\/loja\/eventos\/imersao\/","url":"https:\/\/scb.org.br\/numar\/loja\/eventos\/imersao\/","name":"Imers\u00e3o ao Criacionismo (M\u00f3dulo II) - NUMAR-SCB","isPartOf":{"@id":"https:\/\/scb.org.br\/numar\/#website"},"primaryImageOfPage":{"@id":"https:\/\/scb.org.br\/numar\/loja\/eventos\/imersao\/#primaryimage"},"image":{"@id":"https:\/\/scb.org.br\/numar\/loja\/eventos\/imersao\/#primaryimage"},"thumbnailUrl":"https:\/\/scb.org.br\/numar\/wp-content\/uploads\/sites\/6\/2018\/11\/Programa-Imers\u00e3o-Modulo-2.jpg","datePublished":"2018-11-22T20:31:41+00:00","breadcrumb":{"@id":"https:\/\/scb.org.br\/numar\/loja\/eventos\/imersao\/#breadcrumb"},"inLanguage":"pt-BR","potentialAction":[{"@type":"ReadAction","target":["https:\/\/scb.org.br\/numar\/loja\/eventos\/imersao\/"]}]},{"@type":"ImageObject","inLanguage":"pt-BR","@id":"https:\/\/scb.org.br\/numar\/loja\/eventos\/imersao\/#primaryimage","url":"https:\/\/scb.org.br\/numar\/wp-content\/uploads\/sites\/6\/2018\/11\/Programa-Imers\u00e3o-Modulo-2.jpg","contentUrl":"https:\/\/scb.org.br\/numar\/wp-content\/uploads\/sites\/6\/2018\/11\/Programa-Imers\u00e3o-Modulo-2.jpg","width":1152,"height":648},{"@type":"BreadcrumbList","@id":"https:\/\/scb.org.br\/numar\/loja\/eventos\/imersao\/#breadcrumb","itemListElement":[{"@type":"ListItem","position":1,"name":"P\u00e1gina Inicial","item":"https:\/\/scb.org.br\/numar\/"},{"@type":"ListItem","position":2,"name":"Loja","item":"https:\/\/scb.org.br\/numar\/loja\/"},{"@type":"ListItem","position":3,"name":"Imers\u00e3o ao Criacionismo (M\u00f3dulo II)"}]},{"@type":"WebSite","@id":"https:\/\/scb.org.br\/numar\/#website","url":"https:\/\/scb.org.br\/numar\/","name":"NUMAR-SCB","description":"N\u00facleo Maringaense da Sociedade Criacionista Brasileira","publisher":{"@id":"https:\/\/scb.org.br\/numar\/#organization"},"potentialAction":[{"@type":"SearchAction","target":{"@type":"EntryPoint","urlTemplate":"https:\/\/scb.org.br\/numar\/?s={search_term_string}"},"query-input":{"@type":"PropertyValueSpecification","valueRequired":true,"valueName":"search_term_string"}}],"inLanguage":"pt-BR"},{"@type":"Organization","@id":"https:\/\/scb.org.br\/numar\/#organization","name":"NUMAR-SCB - N\u00facleo Maringaense da Sociedade Criacionista Brasileira","url":"https:\/\/scb.org.br\/numar\/","logo":{"@type":"ImageObject","inLanguage":"pt-BR","@id":"https:\/\/scb.org.br\/numar\/#\/schema\/logo\/image\/","url":"https:\/\/scb.org.br\/numar\/wp-content\/uploads\/sites\/6\/2020\/05\/logo-1.png","contentUrl":"https:\/\/scb.org.br\/numar\/wp-content\/uploads\/sites\/6\/2020\/05\/logo-1.png","width":248,"height":263,"caption":"NUMAR-SCB - N\u00facleo Maringaense da Sociedade Criacionista Brasileira"},"image":{"@id":"https:\/\/scb.org.br\/numar\/#\/schema\/logo\/image\/"}}]}},"_links":{"self":[{"href":"https:\/\/scb.org.br\/numar\/wp-json\/wp\/v2\/product\/2463","targetHints":{"allow":["GET"]}}],"collection":[{"href":"https:\/\/scb.org.br\/numar\/wp-json\/wp\/v2\/product"}],"about":[{"href":"https:\/\/scb.org.br\/numar\/wp-json\/wp\/v2\/types\/product"}],"wp:featuredmedia":[{"embeddable":true,"href":"https:\/\/scb.org.br\/numar\/wp-json\/wp\/v2\/media\/2464"}],"wp:attachment":[{"href":"https:\/\/scb.org.br\/numar\/wp-json\/wp\/v2\/media?parent=2463"}],"wp:term":[{"taxonomy":"product_brand","embeddable":true,"href":"https:\/\/scb.org.br\/numar\/wp-json\/wp\/v2\/product_brand?post=2463"},{"taxonomy":"product_cat","embeddable":true,"href":"https:\/\/scb.org.br\/numar\/wp-json\/wp\/v2\/product_cat?post=2463"},{"taxonomy":"product_tag","embeddable":true,"href":"https:\/\/scb.org.br\/numar\/wp-json\/wp\/v2\/product_tag?post=2463"}],"curies":[{"name":"wp","href":"https:\/\/api.w.org\/{rel}","templated":true}]}}