{"id":2343,"date":"2018-09-27T19:42:38","date_gmt":"2018-09-27T22:42:38","guid":{"rendered":"https:\/\/numar.scb.org.br\/?post_type=product&amp;p=2343"},"modified":"2018-09-27T19:42:38","modified_gmt":"2018-09-27T22:42:38","slug":"simposio-universitario-revisitando-as-origens","status":"publish","type":"product","link":"https:\/\/scb.org.br\/numar\/loja\/eventos\/simposio-universitario-revisitando-as-origens\/","title":{"rendered":"Simp\u00f3sio Universit\u00e1rio - Revisitando as Origens (apresentar 1kg de alimento)"},"content":{"rendered":"<p><b>Inscri\u00e7\u00f5es Diretamente no Guich\u00ea\u00a0do Evento<\/b><\/p>\n<p><strong>Simp\u00f3sio Universit\u00e1rio - Revisitando as Origens<\/strong><\/p>\n<p>Data: 10\/11\/2018<\/p>\n<p>Hor\u00e1rio: 9 horas as 12: 00 horas ,15:30 as 19:30 horas<\/p>\n<p>Local: Unioeste<\/p>\n<p>Rua Universitaria n.2069, Universitario,Cascavel - PR<\/p>\n<p><strong>Realiza\u00e7\u00e3o<\/strong><br \/>\nN\u00facleo Maringaense da Sociedade Criacionista Brasileira - Numar-SCB<\/p>\n<p style=\"text-align: justify\">As investiga\u00e7\u00f5es sobre a origem da vida s\u00e3o um tema crescente e atual no meio acad\u00eamico. Teorias t\u00eam sido significativamente questionadas, como a teoria da evolu\u00e7\u00e3o qu\u00edmica como proposta para a origem da vida e a poss\u00edvel ancestralidade comum entre o homem e primatas. O evento ser\u00e1 realizado pelo\u00a0N\u00facleo Maringaense da Sociedade Criacionista Brasileira (NUMAR-SCB) e contar\u00e1 com palestrantes nacionais e internacionais conceituados na \u00e1rea da educa\u00e7\u00e3o.<\/p>\n<p><strong>Palestrantes confirmados:<\/strong><\/p>\n<p>Dr. Marcio Fraiberg<\/p>\n<p>Dr. Ramon Perez<\/p>\n<p>Dr.Thiago de Melo Costa Pereira<\/p>\n<p>Dra. Debora Santana<\/p>\n<p>MS.c Everton Fernando Alves<\/p>\n<p>B.sc Danilo Camargo<\/p>\n<p><span style=\"color: #ff0000\">Valor de Inscri\u00e7\u00e3o: 1 kg de Alimento n\u00e3o perec\u00edvel<\/span><\/p>\n<p><span style=\"color: #ff0000\">Emiss\u00e3o de certificado mediante ao pagamento de Taxa<\/span><\/p>\n<p>Inscri\u00e7\u00e3o tamb\u00e9m aceita por e-mail (mediante confirma\u00e7\u00e3o). Deposito em conta Bancaria (Dados Banc\u00e1rios: Banco do Brasil, Ag\u00eancia 3512-2,cc 37868 - 2,CNPJ: 29.175.089\/0001-09, Favorecido: Associa\u00e7\u00e3o Educacional Criacionista no Brasil - n\u00facleo Maringaense da Sociedade Criacionista Brasileira, enviar comprovante de deposito e nome completo para e-mail: numar.scb@gmail.com)<\/p>\n<p>&nbsp;<\/p>\n","protected":false},"excerpt":{"rendered":"<p>Inscri\u00e7\u00f5es Diretamente no Guich\u00ea\u00a0do Evento Simp\u00f3sio Universit\u00e1rio - Revisitando as Origens Data: 10\/11\/2018 Hor\u00e1rio: 9 horas as 12: 00 horas ,15:30 as 19:30 horas Local: Unioeste Rua Universitaria n.2069, Universitario,Cascavel - PR Realiza\u00e7\u00e3o N\u00facleo Maringaense da Sociedade Criacionista Brasileira - Numar-SCB As investiga\u00e7\u00f5es sobre a origem da vida s\u00e3o um tema crescente e atual no [&hellip;]<\/p>\n","protected":false},"featured_media":2409,"template":"","meta":{"_acf_changed":false,"om_disable_all_campaigns":false},"product_brand":[],"product_cat":[249],"product_tag":[280,253,281,282,283,284,271,247,285,286,287,288,258,289,290,251,291],"class_list":{"0":"post-2343","1":"product","2":"type-product","3":"status-publish","4":"has-post-thumbnail","6":"product_cat-eventos","7":"product_tag-biologia","8":"product_tag-ciencia","9":"product_tag-cientificismo","10":"product_tag-complexidade-da-vida","11":"product_tag-congresso","12":"product_tag-corpo-humano","13":"product_tag-cosmovisao","14":"product_tag-criacionismo","15":"product_tag-encontro","16":"product_tag-encontro-cientifico","17":"product_tag-evento-cientifico","18":"product_tag-filosofia","19":"product_tag-origem-da-vida","20":"product_tag-origens","21":"product_tag-paleontologia","22":"product_tag-simposio","23":"product_tag-simposio-universitario","24":"product_shipping_class-frete-gratuito","26":"first","27":"outofstock","28":"shipping-taxable","29":"purchasable","30":"product-type-variable"},"acf":[],"yoast_head":"<!-- This site is optimized with the Yoast SEO plugin v27.3 - https:\/\/yoast.com\/product\/yoast-seo-wordpress\/ -->\n<title>Simp\u00f3sio Universit\u00e1rio - Revisitando as Origens (apresentar 1kg de alimento) - NUMAR-SCB<\/title>\n<meta name=\"robots\" content=\"index, follow, max-snippet:-1, max-image-preview:large, max-video-preview:-1\" \/>\n<link rel=\"canonical\" href=\"https:\/\/scb.org.br\/numar\/loja\/eventos\/simposio-universitario-revisitando-as-origens\/\" \/>\n<meta property=\"og:locale\" content=\"pt_BR\" \/>\n<meta property=\"og:type\" content=\"article\" \/>\n<meta property=\"og:title\" content=\"Simp\u00f3sio Universit\u00e1rio - Revisitando as Origens (apresentar 1kg de alimento) - NUMAR-SCB\" \/>\n<meta property=\"og:description\" content=\"Inscri\u00e7\u00f5es Diretamente no Guich\u00ea\u00a0do Evento Simp\u00f3sio Universit\u00e1rio - Revisitando as Origens Data: 10\/11\/2018 Hor\u00e1rio: 9 horas as 12: 00 horas ,15:30 as 19:30 horas Local: Unioeste Rua Universitaria n.2069, Universitario,Cascavel - PR Realiza\u00e7\u00e3o N\u00facleo Maringaense da Sociedade Criacionista Brasileira - Numar-SCB As investiga\u00e7\u00f5es sobre a origem da vida s\u00e3o um tema crescente e atual no [&hellip;]\" \/>\n<meta property=\"og:url\" content=\"https:\/\/scb.org.br\/numar\/loja\/eventos\/simposio-universitario-revisitando-as-origens\/\" \/>\n<meta property=\"og:site_name\" content=\"NUMAR-SCB\" \/>\n<meta property=\"og:image\" content=\"https:\/\/scb.org.br\/numar\/wp-content\/uploads\/sites\/6\/2018\/09\/whatsapp-1.jpg\" \/>\n\t<meta property=\"og:image:width\" content=\"1000\" \/>\n\t<meta property=\"og:image:height\" content=\"1414\" \/>\n\t<meta property=\"og:image:type\" content=\"image\/jpeg\" \/>\n<meta name=\"twitter:card\" content=\"summary_large_image\" \/>\n<meta name=\"twitter:label1\" content=\"Est. tempo de leitura\" \/>\n\t<meta name=\"twitter:data1\" content=\"1 minuto\" \/>\n<script type=\"application\/ld+json\" class=\"yoast-schema-graph\">{\"@context\":\"https:\\\/\\\/schema.org\",\"@graph\":[{\"@type\":\"WebPage\",\"@id\":\"https:\\\/\\\/scb.org.br\\\/numar\\\/loja\\\/eventos\\\/simposio-universitario-revisitando-as-origens\\\/\",\"url\":\"https:\\\/\\\/scb.org.br\\\/numar\\\/loja\\\/eventos\\\/simposio-universitario-revisitando-as-origens\\\/\",\"name\":\"Simp\u00f3sio Universit\u00e1rio - Revisitando as Origens (apresentar 1kg de alimento) - NUMAR-SCB\",\"isPartOf\":{\"@id\":\"https:\\\/\\\/scb.org.br\\\/numar\\\/#website\"},\"primaryImageOfPage\":{\"@id\":\"https:\\\/\\\/scb.org.br\\\/numar\\\/loja\\\/eventos\\\/simposio-universitario-revisitando-as-origens\\\/#primaryimage\"},\"image\":{\"@id\":\"https:\\\/\\\/scb.org.br\\\/numar\\\/loja\\\/eventos\\\/simposio-universitario-revisitando-as-origens\\\/#primaryimage\"},\"thumbnailUrl\":\"https:\\\/\\\/scb.org.br\\\/numar\\\/wp-content\\\/uploads\\\/sites\\\/6\\\/2018\\\/09\\\/whatsapp-1.jpg\",\"datePublished\":\"2018-09-27T22:42:38+00:00\",\"breadcrumb\":{\"@id\":\"https:\\\/\\\/scb.org.br\\\/numar\\\/loja\\\/eventos\\\/simposio-universitario-revisitando-as-origens\\\/#breadcrumb\"},\"inLanguage\":\"pt-BR\",\"potentialAction\":[{\"@type\":\"ReadAction\",\"target\":[\"https:\\\/\\\/scb.org.br\\\/numar\\\/loja\\\/eventos\\\/simposio-universitario-revisitando-as-origens\\\/\"]}]},{\"@type\":\"ImageObject\",\"inLanguage\":\"pt-BR\",\"@id\":\"https:\\\/\\\/scb.org.br\\\/numar\\\/loja\\\/eventos\\\/simposio-universitario-revisitando-as-origens\\\/#primaryimage\",\"url\":\"https:\\\/\\\/scb.org.br\\\/numar\\\/wp-content\\\/uploads\\\/sites\\\/6\\\/2018\\\/09\\\/whatsapp-1.jpg\",\"contentUrl\":\"https:\\\/\\\/scb.org.br\\\/numar\\\/wp-content\\\/uploads\\\/sites\\\/6\\\/2018\\\/09\\\/whatsapp-1.jpg\",\"width\":1000,\"height\":1414},{\"@type\":\"BreadcrumbList\",\"@id\":\"https:\\\/\\\/scb.org.br\\\/numar\\\/loja\\\/eventos\\\/simposio-universitario-revisitando-as-origens\\\/#breadcrumb\",\"itemListElement\":[{\"@type\":\"ListItem\",\"position\":1,\"name\":\"P\u00e1gina Inicial\",\"item\":\"https:\\\/\\\/scb.org.br\\\/numar\\\/\"},{\"@type\":\"ListItem\",\"position\":2,\"name\":\"Loja\",\"item\":\"https:\\\/\\\/scb.org.br\\\/numar\\\/loja\\\/\"},{\"@type\":\"ListItem\",\"position\":3,\"name\":\"Simp\u00f3sio Universit\u00e1rio - Revisitando as Origens (apresentar 1kg de alimento)\"}]},{\"@type\":\"WebSite\",\"@id\":\"https:\\\/\\\/scb.org.br\\\/numar\\\/#website\",\"url\":\"https:\\\/\\\/scb.org.br\\\/numar\\\/\",\"name\":\"NUMAR-SCB\",\"description\":\"N\u00facleo Maringaense da Sociedade Criacionista Brasileira\",\"publisher\":{\"@id\":\"https:\\\/\\\/scb.org.br\\\/numar\\\/#organization\"},\"potentialAction\":[{\"@type\":\"SearchAction\",\"target\":{\"@type\":\"EntryPoint\",\"urlTemplate\":\"https:\\\/\\\/scb.org.br\\\/numar\\\/?s={search_term_string}\"},\"query-input\":{\"@type\":\"PropertyValueSpecification\",\"valueRequired\":true,\"valueName\":\"search_term_string\"}}],\"inLanguage\":\"pt-BR\"},{\"@type\":\"Organization\",\"@id\":\"https:\\\/\\\/scb.org.br\\\/numar\\\/#organization\",\"name\":\"NUMAR-SCB - N\u00facleo Maringaense da Sociedade Criacionista Brasileira\",\"url\":\"https:\\\/\\\/scb.org.br\\\/numar\\\/\",\"logo\":{\"@type\":\"ImageObject\",\"inLanguage\":\"pt-BR\",\"@id\":\"https:\\\/\\\/scb.org.br\\\/numar\\\/#\\\/schema\\\/logo\\\/image\\\/\",\"url\":\"https:\\\/\\\/scb.org.br\\\/numar\\\/wp-content\\\/uploads\\\/sites\\\/6\\\/2020\\\/05\\\/logo-1.png\",\"contentUrl\":\"https:\\\/\\\/scb.org.br\\\/numar\\\/wp-content\\\/uploads\\\/sites\\\/6\\\/2020\\\/05\\\/logo-1.png\",\"width\":248,\"height\":263,\"caption\":\"NUMAR-SCB - N\u00facleo Maringaense da Sociedade Criacionista Brasileira\"},\"image\":{\"@id\":\"https:\\\/\\\/scb.org.br\\\/numar\\\/#\\\/schema\\\/logo\\\/image\\\/\"}}]}<\/script>\n<!-- \/ Yoast SEO plugin. -->","yoast_head_json":{"title":"Simp\u00f3sio Universit\u00e1rio - Revisitando as Origens (apresentar 1kg de alimento) - NUMAR-SCB","robots":{"index":"index","follow":"follow","max-snippet":"max-snippet:-1","max-image-preview":"max-image-preview:large","max-video-preview":"max-video-preview:-1"},"canonical":"https:\/\/scb.org.br\/numar\/loja\/eventos\/simposio-universitario-revisitando-as-origens\/","og_locale":"pt_BR","og_type":"article","og_title":"Simp\u00f3sio Universit\u00e1rio - Revisitando as Origens (apresentar 1kg de alimento) - NUMAR-SCB","og_description":"Inscri\u00e7\u00f5es Diretamente no Guich\u00ea\u00a0do Evento Simp\u00f3sio Universit\u00e1rio - Revisitando as Origens Data: 10\/11\/2018 Hor\u00e1rio: 9 horas as 12: 00 horas ,15:30 as 19:30 horas Local: Unioeste Rua Universitaria n.2069, Universitario,Cascavel - PR Realiza\u00e7\u00e3o N\u00facleo Maringaense da Sociedade Criacionista Brasileira - Numar-SCB As investiga\u00e7\u00f5es sobre a origem da vida s\u00e3o um tema crescente e atual no [&hellip;]","og_url":"https:\/\/scb.org.br\/numar\/loja\/eventos\/simposio-universitario-revisitando-as-origens\/","og_site_name":"NUMAR-SCB","og_image":[{"width":1000,"height":1414,"url":"https:\/\/scb.org.br\/numar\/wp-content\/uploads\/sites\/6\/2018\/09\/whatsapp-1.jpg","type":"image\/jpeg"}],"twitter_card":"summary_large_image","twitter_misc":{"Est. tempo de leitura":"1 minuto"},"schema":{"@context":"https:\/\/schema.org","@graph":[{"@type":"WebPage","@id":"https:\/\/scb.org.br\/numar\/loja\/eventos\/simposio-universitario-revisitando-as-origens\/","url":"https:\/\/scb.org.br\/numar\/loja\/eventos\/simposio-universitario-revisitando-as-origens\/","name":"Simp\u00f3sio Universit\u00e1rio - Revisitando as Origens (apresentar 1kg de alimento) - NUMAR-SCB","isPartOf":{"@id":"https:\/\/scb.org.br\/numar\/#website"},"primaryImageOfPage":{"@id":"https:\/\/scb.org.br\/numar\/loja\/eventos\/simposio-universitario-revisitando-as-origens\/#primaryimage"},"image":{"@id":"https:\/\/scb.org.br\/numar\/loja\/eventos\/simposio-universitario-revisitando-as-origens\/#primaryimage"},"thumbnailUrl":"https:\/\/scb.org.br\/numar\/wp-content\/uploads\/sites\/6\/2018\/09\/whatsapp-1.jpg","datePublished":"2018-09-27T22:42:38+00:00","breadcrumb":{"@id":"https:\/\/scb.org.br\/numar\/loja\/eventos\/simposio-universitario-revisitando-as-origens\/#breadcrumb"},"inLanguage":"pt-BR","potentialAction":[{"@type":"ReadAction","target":["https:\/\/scb.org.br\/numar\/loja\/eventos\/simposio-universitario-revisitando-as-origens\/"]}]},{"@type":"ImageObject","inLanguage":"pt-BR","@id":"https:\/\/scb.org.br\/numar\/loja\/eventos\/simposio-universitario-revisitando-as-origens\/#primaryimage","url":"https:\/\/scb.org.br\/numar\/wp-content\/uploads\/sites\/6\/2018\/09\/whatsapp-1.jpg","contentUrl":"https:\/\/scb.org.br\/numar\/wp-content\/uploads\/sites\/6\/2018\/09\/whatsapp-1.jpg","width":1000,"height":1414},{"@type":"BreadcrumbList","@id":"https:\/\/scb.org.br\/numar\/loja\/eventos\/simposio-universitario-revisitando-as-origens\/#breadcrumb","itemListElement":[{"@type":"ListItem","position":1,"name":"P\u00e1gina Inicial","item":"https:\/\/scb.org.br\/numar\/"},{"@type":"ListItem","position":2,"name":"Loja","item":"https:\/\/scb.org.br\/numar\/loja\/"},{"@type":"ListItem","position":3,"name":"Simp\u00f3sio Universit\u00e1rio - Revisitando as Origens (apresentar 1kg de alimento)"}]},{"@type":"WebSite","@id":"https:\/\/scb.org.br\/numar\/#website","url":"https:\/\/scb.org.br\/numar\/","name":"NUMAR-SCB","description":"N\u00facleo Maringaense da Sociedade Criacionista Brasileira","publisher":{"@id":"https:\/\/scb.org.br\/numar\/#organization"},"potentialAction":[{"@type":"SearchAction","target":{"@type":"EntryPoint","urlTemplate":"https:\/\/scb.org.br\/numar\/?s={search_term_string}"},"query-input":{"@type":"PropertyValueSpecification","valueRequired":true,"valueName":"search_term_string"}}],"inLanguage":"pt-BR"},{"@type":"Organization","@id":"https:\/\/scb.org.br\/numar\/#organization","name":"NUMAR-SCB - N\u00facleo Maringaense da Sociedade Criacionista Brasileira","url":"https:\/\/scb.org.br\/numar\/","logo":{"@type":"ImageObject","inLanguage":"pt-BR","@id":"https:\/\/scb.org.br\/numar\/#\/schema\/logo\/image\/","url":"https:\/\/scb.org.br\/numar\/wp-content\/uploads\/sites\/6\/2020\/05\/logo-1.png","contentUrl":"https:\/\/scb.org.br\/numar\/wp-content\/uploads\/sites\/6\/2020\/05\/logo-1.png","width":248,"height":263,"caption":"NUMAR-SCB - N\u00facleo Maringaense da Sociedade Criacionista Brasileira"},"image":{"@id":"https:\/\/scb.org.br\/numar\/#\/schema\/logo\/image\/"}}]}},"_links":{"self":[{"href":"https:\/\/scb.org.br\/numar\/wp-json\/wp\/v2\/product\/2343","targetHints":{"allow":["GET"]}}],"collection":[{"href":"https:\/\/scb.org.br\/numar\/wp-json\/wp\/v2\/product"}],"about":[{"href":"https:\/\/scb.org.br\/numar\/wp-json\/wp\/v2\/types\/product"}],"wp:featuredmedia":[{"embeddable":true,"href":"https:\/\/scb.org.br\/numar\/wp-json\/wp\/v2\/media\/2409"}],"wp:attachment":[{"href":"https:\/\/scb.org.br\/numar\/wp-json\/wp\/v2\/media?parent=2343"}],"wp:term":[{"taxonomy":"product_brand","embeddable":true,"href":"https:\/\/scb.org.br\/numar\/wp-json\/wp\/v2\/product_brand?post=2343"},{"taxonomy":"product_cat","embeddable":true,"href":"https:\/\/scb.org.br\/numar\/wp-json\/wp\/v2\/product_cat?post=2343"},{"taxonomy":"product_tag","embeddable":true,"href":"https:\/\/scb.org.br\/numar\/wp-json\/wp\/v2\/product_tag?post=2343"}],"curies":[{"name":"wp","href":"https:\/\/api.w.org\/{rel}","templated":true}]}}