{"id":2280,"date":"2018-08-31T15:05:00","date_gmt":"2018-08-31T18:05:00","guid":{"rendered":"https:\/\/numar.scb.org.br\/?post_type=product&amp;p=2280"},"modified":"2018-08-31T15:05:00","modified_gmt":"2018-08-31T18:05:00","slug":"i-simposio-criacionista-de-mambore-a-origem-da-vida-2","status":"publish","type":"product","link":"https:\/\/scb.org.br\/numar\/loja\/eventos\/i-simposio-criacionista-de-mambore-a-origem-da-vida-2\/","title":{"rendered":"I Simp\u00f3sio Criacionista de Mambor\u00ea - A Origem da Vida"},"content":{"rendered":"<p>I Simp\u00f3sio Criacionista de Mambor\u00ea - A Origem da Vida<\/p>\n<p>Data: 15\/09\/2018<\/p>\n<p>Hor\u00e1rio: 9:00 e 15:00 horas<\/p>\n<p>Local: Casa da Cultura<\/p>\n<p>Endere\u00e7o: Rua Adina, R. Edina Corr\u00eaa Cionek, 800, Mambor\u00ea - PR<\/p>\n<p>Realiza\u00e7\u00e3o<br \/>\nN\u00facleo Maringaense da Sociedade Criacionista Brasileira - Numar-SCB<\/p>\n<p>Palestrante: Everton Alves<\/p>\n<p><span style=\"color: #ff0000\">Com certificado<\/span><\/p>\n","protected":false},"excerpt":{"rendered":"<p>I Simp\u00f3sio Criacionista de Mambor\u00ea - A Origem da Vida Data: 15\/09\/2018 Hor\u00e1rio: 9:00 e 15:00 horas Local: Casa da Cultura Endere\u00e7o: Rua Adina, R. Edina Corr\u00eaa Cionek, 800, Mambor\u00ea - PR Realiza\u00e7\u00e3o N\u00facleo Maringaense da Sociedade Criacionista Brasileira - Numar-SCB Palestrante: Everton Alves Com certificado<\/p>\n","protected":false},"featured_media":2279,"template":"","meta":{"_acf_changed":false,"om_disable_all_campaigns":false},"product_brand":[],"product_cat":[249],"product_tag":[264,265,266],"class_list":{"0":"post-2280","1":"product","2":"type-product","3":"status-publish","4":"has-post-thumbnail","6":"product_cat-eventos","7":"product_tag-arte-de-falar-em-publico","8":"product_tag-falar-em-publico","9":"product_tag-oratoria","10":"product_shipping_class-frete-gratuito","12":"first","13":"outofstock","14":"shipping-taxable","15":"purchasable","16":"product-type-variable"},"acf":[],"yoast_head":"<!-- This site is optimized with the Yoast SEO plugin v27.3 - https:\/\/yoast.com\/product\/yoast-seo-wordpress\/ -->\n<title>I Simp\u00f3sio Criacionista de Mambor\u00ea - A Origem da Vida - NUMAR-SCB<\/title>\n<meta name=\"robots\" content=\"index, follow, max-snippet:-1, max-image-preview:large, max-video-preview:-1\" \/>\n<link rel=\"canonical\" href=\"https:\/\/scb.org.br\/numar\/loja\/eventos\/i-simposio-criacionista-de-mambore-a-origem-da-vida-2\/\" \/>\n<meta property=\"og:locale\" content=\"pt_BR\" \/>\n<meta property=\"og:type\" content=\"article\" \/>\n<meta property=\"og:title\" content=\"I Simp\u00f3sio Criacionista de Mambor\u00ea - A Origem da Vida - NUMAR-SCB\" \/>\n<meta property=\"og:description\" content=\"I Simp\u00f3sio Criacionista de Mambor\u00ea - A Origem da Vida Data: 15\/09\/2018 Hor\u00e1rio: 9:00 e 15:00 horas Local: Casa da Cultura Endere\u00e7o: Rua Adina, R. Edina Corr\u00eaa Cionek, 800, Mambor\u00ea - PR Realiza\u00e7\u00e3o N\u00facleo Maringaense da Sociedade Criacionista Brasileira - Numar-SCB Palestrante: Everton Alves Com certificado\" \/>\n<meta property=\"og:url\" content=\"https:\/\/scb.org.br\/numar\/loja\/eventos\/i-simposio-criacionista-de-mambore-a-origem-da-vida-2\/\" \/>\n<meta property=\"og:site_name\" content=\"NUMAR-SCB\" \/>\n<meta property=\"og:image\" content=\"https:\/\/scb.org.br\/numar\/wp-content\/uploads\/sites\/6\/2018\/08\/I-Simposio-Criacionista-Mambore-1.jpg\" \/>\n\t<meta property=\"og:image:width\" content=\"774\" \/>\n\t<meta property=\"og:image:height\" content=\"492\" \/>\n\t<meta property=\"og:image:type\" content=\"image\/jpeg\" \/>\n<meta name=\"twitter:card\" content=\"summary_large_image\" \/>\n<script type=\"application\/ld+json\" class=\"yoast-schema-graph\">{\"@context\":\"https:\\\/\\\/schema.org\",\"@graph\":[{\"@type\":\"WebPage\",\"@id\":\"https:\\\/\\\/scb.org.br\\\/numar\\\/loja\\\/eventos\\\/i-simposio-criacionista-de-mambore-a-origem-da-vida-2\\\/\",\"url\":\"https:\\\/\\\/scb.org.br\\\/numar\\\/loja\\\/eventos\\\/i-simposio-criacionista-de-mambore-a-origem-da-vida-2\\\/\",\"name\":\"I Simp\u00f3sio Criacionista de Mambor\u00ea - A Origem da Vida - NUMAR-SCB\",\"isPartOf\":{\"@id\":\"https:\\\/\\\/scb.org.br\\\/numar\\\/#website\"},\"primaryImageOfPage\":{\"@id\":\"https:\\\/\\\/scb.org.br\\\/numar\\\/loja\\\/eventos\\\/i-simposio-criacionista-de-mambore-a-origem-da-vida-2\\\/#primaryimage\"},\"image\":{\"@id\":\"https:\\\/\\\/scb.org.br\\\/numar\\\/loja\\\/eventos\\\/i-simposio-criacionista-de-mambore-a-origem-da-vida-2\\\/#primaryimage\"},\"thumbnailUrl\":\"https:\\\/\\\/scb.org.br\\\/numar\\\/wp-content\\\/uploads\\\/sites\\\/6\\\/2018\\\/08\\\/I-Simposio-Criacionista-Mambore-1.jpg\",\"datePublished\":\"2018-08-31T18:05:00+00:00\",\"breadcrumb\":{\"@id\":\"https:\\\/\\\/scb.org.br\\\/numar\\\/loja\\\/eventos\\\/i-simposio-criacionista-de-mambore-a-origem-da-vida-2\\\/#breadcrumb\"},\"inLanguage\":\"pt-BR\",\"potentialAction\":[{\"@type\":\"ReadAction\",\"target\":[\"https:\\\/\\\/scb.org.br\\\/numar\\\/loja\\\/eventos\\\/i-simposio-criacionista-de-mambore-a-origem-da-vida-2\\\/\"]}]},{\"@type\":\"ImageObject\",\"inLanguage\":\"pt-BR\",\"@id\":\"https:\\\/\\\/scb.org.br\\\/numar\\\/loja\\\/eventos\\\/i-simposio-criacionista-de-mambore-a-origem-da-vida-2\\\/#primaryimage\",\"url\":\"https:\\\/\\\/scb.org.br\\\/numar\\\/wp-content\\\/uploads\\\/sites\\\/6\\\/2018\\\/08\\\/I-Simposio-Criacionista-Mambore-1.jpg\",\"contentUrl\":\"https:\\\/\\\/scb.org.br\\\/numar\\\/wp-content\\\/uploads\\\/sites\\\/6\\\/2018\\\/08\\\/I-Simposio-Criacionista-Mambore-1.jpg\",\"width\":774,\"height\":492},{\"@type\":\"BreadcrumbList\",\"@id\":\"https:\\\/\\\/scb.org.br\\\/numar\\\/loja\\\/eventos\\\/i-simposio-criacionista-de-mambore-a-origem-da-vida-2\\\/#breadcrumb\",\"itemListElement\":[{\"@type\":\"ListItem\",\"position\":1,\"name\":\"P\u00e1gina Inicial\",\"item\":\"https:\\\/\\\/scb.org.br\\\/numar\\\/\"},{\"@type\":\"ListItem\",\"position\":2,\"name\":\"Loja\",\"item\":\"https:\\\/\\\/scb.org.br\\\/numar\\\/loja\\\/\"},{\"@type\":\"ListItem\",\"position\":3,\"name\":\"I Simp\u00f3sio Criacionista de Mambor\u00ea - A Origem da Vida\"}]},{\"@type\":\"WebSite\",\"@id\":\"https:\\\/\\\/scb.org.br\\\/numar\\\/#website\",\"url\":\"https:\\\/\\\/scb.org.br\\\/numar\\\/\",\"name\":\"NUMAR-SCB\",\"description\":\"N\u00facleo Maringaense da Sociedade Criacionista Brasileira\",\"publisher\":{\"@id\":\"https:\\\/\\\/scb.org.br\\\/numar\\\/#organization\"},\"potentialAction\":[{\"@type\":\"SearchAction\",\"target\":{\"@type\":\"EntryPoint\",\"urlTemplate\":\"https:\\\/\\\/scb.org.br\\\/numar\\\/?s={search_term_string}\"},\"query-input\":{\"@type\":\"PropertyValueSpecification\",\"valueRequired\":true,\"valueName\":\"search_term_string\"}}],\"inLanguage\":\"pt-BR\"},{\"@type\":\"Organization\",\"@id\":\"https:\\\/\\\/scb.org.br\\\/numar\\\/#organization\",\"name\":\"NUMAR-SCB - N\u00facleo Maringaense da Sociedade Criacionista Brasileira\",\"url\":\"https:\\\/\\\/scb.org.br\\\/numar\\\/\",\"logo\":{\"@type\":\"ImageObject\",\"inLanguage\":\"pt-BR\",\"@id\":\"https:\\\/\\\/scb.org.br\\\/numar\\\/#\\\/schema\\\/logo\\\/image\\\/\",\"url\":\"https:\\\/\\\/scb.org.br\\\/numar\\\/wp-content\\\/uploads\\\/sites\\\/6\\\/2020\\\/05\\\/logo-1.png\",\"contentUrl\":\"https:\\\/\\\/scb.org.br\\\/numar\\\/wp-content\\\/uploads\\\/sites\\\/6\\\/2020\\\/05\\\/logo-1.png\",\"width\":248,\"height\":263,\"caption\":\"NUMAR-SCB - N\u00facleo Maringaense da Sociedade Criacionista Brasileira\"},\"image\":{\"@id\":\"https:\\\/\\\/scb.org.br\\\/numar\\\/#\\\/schema\\\/logo\\\/image\\\/\"}}]}<\/script>\n<!-- \/ Yoast SEO plugin. -->","yoast_head_json":{"title":"I Simp\u00f3sio Criacionista de Mambor\u00ea - A Origem da Vida - NUMAR-SCB","robots":{"index":"index","follow":"follow","max-snippet":"max-snippet:-1","max-image-preview":"max-image-preview:large","max-video-preview":"max-video-preview:-1"},"canonical":"https:\/\/scb.org.br\/numar\/loja\/eventos\/i-simposio-criacionista-de-mambore-a-origem-da-vida-2\/","og_locale":"pt_BR","og_type":"article","og_title":"I Simp\u00f3sio Criacionista de Mambor\u00ea - A Origem da Vida - NUMAR-SCB","og_description":"I Simp\u00f3sio Criacionista de Mambor\u00ea - A Origem da Vida Data: 15\/09\/2018 Hor\u00e1rio: 9:00 e 15:00 horas Local: Casa da Cultura Endere\u00e7o: Rua Adina, R. Edina Corr\u00eaa Cionek, 800, Mambor\u00ea - PR Realiza\u00e7\u00e3o N\u00facleo Maringaense da Sociedade Criacionista Brasileira - Numar-SCB Palestrante: Everton Alves Com certificado","og_url":"https:\/\/scb.org.br\/numar\/loja\/eventos\/i-simposio-criacionista-de-mambore-a-origem-da-vida-2\/","og_site_name":"NUMAR-SCB","og_image":[{"width":774,"height":492,"url":"https:\/\/scb.org.br\/numar\/wp-content\/uploads\/sites\/6\/2018\/08\/I-Simposio-Criacionista-Mambore-1.jpg","type":"image\/jpeg"}],"twitter_card":"summary_large_image","schema":{"@context":"https:\/\/schema.org","@graph":[{"@type":"WebPage","@id":"https:\/\/scb.org.br\/numar\/loja\/eventos\/i-simposio-criacionista-de-mambore-a-origem-da-vida-2\/","url":"https:\/\/scb.org.br\/numar\/loja\/eventos\/i-simposio-criacionista-de-mambore-a-origem-da-vida-2\/","name":"I Simp\u00f3sio Criacionista de Mambor\u00ea - A Origem da Vida - NUMAR-SCB","isPartOf":{"@id":"https:\/\/scb.org.br\/numar\/#website"},"primaryImageOfPage":{"@id":"https:\/\/scb.org.br\/numar\/loja\/eventos\/i-simposio-criacionista-de-mambore-a-origem-da-vida-2\/#primaryimage"},"image":{"@id":"https:\/\/scb.org.br\/numar\/loja\/eventos\/i-simposio-criacionista-de-mambore-a-origem-da-vida-2\/#primaryimage"},"thumbnailUrl":"https:\/\/scb.org.br\/numar\/wp-content\/uploads\/sites\/6\/2018\/08\/I-Simposio-Criacionista-Mambore-1.jpg","datePublished":"2018-08-31T18:05:00+00:00","breadcrumb":{"@id":"https:\/\/scb.org.br\/numar\/loja\/eventos\/i-simposio-criacionista-de-mambore-a-origem-da-vida-2\/#breadcrumb"},"inLanguage":"pt-BR","potentialAction":[{"@type":"ReadAction","target":["https:\/\/scb.org.br\/numar\/loja\/eventos\/i-simposio-criacionista-de-mambore-a-origem-da-vida-2\/"]}]},{"@type":"ImageObject","inLanguage":"pt-BR","@id":"https:\/\/scb.org.br\/numar\/loja\/eventos\/i-simposio-criacionista-de-mambore-a-origem-da-vida-2\/#primaryimage","url":"https:\/\/scb.org.br\/numar\/wp-content\/uploads\/sites\/6\/2018\/08\/I-Simposio-Criacionista-Mambore-1.jpg","contentUrl":"https:\/\/scb.org.br\/numar\/wp-content\/uploads\/sites\/6\/2018\/08\/I-Simposio-Criacionista-Mambore-1.jpg","width":774,"height":492},{"@type":"BreadcrumbList","@id":"https:\/\/scb.org.br\/numar\/loja\/eventos\/i-simposio-criacionista-de-mambore-a-origem-da-vida-2\/#breadcrumb","itemListElement":[{"@type":"ListItem","position":1,"name":"P\u00e1gina Inicial","item":"https:\/\/scb.org.br\/numar\/"},{"@type":"ListItem","position":2,"name":"Loja","item":"https:\/\/scb.org.br\/numar\/loja\/"},{"@type":"ListItem","position":3,"name":"I Simp\u00f3sio Criacionista de Mambor\u00ea - A Origem da Vida"}]},{"@type":"WebSite","@id":"https:\/\/scb.org.br\/numar\/#website","url":"https:\/\/scb.org.br\/numar\/","name":"NUMAR-SCB","description":"N\u00facleo Maringaense da Sociedade Criacionista Brasileira","publisher":{"@id":"https:\/\/scb.org.br\/numar\/#organization"},"potentialAction":[{"@type":"SearchAction","target":{"@type":"EntryPoint","urlTemplate":"https:\/\/scb.org.br\/numar\/?s={search_term_string}"},"query-input":{"@type":"PropertyValueSpecification","valueRequired":true,"valueName":"search_term_string"}}],"inLanguage":"pt-BR"},{"@type":"Organization","@id":"https:\/\/scb.org.br\/numar\/#organization","name":"NUMAR-SCB - N\u00facleo Maringaense da Sociedade Criacionista Brasileira","url":"https:\/\/scb.org.br\/numar\/","logo":{"@type":"ImageObject","inLanguage":"pt-BR","@id":"https:\/\/scb.org.br\/numar\/#\/schema\/logo\/image\/","url":"https:\/\/scb.org.br\/numar\/wp-content\/uploads\/sites\/6\/2020\/05\/logo-1.png","contentUrl":"https:\/\/scb.org.br\/numar\/wp-content\/uploads\/sites\/6\/2020\/05\/logo-1.png","width":248,"height":263,"caption":"NUMAR-SCB - N\u00facleo Maringaense da Sociedade Criacionista Brasileira"},"image":{"@id":"https:\/\/scb.org.br\/numar\/#\/schema\/logo\/image\/"}}]}},"_links":{"self":[{"href":"https:\/\/scb.org.br\/numar\/wp-json\/wp\/v2\/product\/2280","targetHints":{"allow":["GET"]}}],"collection":[{"href":"https:\/\/scb.org.br\/numar\/wp-json\/wp\/v2\/product"}],"about":[{"href":"https:\/\/scb.org.br\/numar\/wp-json\/wp\/v2\/types\/product"}],"wp:featuredmedia":[{"embeddable":true,"href":"https:\/\/scb.org.br\/numar\/wp-json\/wp\/v2\/media\/2279"}],"wp:attachment":[{"href":"https:\/\/scb.org.br\/numar\/wp-json\/wp\/v2\/media?parent=2280"}],"wp:term":[{"taxonomy":"product_brand","embeddable":true,"href":"https:\/\/scb.org.br\/numar\/wp-json\/wp\/v2\/product_brand?post=2280"},{"taxonomy":"product_cat","embeddable":true,"href":"https:\/\/scb.org.br\/numar\/wp-json\/wp\/v2\/product_cat?post=2280"},{"taxonomy":"product_tag","embeddable":true,"href":"https:\/\/scb.org.br\/numar\/wp-json\/wp\/v2\/product_tag?post=2280"}],"curies":[{"name":"wp","href":"https:\/\/api.w.org\/{rel}","templated":true}]}}