{"id":2263,"date":"2018-07-23T11:22:59","date_gmt":"2018-07-23T14:22:59","guid":{"rendered":"https:\/\/numar.scb.org.br\/?post_type=product&amp;p=2263"},"modified":"2018-07-23T11:22:59","modified_gmt":"2018-07-23T14:22:59","slug":"onze-de-genesis","status":"publish","type":"product","link":"https:\/\/scb.org.br\/numar\/loja\/livros\/onze-de-genesis\/","title":{"rendered":"Onze de G\u00eanesis"},"content":{"rendered":"<p>O Criador teria deixado a assinatura de Sua interven\u00e7\u00e3o na natureza? Existem evid\u00eancias de uma cria\u00e7\u00e3o sobrenatural? \u00c9 poss\u00edvel mudar uma vis\u00e3o de mundo gra\u00e7as ao simples contato com essas evid\u00eancias? A f\u00e9 deve aceitar tudo sem verifica\u00e7\u00e3o, ou ela deve estar amparada em fatos e na raz\u00e3o? At\u00e9 onde vai a criatividade de um pai a fim de revelar-se a um filho por meio de vest\u00edgios de sua atua\u00e7\u00e3o? Essas e outras quest\u00f5es s\u00e3o respondidas em\u00a0<em>Onze de G\u00eanesis \u2013 De Pai para Filho<\/em>, uma obra na qual fic\u00e7\u00e3o e realidade se alternam a ponto de deixar o leitor atento do in\u00edcio ao fim da leitura.<\/p>\n<p><em>Onze de G\u00eanesis<\/em>\u00a0conta a hist\u00f3ria intensa e quase enigm\u00e1tica de um pai zeloso que deixa uma heran\u00e7a para o filho. No entanto, muitas d\u00favidas e questionamentos precisam de respostas. Depois da morte de seu pai, Gabriel Edelweiss volta \u00e0 sua cidade natal e o retorno traz grandes surpresas e muitas mudan\u00e7as. Em meio a tantos detalhes por resolver, Gabriel encontra pistas deixadas pelo pai que o levar\u00e3o a uma an\u00e1lise breve, por\u00e9m sistem\u00e1tica, verso por verso, dos onze primeiros cap\u00edtulos da B\u00edblia. Isso far\u00e1 com que ele inicie uma jornada de encontros consigo mesmo e com sua f\u00e9. Digitais deixadas por um pai criativo levam Gabriel a descobrir novos horizontes e a colocar em xeque antigos conceitos.<\/p>\n<p><em>Onze de G\u00eanesis<\/em>\u00a0apresenta ao leitor, de forma simples e quase po\u00e9tica, uma resposta sobre a verdadeira hist\u00f3ria de nossas origens. Acompanhe a jornada dos personagens numa aventura cheia de drama, amor e descobertas que poder\u00e3o mudar tamb\u00e9m a sua vida.<\/p>\n<p><strong>DADOS T\u00c9CNICOS<br \/>\n<\/strong>T\u00edtulo: Onze de G\u00eanesis, uma heran\u00e7a de pai para filho<br \/>\nAcabamento: Brochura<br \/>\nP\u00e1ginas: 228<br \/>\nDimens\u00f5es: 21 cm (A)\u00a014 cm (L)\u00a01.1 cm (P)<br \/>\nAno da edi\u00e7\u00e3o: 2018<br \/>\nC\u00f3digo de Barras:\u00a09788592434106<br \/>\nN\u00famero ISBN: 978-85-924341-0-6<\/p>\n<p><strong>SOBRE O AUTOR<br \/>\n<\/strong>\u00c9 administrador de empresas e p\u00f3s-graduando em Engenharia de Produ\u00e7\u00e3o. Fundador do projeto \u201cOnze de G\u00eanesis\u201d, o qual serviu como base para coleta de dados e escrita do livro que recebe o mesmo nome, \u00e9 tamb\u00e9m diretor executivo do N\u00facleo Blumenauense da Sociedade Criacionista Brasileira (NBLU-SCB) e membro do N\u00facleo Maringaense da SCB (Numar-SCB). Cofundador e editor associado da Origem em Revista, um peri\u00f3dico criacionista do tipo magazine, que divulga diversos assuntos relacionados \u00e0 origem da vida.<\/p>\n","protected":false},"excerpt":{"rendered":"<p>Pre\u00e7o especial. Aproveite!<\/p>\n","protected":false},"featured_media":2267,"template":"","meta":{"_acf_changed":false,"om_disable_all_campaigns":false},"product_brand":[],"product_cat":[257],"product_tag":[253,271,247,272],"class_list":{"0":"post-2263","1":"product","2":"type-product","3":"status-publish","4":"has-post-thumbnail","6":"product_cat-livros","7":"product_tag-ciencia","8":"product_tag-cosmovisao","9":"product_tag-criacionismo","10":"product_tag-genesis","11":"product_shipping_class-registro-modico","13":"first","14":"outofstock","15":"sale","16":"shipping-taxable","17":"purchasable","18":"product-type-simple"},"acf":[],"yoast_head":"<!-- This site is optimized with the Yoast SEO plugin v27.3 - https:\/\/yoast.com\/product\/yoast-seo-wordpress\/ -->\n<title>Onze de G\u00eanesis - NUMAR-SCB<\/title>\n<meta name=\"robots\" content=\"index, follow, max-snippet:-1, max-image-preview:large, max-video-preview:-1\" \/>\n<link rel=\"canonical\" href=\"https:\/\/scb.org.br\/numar\/loja\/livros\/onze-de-genesis\/\" \/>\n<meta property=\"og:locale\" content=\"pt_BR\" \/>\n<meta property=\"og:type\" content=\"article\" \/>\n<meta property=\"og:title\" content=\"Onze de G\u00eanesis - NUMAR-SCB\" \/>\n<meta property=\"og:description\" content=\"Pre\u00e7o especial. Aproveite!\" \/>\n<meta property=\"og:url\" content=\"https:\/\/scb.org.br\/numar\/loja\/livros\/onze-de-genesis\/\" \/>\n<meta property=\"og:site_name\" content=\"NUMAR-SCB\" \/>\n<meta property=\"og:image\" content=\"https:\/\/scb.org.br\/numar\/wp-content\/uploads\/sites\/6\/2018\/07\/WhatsApp-Image-2018-07-23-at-13.28.25-1.jpeg\" \/>\n\t<meta property=\"og:image:width\" content=\"600\" \/>\n\t<meta property=\"og:image:height\" content=\"600\" \/>\n\t<meta property=\"og:image:type\" content=\"image\/jpeg\" \/>\n<meta name=\"twitter:card\" content=\"summary_large_image\" \/>\n<meta name=\"twitter:label1\" content=\"Est. tempo de leitura\" \/>\n\t<meta name=\"twitter:data1\" content=\"2 minutos\" \/>\n<script type=\"application\/ld+json\" class=\"yoast-schema-graph\">{\"@context\":\"https:\\\/\\\/schema.org\",\"@graph\":[{\"@type\":\"WebPage\",\"@id\":\"https:\\\/\\\/scb.org.br\\\/numar\\\/loja\\\/livros\\\/onze-de-genesis\\\/\",\"url\":\"https:\\\/\\\/scb.org.br\\\/numar\\\/loja\\\/livros\\\/onze-de-genesis\\\/\",\"name\":\"Onze de G\u00eanesis - NUMAR-SCB\",\"isPartOf\":{\"@id\":\"https:\\\/\\\/scb.org.br\\\/numar\\\/#website\"},\"primaryImageOfPage\":{\"@id\":\"https:\\\/\\\/scb.org.br\\\/numar\\\/loja\\\/livros\\\/onze-de-genesis\\\/#primaryimage\"},\"image\":{\"@id\":\"https:\\\/\\\/scb.org.br\\\/numar\\\/loja\\\/livros\\\/onze-de-genesis\\\/#primaryimage\"},\"thumbnailUrl\":\"https:\\\/\\\/scb.org.br\\\/numar\\\/wp-content\\\/uploads\\\/sites\\\/6\\\/2018\\\/07\\\/WhatsApp-Image-2018-07-23-at-13.28.25-1.jpeg\",\"datePublished\":\"2018-07-23T14:22:59+00:00\",\"breadcrumb\":{\"@id\":\"https:\\\/\\\/scb.org.br\\\/numar\\\/loja\\\/livros\\\/onze-de-genesis\\\/#breadcrumb\"},\"inLanguage\":\"pt-BR\",\"potentialAction\":[{\"@type\":\"ReadAction\",\"target\":[\"https:\\\/\\\/scb.org.br\\\/numar\\\/loja\\\/livros\\\/onze-de-genesis\\\/\"]}]},{\"@type\":\"ImageObject\",\"inLanguage\":\"pt-BR\",\"@id\":\"https:\\\/\\\/scb.org.br\\\/numar\\\/loja\\\/livros\\\/onze-de-genesis\\\/#primaryimage\",\"url\":\"https:\\\/\\\/scb.org.br\\\/numar\\\/wp-content\\\/uploads\\\/sites\\\/6\\\/2018\\\/07\\\/WhatsApp-Image-2018-07-23-at-13.28.25-1.jpeg\",\"contentUrl\":\"https:\\\/\\\/scb.org.br\\\/numar\\\/wp-content\\\/uploads\\\/sites\\\/6\\\/2018\\\/07\\\/WhatsApp-Image-2018-07-23-at-13.28.25-1.jpeg\",\"width\":600,\"height\":600},{\"@type\":\"BreadcrumbList\",\"@id\":\"https:\\\/\\\/scb.org.br\\\/numar\\\/loja\\\/livros\\\/onze-de-genesis\\\/#breadcrumb\",\"itemListElement\":[{\"@type\":\"ListItem\",\"position\":1,\"name\":\"P\u00e1gina Inicial\",\"item\":\"https:\\\/\\\/scb.org.br\\\/numar\\\/\"},{\"@type\":\"ListItem\",\"position\":2,\"name\":\"Loja\",\"item\":\"https:\\\/\\\/scb.org.br\\\/numar\\\/loja\\\/\"},{\"@type\":\"ListItem\",\"position\":3,\"name\":\"Onze de G\u00eanesis\"}]},{\"@type\":\"WebSite\",\"@id\":\"https:\\\/\\\/scb.org.br\\\/numar\\\/#website\",\"url\":\"https:\\\/\\\/scb.org.br\\\/numar\\\/\",\"name\":\"NUMAR-SCB\",\"description\":\"N\u00facleo Maringaense da Sociedade Criacionista Brasileira\",\"publisher\":{\"@id\":\"https:\\\/\\\/scb.org.br\\\/numar\\\/#organization\"},\"potentialAction\":[{\"@type\":\"SearchAction\",\"target\":{\"@type\":\"EntryPoint\",\"urlTemplate\":\"https:\\\/\\\/scb.org.br\\\/numar\\\/?s={search_term_string}\"},\"query-input\":{\"@type\":\"PropertyValueSpecification\",\"valueRequired\":true,\"valueName\":\"search_term_string\"}}],\"inLanguage\":\"pt-BR\"},{\"@type\":\"Organization\",\"@id\":\"https:\\\/\\\/scb.org.br\\\/numar\\\/#organization\",\"name\":\"NUMAR-SCB - N\u00facleo Maringaense da Sociedade Criacionista Brasileira\",\"url\":\"https:\\\/\\\/scb.org.br\\\/numar\\\/\",\"logo\":{\"@type\":\"ImageObject\",\"inLanguage\":\"pt-BR\",\"@id\":\"https:\\\/\\\/scb.org.br\\\/numar\\\/#\\\/schema\\\/logo\\\/image\\\/\",\"url\":\"https:\\\/\\\/scb.org.br\\\/numar\\\/wp-content\\\/uploads\\\/sites\\\/6\\\/2020\\\/05\\\/logo-1.png\",\"contentUrl\":\"https:\\\/\\\/scb.org.br\\\/numar\\\/wp-content\\\/uploads\\\/sites\\\/6\\\/2020\\\/05\\\/logo-1.png\",\"width\":248,\"height\":263,\"caption\":\"NUMAR-SCB - N\u00facleo Maringaense da Sociedade Criacionista Brasileira\"},\"image\":{\"@id\":\"https:\\\/\\\/scb.org.br\\\/numar\\\/#\\\/schema\\\/logo\\\/image\\\/\"}}]}<\/script>\n<!-- \/ Yoast SEO plugin. -->","yoast_head_json":{"title":"Onze de G\u00eanesis - NUMAR-SCB","robots":{"index":"index","follow":"follow","max-snippet":"max-snippet:-1","max-image-preview":"max-image-preview:large","max-video-preview":"max-video-preview:-1"},"canonical":"https:\/\/scb.org.br\/numar\/loja\/livros\/onze-de-genesis\/","og_locale":"pt_BR","og_type":"article","og_title":"Onze de G\u00eanesis - NUMAR-SCB","og_description":"Pre\u00e7o especial. Aproveite!","og_url":"https:\/\/scb.org.br\/numar\/loja\/livros\/onze-de-genesis\/","og_site_name":"NUMAR-SCB","og_image":[{"width":600,"height":600,"url":"https:\/\/scb.org.br\/numar\/wp-content\/uploads\/sites\/6\/2018\/07\/WhatsApp-Image-2018-07-23-at-13.28.25-1.jpeg","type":"image\/jpeg"}],"twitter_card":"summary_large_image","twitter_misc":{"Est. tempo de leitura":"2 minutos"},"schema":{"@context":"https:\/\/schema.org","@graph":[{"@type":"WebPage","@id":"https:\/\/scb.org.br\/numar\/loja\/livros\/onze-de-genesis\/","url":"https:\/\/scb.org.br\/numar\/loja\/livros\/onze-de-genesis\/","name":"Onze de G\u00eanesis - NUMAR-SCB","isPartOf":{"@id":"https:\/\/scb.org.br\/numar\/#website"},"primaryImageOfPage":{"@id":"https:\/\/scb.org.br\/numar\/loja\/livros\/onze-de-genesis\/#primaryimage"},"image":{"@id":"https:\/\/scb.org.br\/numar\/loja\/livros\/onze-de-genesis\/#primaryimage"},"thumbnailUrl":"https:\/\/scb.org.br\/numar\/wp-content\/uploads\/sites\/6\/2018\/07\/WhatsApp-Image-2018-07-23-at-13.28.25-1.jpeg","datePublished":"2018-07-23T14:22:59+00:00","breadcrumb":{"@id":"https:\/\/scb.org.br\/numar\/loja\/livros\/onze-de-genesis\/#breadcrumb"},"inLanguage":"pt-BR","potentialAction":[{"@type":"ReadAction","target":["https:\/\/scb.org.br\/numar\/loja\/livros\/onze-de-genesis\/"]}]},{"@type":"ImageObject","inLanguage":"pt-BR","@id":"https:\/\/scb.org.br\/numar\/loja\/livros\/onze-de-genesis\/#primaryimage","url":"https:\/\/scb.org.br\/numar\/wp-content\/uploads\/sites\/6\/2018\/07\/WhatsApp-Image-2018-07-23-at-13.28.25-1.jpeg","contentUrl":"https:\/\/scb.org.br\/numar\/wp-content\/uploads\/sites\/6\/2018\/07\/WhatsApp-Image-2018-07-23-at-13.28.25-1.jpeg","width":600,"height":600},{"@type":"BreadcrumbList","@id":"https:\/\/scb.org.br\/numar\/loja\/livros\/onze-de-genesis\/#breadcrumb","itemListElement":[{"@type":"ListItem","position":1,"name":"P\u00e1gina Inicial","item":"https:\/\/scb.org.br\/numar\/"},{"@type":"ListItem","position":2,"name":"Loja","item":"https:\/\/scb.org.br\/numar\/loja\/"},{"@type":"ListItem","position":3,"name":"Onze de G\u00eanesis"}]},{"@type":"WebSite","@id":"https:\/\/scb.org.br\/numar\/#website","url":"https:\/\/scb.org.br\/numar\/","name":"NUMAR-SCB","description":"N\u00facleo Maringaense da Sociedade Criacionista Brasileira","publisher":{"@id":"https:\/\/scb.org.br\/numar\/#organization"},"potentialAction":[{"@type":"SearchAction","target":{"@type":"EntryPoint","urlTemplate":"https:\/\/scb.org.br\/numar\/?s={search_term_string}"},"query-input":{"@type":"PropertyValueSpecification","valueRequired":true,"valueName":"search_term_string"}}],"inLanguage":"pt-BR"},{"@type":"Organization","@id":"https:\/\/scb.org.br\/numar\/#organization","name":"NUMAR-SCB - N\u00facleo Maringaense da Sociedade Criacionista Brasileira","url":"https:\/\/scb.org.br\/numar\/","logo":{"@type":"ImageObject","inLanguage":"pt-BR","@id":"https:\/\/scb.org.br\/numar\/#\/schema\/logo\/image\/","url":"https:\/\/scb.org.br\/numar\/wp-content\/uploads\/sites\/6\/2020\/05\/logo-1.png","contentUrl":"https:\/\/scb.org.br\/numar\/wp-content\/uploads\/sites\/6\/2020\/05\/logo-1.png","width":248,"height":263,"caption":"NUMAR-SCB - N\u00facleo Maringaense da Sociedade Criacionista Brasileira"},"image":{"@id":"https:\/\/scb.org.br\/numar\/#\/schema\/logo\/image\/"}}]}},"_links":{"self":[{"href":"https:\/\/scb.org.br\/numar\/wp-json\/wp\/v2\/product\/2263","targetHints":{"allow":["GET"]}}],"collection":[{"href":"https:\/\/scb.org.br\/numar\/wp-json\/wp\/v2\/product"}],"about":[{"href":"https:\/\/scb.org.br\/numar\/wp-json\/wp\/v2\/types\/product"}],"wp:featuredmedia":[{"embeddable":true,"href":"https:\/\/scb.org.br\/numar\/wp-json\/wp\/v2\/media\/2267"}],"wp:attachment":[{"href":"https:\/\/scb.org.br\/numar\/wp-json\/wp\/v2\/media?parent=2263"}],"wp:term":[{"taxonomy":"product_brand","embeddable":true,"href":"https:\/\/scb.org.br\/numar\/wp-json\/wp\/v2\/product_brand?post=2263"},{"taxonomy":"product_cat","embeddable":true,"href":"https:\/\/scb.org.br\/numar\/wp-json\/wp\/v2\/product_cat?post=2263"},{"taxonomy":"product_tag","embeddable":true,"href":"https:\/\/scb.org.br\/numar\/wp-json\/wp\/v2\/product_tag?post=2263"}],"curies":[{"name":"wp","href":"https:\/\/api.w.org\/{rel}","templated":true}]}}