{"id":2166,"date":"2018-05-28T16:17:36","date_gmt":"2018-05-28T19:17:36","guid":{"rendered":"https:\/\/numar.scb.org.br\/?post_type=product&amp;p=2166"},"modified":"2018-05-28T16:17:36","modified_gmt":"2018-05-28T19:17:36","slug":"estetica-na-natureza","status":"publish","type":"product","link":"https:\/\/scb.org.br\/numar\/loja\/livros\/estetica-na-natureza\/","title":{"rendered":"EST\u00c9TICA NA NATUREZA"},"content":{"rendered":"<p>Este livro mostra que o ser humano tenta descobrir-se a si mesmo! \u2013 Qual a raz\u00e3o de minha exist\u00eancia? De onde venho? Para onde vou? Como explicar minha inser\u00e7\u00e3o na natureza? Como surgiu a natureza? S\u00e3o essas quest\u00f5es que mais cedo ou mais tarde v\u00eam-nos \u00e0 mente, e para as quais procuramos explica\u00e7\u00f5es!<br \/>\nNesse contexto, ao nos observarmos inseridos em uma extraordin\u00e1ria natureza, na qual se manifesta uma enorme rede de interdepend\u00eancias, que envolve complexidades do mais alto n\u00edvel desde a escala micro at\u00e9 a escala macro, deparamo-nos com evid\u00eancias que apontam para a exist\u00eancia de planejamento, des\u00edgnio e prop\u00f3sito em todo o Universo e, portanto, para um Planejador onisciente e onipotente, que tudo projetou e executou! A observa\u00e7\u00e3o atenta da natureza nos proporciona preciosas informa\u00e7\u00f5es que nos ajudam a descartar quaisquer explica\u00e7\u00f5es para aquelas perguntas b\u00e1sicas, que partam de pressuposi\u00e7\u00f5es apenas da atua\u00e7\u00e3o do mero acaso.<br \/>\nEsta publica\u00e7\u00e3o pretende contribuir para refor\u00e7ar as evid\u00eancias a favor de explica\u00e7\u00f5es que pressuponham a exist\u00eancia de planejamento nas coisas criadas existentes no Universo observ\u00e1vel, no qual tamb\u00e9m nos inserimos como observadores que buscam explica\u00e7\u00f5es.<\/p>\n<p>O tema da Cole\u00e7\u00e3o Planeta Terra desenvolve-se em torno de aspectos cient\u00edficos relacionados com interroga\u00e7\u00f5es feitas no \u00e2mbito da controv\u00e9rsia entre Cria\u00e7\u00e3o e Evolu\u00e7\u00e3o, envolvendo mais especificamente caracter\u00edsticas singulares de nosso planeta Terra.<\/p>\n","protected":false},"excerpt":{"rendered":"<p>Ultimas unidades. Aproveite!<\/p>\n","protected":false},"featured_media":2167,"template":"","meta":{"_acf_changed":false,"om_disable_all_campaigns":false},"product_brand":[],"product_cat":[257],"product_tag":[253,269,256,258,270],"class_list":{"0":"post-2166","1":"product","2":"type-product","3":"status-publish","4":"has-post-thumbnail","6":"product_cat-livros","7":"product_tag-ciencia","8":"product_tag-design","9":"product_tag-evolucionismo","10":"product_tag-origem-da-vida","11":"product_tag-scb","12":"product_shipping_class-registro-modico","14":"first","15":"outofstock","16":"shipping-taxable","17":"purchasable","18":"product-type-simple"},"acf":[],"yoast_head":"<!-- This site is optimized with the Yoast SEO plugin v27.3 - https:\/\/yoast.com\/product\/yoast-seo-wordpress\/ -->\n<title>EST\u00c9TICA NA NATUREZA - NUMAR-SCB<\/title>\n<meta name=\"robots\" content=\"index, follow, max-snippet:-1, max-image-preview:large, max-video-preview:-1\" \/>\n<link rel=\"canonical\" href=\"https:\/\/scb.org.br\/numar\/loja\/livros\/estetica-na-natureza\/\" \/>\n<meta property=\"og:locale\" content=\"pt_BR\" \/>\n<meta property=\"og:type\" content=\"article\" \/>\n<meta property=\"og:title\" content=\"EST\u00c9TICA NA NATUREZA - NUMAR-SCB\" \/>\n<meta property=\"og:description\" content=\"Ultimas unidades. Aproveite!\" \/>\n<meta property=\"og:url\" content=\"https:\/\/scb.org.br\/numar\/loja\/livros\/estetica-na-natureza\/\" \/>\n<meta property=\"og:site_name\" content=\"NUMAR-SCB\" \/>\n<meta property=\"og:image\" content=\"https:\/\/scb.org.br\/numar\/wp-content\/uploads\/sites\/6\/2018\/05\/Estetica-na-Natureza-1.png\" \/>\n\t<meta property=\"og:image:width\" content=\"296\" \/>\n\t<meta property=\"og:image:height\" content=\"464\" \/>\n\t<meta property=\"og:image:type\" content=\"image\/png\" \/>\n<meta name=\"twitter:card\" content=\"summary_large_image\" \/>\n<meta name=\"twitter:label1\" content=\"Est. tempo de leitura\" \/>\n\t<meta name=\"twitter:data1\" content=\"1 minuto\" \/>\n<script type=\"application\/ld+json\" class=\"yoast-schema-graph\">{\"@context\":\"https:\\\/\\\/schema.org\",\"@graph\":[{\"@type\":\"WebPage\",\"@id\":\"https:\\\/\\\/scb.org.br\\\/numar\\\/loja\\\/livros\\\/estetica-na-natureza\\\/\",\"url\":\"https:\\\/\\\/scb.org.br\\\/numar\\\/loja\\\/livros\\\/estetica-na-natureza\\\/\",\"name\":\"EST\u00c9TICA NA NATUREZA - NUMAR-SCB\",\"isPartOf\":{\"@id\":\"https:\\\/\\\/scb.org.br\\\/numar\\\/#website\"},\"primaryImageOfPage\":{\"@id\":\"https:\\\/\\\/scb.org.br\\\/numar\\\/loja\\\/livros\\\/estetica-na-natureza\\\/#primaryimage\"},\"image\":{\"@id\":\"https:\\\/\\\/scb.org.br\\\/numar\\\/loja\\\/livros\\\/estetica-na-natureza\\\/#primaryimage\"},\"thumbnailUrl\":\"https:\\\/\\\/scb.org.br\\\/numar\\\/wp-content\\\/uploads\\\/sites\\\/6\\\/2018\\\/05\\\/Estetica-na-Natureza-1.png\",\"datePublished\":\"2018-05-28T19:17:36+00:00\",\"breadcrumb\":{\"@id\":\"https:\\\/\\\/scb.org.br\\\/numar\\\/loja\\\/livros\\\/estetica-na-natureza\\\/#breadcrumb\"},\"inLanguage\":\"pt-BR\",\"potentialAction\":[{\"@type\":\"ReadAction\",\"target\":[\"https:\\\/\\\/scb.org.br\\\/numar\\\/loja\\\/livros\\\/estetica-na-natureza\\\/\"]}]},{\"@type\":\"ImageObject\",\"inLanguage\":\"pt-BR\",\"@id\":\"https:\\\/\\\/scb.org.br\\\/numar\\\/loja\\\/livros\\\/estetica-na-natureza\\\/#primaryimage\",\"url\":\"https:\\\/\\\/scb.org.br\\\/numar\\\/wp-content\\\/uploads\\\/sites\\\/6\\\/2018\\\/05\\\/Estetica-na-Natureza-1.png\",\"contentUrl\":\"https:\\\/\\\/scb.org.br\\\/numar\\\/wp-content\\\/uploads\\\/sites\\\/6\\\/2018\\\/05\\\/Estetica-na-Natureza-1.png\",\"width\":296,\"height\":464},{\"@type\":\"BreadcrumbList\",\"@id\":\"https:\\\/\\\/scb.org.br\\\/numar\\\/loja\\\/livros\\\/estetica-na-natureza\\\/#breadcrumb\",\"itemListElement\":[{\"@type\":\"ListItem\",\"position\":1,\"name\":\"P\u00e1gina Inicial\",\"item\":\"https:\\\/\\\/scb.org.br\\\/numar\\\/\"},{\"@type\":\"ListItem\",\"position\":2,\"name\":\"Loja\",\"item\":\"https:\\\/\\\/scb.org.br\\\/numar\\\/loja\\\/\"},{\"@type\":\"ListItem\",\"position\":3,\"name\":\"EST\u00c9TICA NA NATUREZA\"}]},{\"@type\":\"WebSite\",\"@id\":\"https:\\\/\\\/scb.org.br\\\/numar\\\/#website\",\"url\":\"https:\\\/\\\/scb.org.br\\\/numar\\\/\",\"name\":\"NUMAR-SCB\",\"description\":\"N\u00facleo Maringaense da Sociedade Criacionista Brasileira\",\"publisher\":{\"@id\":\"https:\\\/\\\/scb.org.br\\\/numar\\\/#organization\"},\"potentialAction\":[{\"@type\":\"SearchAction\",\"target\":{\"@type\":\"EntryPoint\",\"urlTemplate\":\"https:\\\/\\\/scb.org.br\\\/numar\\\/?s={search_term_string}\"},\"query-input\":{\"@type\":\"PropertyValueSpecification\",\"valueRequired\":true,\"valueName\":\"search_term_string\"}}],\"inLanguage\":\"pt-BR\"},{\"@type\":\"Organization\",\"@id\":\"https:\\\/\\\/scb.org.br\\\/numar\\\/#organization\",\"name\":\"NUMAR-SCB - N\u00facleo Maringaense da Sociedade Criacionista Brasileira\",\"url\":\"https:\\\/\\\/scb.org.br\\\/numar\\\/\",\"logo\":{\"@type\":\"ImageObject\",\"inLanguage\":\"pt-BR\",\"@id\":\"https:\\\/\\\/scb.org.br\\\/numar\\\/#\\\/schema\\\/logo\\\/image\\\/\",\"url\":\"https:\\\/\\\/scb.org.br\\\/numar\\\/wp-content\\\/uploads\\\/sites\\\/6\\\/2020\\\/05\\\/logo-1.png\",\"contentUrl\":\"https:\\\/\\\/scb.org.br\\\/numar\\\/wp-content\\\/uploads\\\/sites\\\/6\\\/2020\\\/05\\\/logo-1.png\",\"width\":248,\"height\":263,\"caption\":\"NUMAR-SCB - N\u00facleo Maringaense da Sociedade Criacionista Brasileira\"},\"image\":{\"@id\":\"https:\\\/\\\/scb.org.br\\\/numar\\\/#\\\/schema\\\/logo\\\/image\\\/\"}}]}<\/script>\n<!-- \/ Yoast SEO plugin. -->","yoast_head_json":{"title":"EST\u00c9TICA NA NATUREZA - NUMAR-SCB","robots":{"index":"index","follow":"follow","max-snippet":"max-snippet:-1","max-image-preview":"max-image-preview:large","max-video-preview":"max-video-preview:-1"},"canonical":"https:\/\/scb.org.br\/numar\/loja\/livros\/estetica-na-natureza\/","og_locale":"pt_BR","og_type":"article","og_title":"EST\u00c9TICA NA NATUREZA - NUMAR-SCB","og_description":"Ultimas unidades. Aproveite!","og_url":"https:\/\/scb.org.br\/numar\/loja\/livros\/estetica-na-natureza\/","og_site_name":"NUMAR-SCB","og_image":[{"width":296,"height":464,"url":"https:\/\/scb.org.br\/numar\/wp-content\/uploads\/sites\/6\/2018\/05\/Estetica-na-Natureza-1.png","type":"image\/png"}],"twitter_card":"summary_large_image","twitter_misc":{"Est. tempo de leitura":"1 minuto"},"schema":{"@context":"https:\/\/schema.org","@graph":[{"@type":"WebPage","@id":"https:\/\/scb.org.br\/numar\/loja\/livros\/estetica-na-natureza\/","url":"https:\/\/scb.org.br\/numar\/loja\/livros\/estetica-na-natureza\/","name":"EST\u00c9TICA NA NATUREZA - NUMAR-SCB","isPartOf":{"@id":"https:\/\/scb.org.br\/numar\/#website"},"primaryImageOfPage":{"@id":"https:\/\/scb.org.br\/numar\/loja\/livros\/estetica-na-natureza\/#primaryimage"},"image":{"@id":"https:\/\/scb.org.br\/numar\/loja\/livros\/estetica-na-natureza\/#primaryimage"},"thumbnailUrl":"https:\/\/scb.org.br\/numar\/wp-content\/uploads\/sites\/6\/2018\/05\/Estetica-na-Natureza-1.png","datePublished":"2018-05-28T19:17:36+00:00","breadcrumb":{"@id":"https:\/\/scb.org.br\/numar\/loja\/livros\/estetica-na-natureza\/#breadcrumb"},"inLanguage":"pt-BR","potentialAction":[{"@type":"ReadAction","target":["https:\/\/scb.org.br\/numar\/loja\/livros\/estetica-na-natureza\/"]}]},{"@type":"ImageObject","inLanguage":"pt-BR","@id":"https:\/\/scb.org.br\/numar\/loja\/livros\/estetica-na-natureza\/#primaryimage","url":"https:\/\/scb.org.br\/numar\/wp-content\/uploads\/sites\/6\/2018\/05\/Estetica-na-Natureza-1.png","contentUrl":"https:\/\/scb.org.br\/numar\/wp-content\/uploads\/sites\/6\/2018\/05\/Estetica-na-Natureza-1.png","width":296,"height":464},{"@type":"BreadcrumbList","@id":"https:\/\/scb.org.br\/numar\/loja\/livros\/estetica-na-natureza\/#breadcrumb","itemListElement":[{"@type":"ListItem","position":1,"name":"P\u00e1gina Inicial","item":"https:\/\/scb.org.br\/numar\/"},{"@type":"ListItem","position":2,"name":"Loja","item":"https:\/\/scb.org.br\/numar\/loja\/"},{"@type":"ListItem","position":3,"name":"EST\u00c9TICA NA NATUREZA"}]},{"@type":"WebSite","@id":"https:\/\/scb.org.br\/numar\/#website","url":"https:\/\/scb.org.br\/numar\/","name":"NUMAR-SCB","description":"N\u00facleo Maringaense da Sociedade Criacionista Brasileira","publisher":{"@id":"https:\/\/scb.org.br\/numar\/#organization"},"potentialAction":[{"@type":"SearchAction","target":{"@type":"EntryPoint","urlTemplate":"https:\/\/scb.org.br\/numar\/?s={search_term_string}"},"query-input":{"@type":"PropertyValueSpecification","valueRequired":true,"valueName":"search_term_string"}}],"inLanguage":"pt-BR"},{"@type":"Organization","@id":"https:\/\/scb.org.br\/numar\/#organization","name":"NUMAR-SCB - N\u00facleo Maringaense da Sociedade Criacionista Brasileira","url":"https:\/\/scb.org.br\/numar\/","logo":{"@type":"ImageObject","inLanguage":"pt-BR","@id":"https:\/\/scb.org.br\/numar\/#\/schema\/logo\/image\/","url":"https:\/\/scb.org.br\/numar\/wp-content\/uploads\/sites\/6\/2020\/05\/logo-1.png","contentUrl":"https:\/\/scb.org.br\/numar\/wp-content\/uploads\/sites\/6\/2020\/05\/logo-1.png","width":248,"height":263,"caption":"NUMAR-SCB - N\u00facleo Maringaense da Sociedade Criacionista Brasileira"},"image":{"@id":"https:\/\/scb.org.br\/numar\/#\/schema\/logo\/image\/"}}]}},"_links":{"self":[{"href":"https:\/\/scb.org.br\/numar\/wp-json\/wp\/v2\/product\/2166","targetHints":{"allow":["GET"]}}],"collection":[{"href":"https:\/\/scb.org.br\/numar\/wp-json\/wp\/v2\/product"}],"about":[{"href":"https:\/\/scb.org.br\/numar\/wp-json\/wp\/v2\/types\/product"}],"wp:featuredmedia":[{"embeddable":true,"href":"https:\/\/scb.org.br\/numar\/wp-json\/wp\/v2\/media\/2167"}],"wp:attachment":[{"href":"https:\/\/scb.org.br\/numar\/wp-json\/wp\/v2\/media?parent=2166"}],"wp:term":[{"taxonomy":"product_brand","embeddable":true,"href":"https:\/\/scb.org.br\/numar\/wp-json\/wp\/v2\/product_brand?post=2166"},{"taxonomy":"product_cat","embeddable":true,"href":"https:\/\/scb.org.br\/numar\/wp-json\/wp\/v2\/product_cat?post=2166"},{"taxonomy":"product_tag","embeddable":true,"href":"https:\/\/scb.org.br\/numar\/wp-json\/wp\/v2\/product_tag?post=2166"}],"curies":[{"name":"wp","href":"https:\/\/api.w.org\/{rel}","templated":true}]}}