{"id":79,"date":"2016-09-23T23:54:16","date_gmt":"2016-09-24T02:54:16","guid":{"rendered":"http:\/\/numar.scb.org.br\/?page_id=79"},"modified":"2020-05-22T17:08:35","modified_gmt":"2020-05-22T17:08:35","slug":"sobre","status":"publish","type":"page","link":"https:\/\/scb.org.br\/numar\/sobre\/","title":{"rendered":"Sobre N\u00f3s"},"content":{"rendered":"\n<p>O N\u00facleo Maringaense da Sociedade Criacionista Brasileira (Numar-SCB) fundado em Maring\u00e1 no ano de 2015 \u00e9 uma organiza\u00e7\u00e3o sem fins lucrativos, arrojada e inovadora em a\u00e7\u00f5es, de car\u00e1ter cultural, educacional e cient\u00edfico.<\/p>\n\n\n\n<p>Atualmente, o Numar-SCB oferece atividades de alta qualidade como o programa semanal (em canal pr\u00f3prio do Youtube), intitulado \u201cDi\u00e1logo sobre as Origens\u201d, se destaca por promover v\u00e1rios cursos na modalidade EAD organizados pela SCB - l\u00edder neste ramo a quarenta e cinco anos. <\/p>\n\n\n\n<p>A produ\u00e7\u00e3o local de v\u00eddeos, entrevistas, cursos de extens\u00e3o, artigos informativos divulgados em m\u00eddia digital tem sido intensa. <\/p>\n\n\n\n<p>\u00c9 perfil do Numar-SCB estimular e apoiar o di\u00e1logo na tem\u00e1tica origem da vida, inclusive em ambiente acad\u00eamico, por essa raz\u00e3o agrega cada vez mais pesquisadores nacionais e internacionais nas diferentes \u00e1reas do conhecimento e demais interessados em dialogar e construir conhecimento nos estudos das origens.<\/p>\n\n\n\n<p>Como resultado deste volume de a\u00e7\u00f5es recentemente o Numar-SCB recebeu premia\u00e7\u00e3o no congresso <a rel=\"noreferrer noopener\" href=\"https:\/\/vocare.org.br\/\" target=\"_blank\">Vocare<\/a>. Deste modo, o Numar-SCB tem movimentado um n\u00famero expressivo de pessoas no Paran\u00e1 e Brasil agregando maior valor s\u00f3cio-cultural a esta terra de solo vermelha f\u00e9rtil.<\/p>\n\n\n\n<p>O r\u00e1pido amadurecimento do Numar-SCB se deve ao reflexo da tradi\u00e7\u00e3o de 46 anos da SCB com sede em Bras\u00edlia, principalmente inspirado na pessoa de seu fundador e Presidente Em\u00e9rito Dr. Ruy Carlos de Camargo Vieira.<\/p>\n","protected":false},"excerpt":{"rendered":"<p>O N\u00facleo Maringaense da Sociedade Criacionista Brasileira (Numar-SCB) fundado em Maring\u00e1 no ano de 2015 \u00e9 uma organiza\u00e7\u00e3o sem fins lucrativos, arrojada e inovadora em a\u00e7\u00f5es, de car\u00e1ter cultural, educacional e cient\u00edfico. Atualmente, o Numar-SCB oferece atividades de alta qualidade como o programa semanal (em canal pr\u00f3prio do Youtube), intitulado \u201cDi\u00e1logo sobre as Origens\u201d, se [&hellip;]<\/p>\n","protected":false},"author":1,"featured_media":0,"parent":0,"menu_order":0,"comment_status":"closed","ping_status":"closed","template":"","meta":{"_acf_changed":false,"om_disable_all_campaigns":false,"footnotes":""},"class_list":["post-79","page","type-page","status-publish","hentry"],"acf":[],"yoast_head":"<!-- This site is optimized with the Yoast SEO plugin v27.3 - https:\/\/yoast.com\/product\/yoast-seo-wordpress\/ -->\n<title>Sobre N\u00f3s - NUMAR-SCB<\/title>\n<meta name=\"robots\" content=\"index, follow, max-snippet:-1, max-image-preview:large, max-video-preview:-1\" \/>\n<link rel=\"canonical\" href=\"https:\/\/scb.org.br\/numar\/sobre\/\" \/>\n<meta property=\"og:locale\" content=\"pt_BR\" \/>\n<meta property=\"og:type\" content=\"article\" \/>\n<meta property=\"og:title\" content=\"Sobre N\u00f3s - NUMAR-SCB\" \/>\n<meta property=\"og:description\" content=\"O N\u00facleo Maringaense da Sociedade Criacionista Brasileira (Numar-SCB) fundado em Maring\u00e1 no ano de 2015 \u00e9 uma organiza\u00e7\u00e3o sem fins lucrativos, arrojada e inovadora em a\u00e7\u00f5es, de car\u00e1ter cultural, educacional e cient\u00edfico. Atualmente, o Numar-SCB oferece atividades de alta qualidade como o programa semanal (em canal pr\u00f3prio do Youtube), intitulado \u201cDi\u00e1logo sobre as Origens\u201d, se [&hellip;]\" \/>\n<meta property=\"og:url\" content=\"https:\/\/scb.org.br\/numar\/sobre\/\" \/>\n<meta property=\"og:site_name\" content=\"NUMAR-SCB\" \/>\n<meta property=\"article:modified_time\" content=\"2020-05-22T17:08:35+00:00\" \/>\n<meta name=\"twitter:card\" content=\"summary_large_image\" \/>\n<meta name=\"twitter:label1\" content=\"Est. tempo de leitura\" \/>\n\t<meta name=\"twitter:data1\" content=\"1 minuto\" \/>\n<script type=\"application\/ld+json\" class=\"yoast-schema-graph\">{\"@context\":\"https:\\\/\\\/schema.org\",\"@graph\":[{\"@type\":\"WebPage\",\"@id\":\"https:\\\/\\\/scb.org.br\\\/numar\\\/sobre\\\/\",\"url\":\"https:\\\/\\\/scb.org.br\\\/numar\\\/sobre\\\/\",\"name\":\"Sobre N\u00f3s - NUMAR-SCB\",\"isPartOf\":{\"@id\":\"https:\\\/\\\/scb.org.br\\\/numar\\\/#website\"},\"datePublished\":\"2016-09-24T02:54:16+00:00\",\"dateModified\":\"2020-05-22T17:08:35+00:00\",\"breadcrumb\":{\"@id\":\"https:\\\/\\\/scb.org.br\\\/numar\\\/sobre\\\/#breadcrumb\"},\"inLanguage\":\"pt-BR\",\"potentialAction\":[{\"@type\":\"ReadAction\",\"target\":[\"https:\\\/\\\/scb.org.br\\\/numar\\\/sobre\\\/\"]}]},{\"@type\":\"BreadcrumbList\",\"@id\":\"https:\\\/\\\/scb.org.br\\\/numar\\\/sobre\\\/#breadcrumb\",\"itemListElement\":[{\"@type\":\"ListItem\",\"position\":1,\"name\":\"P\u00e1gina Inicial\",\"item\":\"https:\\\/\\\/scb.org.br\\\/numar\\\/\"},{\"@type\":\"ListItem\",\"position\":2,\"name\":\"Sobre N\u00f3s\"}]},{\"@type\":\"WebSite\",\"@id\":\"https:\\\/\\\/scb.org.br\\\/numar\\\/#website\",\"url\":\"https:\\\/\\\/scb.org.br\\\/numar\\\/\",\"name\":\"NUMAR-SCB\",\"description\":\"N\u00facleo Maringaense da Sociedade Criacionista Brasileira\",\"publisher\":{\"@id\":\"https:\\\/\\\/scb.org.br\\\/numar\\\/#organization\"},\"potentialAction\":[{\"@type\":\"SearchAction\",\"target\":{\"@type\":\"EntryPoint\",\"urlTemplate\":\"https:\\\/\\\/scb.org.br\\\/numar\\\/?s={search_term_string}\"},\"query-input\":{\"@type\":\"PropertyValueSpecification\",\"valueRequired\":true,\"valueName\":\"search_term_string\"}}],\"inLanguage\":\"pt-BR\"},{\"@type\":\"Organization\",\"@id\":\"https:\\\/\\\/scb.org.br\\\/numar\\\/#organization\",\"name\":\"NUMAR-SCB - N\u00facleo Maringaense da Sociedade Criacionista Brasileira\",\"url\":\"https:\\\/\\\/scb.org.br\\\/numar\\\/\",\"logo\":{\"@type\":\"ImageObject\",\"inLanguage\":\"pt-BR\",\"@id\":\"https:\\\/\\\/scb.org.br\\\/numar\\\/#\\\/schema\\\/logo\\\/image\\\/\",\"url\":\"https:\\\/\\\/scb.org.br\\\/numar\\\/wp-content\\\/uploads\\\/sites\\\/6\\\/2020\\\/05\\\/logo-1.png\",\"contentUrl\":\"https:\\\/\\\/scb.org.br\\\/numar\\\/wp-content\\\/uploads\\\/sites\\\/6\\\/2020\\\/05\\\/logo-1.png\",\"width\":248,\"height\":263,\"caption\":\"NUMAR-SCB - N\u00facleo Maringaense da Sociedade Criacionista Brasileira\"},\"image\":{\"@id\":\"https:\\\/\\\/scb.org.br\\\/numar\\\/#\\\/schema\\\/logo\\\/image\\\/\"}}]}<\/script>\n<!-- \/ Yoast SEO plugin. -->","yoast_head_json":{"title":"Sobre N\u00f3s - NUMAR-SCB","robots":{"index":"index","follow":"follow","max-snippet":"max-snippet:-1","max-image-preview":"max-image-preview:large","max-video-preview":"max-video-preview:-1"},"canonical":"https:\/\/scb.org.br\/numar\/sobre\/","og_locale":"pt_BR","og_type":"article","og_title":"Sobre N\u00f3s - NUMAR-SCB","og_description":"O N\u00facleo Maringaense da Sociedade Criacionista Brasileira (Numar-SCB) fundado em Maring\u00e1 no ano de 2015 \u00e9 uma organiza\u00e7\u00e3o sem fins lucrativos, arrojada e inovadora em a\u00e7\u00f5es, de car\u00e1ter cultural, educacional e cient\u00edfico. Atualmente, o Numar-SCB oferece atividades de alta qualidade como o programa semanal (em canal pr\u00f3prio do Youtube), intitulado \u201cDi\u00e1logo sobre as Origens\u201d, se [&hellip;]","og_url":"https:\/\/scb.org.br\/numar\/sobre\/","og_site_name":"NUMAR-SCB","article_modified_time":"2020-05-22T17:08:35+00:00","twitter_card":"summary_large_image","twitter_misc":{"Est. tempo de leitura":"1 minuto"},"schema":{"@context":"https:\/\/schema.org","@graph":[{"@type":"WebPage","@id":"https:\/\/scb.org.br\/numar\/sobre\/","url":"https:\/\/scb.org.br\/numar\/sobre\/","name":"Sobre N\u00f3s - NUMAR-SCB","isPartOf":{"@id":"https:\/\/scb.org.br\/numar\/#website"},"datePublished":"2016-09-24T02:54:16+00:00","dateModified":"2020-05-22T17:08:35+00:00","breadcrumb":{"@id":"https:\/\/scb.org.br\/numar\/sobre\/#breadcrumb"},"inLanguage":"pt-BR","potentialAction":[{"@type":"ReadAction","target":["https:\/\/scb.org.br\/numar\/sobre\/"]}]},{"@type":"BreadcrumbList","@id":"https:\/\/scb.org.br\/numar\/sobre\/#breadcrumb","itemListElement":[{"@type":"ListItem","position":1,"name":"P\u00e1gina Inicial","item":"https:\/\/scb.org.br\/numar\/"},{"@type":"ListItem","position":2,"name":"Sobre N\u00f3s"}]},{"@type":"WebSite","@id":"https:\/\/scb.org.br\/numar\/#website","url":"https:\/\/scb.org.br\/numar\/","name":"NUMAR-SCB","description":"N\u00facleo Maringaense da Sociedade Criacionista Brasileira","publisher":{"@id":"https:\/\/scb.org.br\/numar\/#organization"},"potentialAction":[{"@type":"SearchAction","target":{"@type":"EntryPoint","urlTemplate":"https:\/\/scb.org.br\/numar\/?s={search_term_string}"},"query-input":{"@type":"PropertyValueSpecification","valueRequired":true,"valueName":"search_term_string"}}],"inLanguage":"pt-BR"},{"@type":"Organization","@id":"https:\/\/scb.org.br\/numar\/#organization","name":"NUMAR-SCB - N\u00facleo Maringaense da Sociedade Criacionista Brasileira","url":"https:\/\/scb.org.br\/numar\/","logo":{"@type":"ImageObject","inLanguage":"pt-BR","@id":"https:\/\/scb.org.br\/numar\/#\/schema\/logo\/image\/","url":"https:\/\/scb.org.br\/numar\/wp-content\/uploads\/sites\/6\/2020\/05\/logo-1.png","contentUrl":"https:\/\/scb.org.br\/numar\/wp-content\/uploads\/sites\/6\/2020\/05\/logo-1.png","width":248,"height":263,"caption":"NUMAR-SCB - N\u00facleo Maringaense da Sociedade Criacionista Brasileira"},"image":{"@id":"https:\/\/scb.org.br\/numar\/#\/schema\/logo\/image\/"}}]}},"_links":{"self":[{"href":"https:\/\/scb.org.br\/numar\/wp-json\/wp\/v2\/pages\/79","targetHints":{"allow":["GET"]}}],"collection":[{"href":"https:\/\/scb.org.br\/numar\/wp-json\/wp\/v2\/pages"}],"about":[{"href":"https:\/\/scb.org.br\/numar\/wp-json\/wp\/v2\/types\/page"}],"author":[{"embeddable":true,"href":"https:\/\/scb.org.br\/numar\/wp-json\/wp\/v2\/users\/1"}],"replies":[{"embeddable":true,"href":"https:\/\/scb.org.br\/numar\/wp-json\/wp\/v2\/comments?post=79"}],"version-history":[{"count":1,"href":"https:\/\/scb.org.br\/numar\/wp-json\/wp\/v2\/pages\/79\/revisions"}],"predecessor-version":[{"id":3233,"href":"https:\/\/scb.org.br\/numar\/wp-json\/wp\/v2\/pages\/79\/revisions\/3233"}],"wp:attachment":[{"href":"https:\/\/scb.org.br\/numar\/wp-json\/wp\/v2\/media?parent=79"}],"curies":[{"name":"wp","href":"https:\/\/api.w.org\/{rel}","templated":true}]}}