{"id":71,"date":"2016-09-17T15:02:32","date_gmt":"2016-09-17T18:02:32","guid":{"rendered":"http:\/\/numar.scb.org.br\/?page_id=71"},"modified":"2016-09-17T15:02:32","modified_gmt":"2016-09-17T18:02:32","slug":"nossa-historia","status":"publish","type":"page","link":"https:\/\/scb.org.br\/numar\/sobre\/nossa-historia\/","title":{"rendered":"Nossa Hist\u00f3ria"},"content":{"rendered":"<p style=\"text-align: justify\">Dr. Agrinaldo Jacinto do Nascimento Junior, ap\u00f3s a conclus\u00e3o do seu doutorado em Qu\u00edmica na cidade de Recife, retornou \u00e0 cidade de Maring\u00e1-PR e percebeu que v\u00e1rios professores e amigos continuavam estudando o tema Criacionismo, mas isoladamente. Foi ai que lhe surgiu a ideia de reunir todas essas pessoas a fim de formar uma equipe s\u00f3lida de pesquisadores na regi\u00e3o. No dia 24 de outubro de 2015 aconteceu a primeira reuni\u00e3o do Grupo de Estudos em Criacionismo de Maring\u00e1. Estavam presentes nesta reuni\u00e3o: Dr. Agrinaldo Jacinto do Nascimento Junior, Altair Godoy, MSc. Everton Fernando Alves, Ma. Isabela Dancini Pontes, Me. J\u00falio Henrique Pimentel Medrano, Dr. Rodrigo Mello Gomes, Dr. Rodrigo Meneghtti Pontes, Ma. Rosemeri Schneider e Sebasti\u00e3o Camilo Santos.<\/p>\n<p style=\"text-align: justify\">A partir de ent\u00e3o toda a equipe trabalhou intensamente para que no dia 05 de dezembro de 2015 se concretizasse a funda\u00e7\u00e3o do N\u00facleo Maringaense da Sociedade Criacionista Brasileira (Numar-SCB) durante a programa\u00e7\u00e3o do I Workshop do Numar-SCB, realizado na C\u00e2mara Municipal de Maring\u00e1. O Workshop contou com a presen\u00e7a do Presidente da SCB, Dr. Ruy Carlos de Camargo Vieira e do Diretor de Ensino a Dist\u00e2ncia da SCB, Fabio Porto. A cria\u00e7\u00e3o do 1\u00ba N\u00facleo da SCB foi celebrada por meio da assinatura do Termo de Inten\u00e7\u00f5es entre as organiza\u00e7\u00f5es representadas pelos respectivos diretores presidentes e recebimento de Certificado. A palestra \u201cTeria a ci\u00eancia o poder de validar os tempos prof\u00e9ticos?\u201d do Workshop, tamb\u00e9m serviu como encerramento do Curso de Extens\u00e3o Teol\u00f3gica: religi\u00e3o, cultura e ci\u00eancia do Instituto Adventista Paranaense \u2013 IAP. Marcando o in\u00edcio de mais uma parceria.<\/p>\n<p style=\"text-align: justify\">No dia 25 de fevereiro de 2016, iniciaram oficialmente as atividades de ensino do Numar-SCB por meio da inaugura\u00e7\u00e3o do programa audiovisual \u201cDi\u00e1logo sobre as Origens\u201d, idealizado e sob a dire\u00e7\u00e3o do Mestre em ci\u00eancias Everton Fernando Alves (2016-2017), programa\u00e7\u00e3o esta aberta \u00e0 comunidade e organizada em encontros semanais presenciais e tamb\u00e9m com transmiss\u00f5es ao vivo \u2212 pelo canal do Youtube \u2212 das palestras de pesquisadores de diversas \u00e1reas do conhecimento em uma interface na controv\u00e9rsia Criacionismo\/Evolucionismo. A palestra inaugural foi proferida pelo Fundador-Presidente da SCB, Dr. Ruy Carlos de Camargo Vieira.<\/p>\n<p>&nbsp;<\/p>\n<p><iframe loading=\"lazy\" title=\"TV Novo Tempo - mat\u00e9ria sobre o I Workshop do NUMAR-SCB\" width=\"500\" height=\"281\" src=\"https:\/\/www.youtube.com\/embed\/WBzpAnexNBc?feature=oembed\" frameborder=\"0\" allow=\"accelerometer; autoplay; clipboard-write; encrypted-media; gyroscope; picture-in-picture; web-share\" referrerpolicy=\"strict-origin-when-cross-origin\" allowfullscreen><\/iframe><\/p>\n<p><em>A TV Novo Tempo cobriu o evento I Workshop do NUMAR-SCB realizado em 05 de dezembro de 2015.<\/em><\/p>\n<p><iframe loading=\"lazy\" title=\"I Workshop do NUMAR-SCB - Entrevista com o Dr. Ruy Vieira, Presidente da SCB\" width=\"500\" height=\"281\" src=\"https:\/\/www.youtube.com\/embed\/UvqnIG-Rfzk?feature=oembed\" frameborder=\"0\" allow=\"accelerometer; autoplay; clipboard-write; encrypted-media; gyroscope; picture-in-picture; web-share\" referrerpolicy=\"strict-origin-when-cross-origin\" allowfullscreen><\/iframe><\/p>\n<p><em>Em entrevista ao NUMAR-SCB, o Dr. Ruy Vieira, Presidente da Sociedade Criacionista Brasileira (SCB), falou a respeito de v\u00e1rios assuntos relacionados ao Criacionismo, inclusive um pouco de sua hist\u00f3ria bem como da trajet\u00f3ria da SCB com seus mais de 40 anos de atividades.<\/em><\/p>\n<p>&nbsp;<\/p>\n","protected":false},"excerpt":{"rendered":"<p>Dr. Agrinaldo Jacinto do Nascimento Junior, ap\u00f3s a conclus\u00e3o do seu doutorado em Qu\u00edmica na cidade de Recife, retornou \u00e0 cidade de Maring\u00e1-PR e percebeu que v\u00e1rios professores e amigos continuavam estudando o tema Criacionismo, mas isoladamente. Foi ai que lhe surgiu a ideia de reunir todas essas pessoas a fim de formar uma equipe [&hellip;]<\/p>\n","protected":false},"author":1,"featured_media":0,"parent":79,"menu_order":1,"comment_status":"closed","ping_status":"closed","template":"","meta":{"_acf_changed":false,"om_disable_all_campaigns":false,"footnotes":""},"class_list":["post-71","page","type-page","status-publish","hentry"],"acf":[],"yoast_head":"<!-- This site is optimized with the Yoast SEO plugin v27.3 - https:\/\/yoast.com\/product\/yoast-seo-wordpress\/ -->\n<title>Nossa Hist\u00f3ria - NUMAR-SCB<\/title>\n<meta name=\"robots\" content=\"index, follow, max-snippet:-1, max-image-preview:large, max-video-preview:-1\" \/>\n<link rel=\"canonical\" href=\"https:\/\/scb.org.br\/numar\/sobre\/nossa-historia\/\" \/>\n<meta property=\"og:locale\" content=\"pt_BR\" \/>\n<meta property=\"og:type\" content=\"article\" \/>\n<meta property=\"og:title\" content=\"Nossa Hist\u00f3ria - NUMAR-SCB\" \/>\n<meta property=\"og:description\" content=\"Dr. Agrinaldo Jacinto do Nascimento Junior, ap\u00f3s a conclus\u00e3o do seu doutorado em Qu\u00edmica na cidade de Recife, retornou \u00e0 cidade de Maring\u00e1-PR e percebeu que v\u00e1rios professores e amigos continuavam estudando o tema Criacionismo, mas isoladamente. Foi ai que lhe surgiu a ideia de reunir todas essas pessoas a fim de formar uma equipe [&hellip;]\" \/>\n<meta property=\"og:url\" content=\"https:\/\/scb.org.br\/numar\/sobre\/nossa-historia\/\" \/>\n<meta property=\"og:site_name\" content=\"NUMAR-SCB\" \/>\n<meta name=\"twitter:card\" content=\"summary_large_image\" \/>\n<meta name=\"twitter:label1\" content=\"Est. tempo de leitura\" \/>\n\t<meta name=\"twitter:data1\" content=\"2 minutos\" \/>\n<script type=\"application\/ld+json\" class=\"yoast-schema-graph\">{\"@context\":\"https:\\\/\\\/schema.org\",\"@graph\":[{\"@type\":\"WebPage\",\"@id\":\"https:\\\/\\\/scb.org.br\\\/numar\\\/sobre\\\/nossa-historia\\\/\",\"url\":\"https:\\\/\\\/scb.org.br\\\/numar\\\/sobre\\\/nossa-historia\\\/\",\"name\":\"Nossa Hist\u00f3ria - NUMAR-SCB\",\"isPartOf\":{\"@id\":\"https:\\\/\\\/scb.org.br\\\/numar\\\/#website\"},\"datePublished\":\"2016-09-17T18:02:32+00:00\",\"breadcrumb\":{\"@id\":\"https:\\\/\\\/scb.org.br\\\/numar\\\/sobre\\\/nossa-historia\\\/#breadcrumb\"},\"inLanguage\":\"pt-BR\",\"potentialAction\":[{\"@type\":\"ReadAction\",\"target\":[\"https:\\\/\\\/scb.org.br\\\/numar\\\/sobre\\\/nossa-historia\\\/\"]}]},{\"@type\":\"BreadcrumbList\",\"@id\":\"https:\\\/\\\/scb.org.br\\\/numar\\\/sobre\\\/nossa-historia\\\/#breadcrumb\",\"itemListElement\":[{\"@type\":\"ListItem\",\"position\":1,\"name\":\"P\u00e1gina Inicial\",\"item\":\"https:\\\/\\\/scb.org.br\\\/numar\\\/\"},{\"@type\":\"ListItem\",\"position\":2,\"name\":\"Sobre N\u00f3s\",\"item\":\"https:\\\/\\\/scb.org.br\\\/numar\\\/sobre\\\/\"},{\"@type\":\"ListItem\",\"position\":3,\"name\":\"Nossa Hist\u00f3ria\"}]},{\"@type\":\"WebSite\",\"@id\":\"https:\\\/\\\/scb.org.br\\\/numar\\\/#website\",\"url\":\"https:\\\/\\\/scb.org.br\\\/numar\\\/\",\"name\":\"NUMAR-SCB\",\"description\":\"N\u00facleo Maringaense da Sociedade Criacionista Brasileira\",\"publisher\":{\"@id\":\"https:\\\/\\\/scb.org.br\\\/numar\\\/#organization\"},\"potentialAction\":[{\"@type\":\"SearchAction\",\"target\":{\"@type\":\"EntryPoint\",\"urlTemplate\":\"https:\\\/\\\/scb.org.br\\\/numar\\\/?s={search_term_string}\"},\"query-input\":{\"@type\":\"PropertyValueSpecification\",\"valueRequired\":true,\"valueName\":\"search_term_string\"}}],\"inLanguage\":\"pt-BR\"},{\"@type\":\"Organization\",\"@id\":\"https:\\\/\\\/scb.org.br\\\/numar\\\/#organization\",\"name\":\"NUMAR-SCB - N\u00facleo Maringaense da Sociedade Criacionista Brasileira\",\"url\":\"https:\\\/\\\/scb.org.br\\\/numar\\\/\",\"logo\":{\"@type\":\"ImageObject\",\"inLanguage\":\"pt-BR\",\"@id\":\"https:\\\/\\\/scb.org.br\\\/numar\\\/#\\\/schema\\\/logo\\\/image\\\/\",\"url\":\"https:\\\/\\\/scb.org.br\\\/numar\\\/wp-content\\\/uploads\\\/sites\\\/6\\\/2020\\\/05\\\/logo-1.png\",\"contentUrl\":\"https:\\\/\\\/scb.org.br\\\/numar\\\/wp-content\\\/uploads\\\/sites\\\/6\\\/2020\\\/05\\\/logo-1.png\",\"width\":248,\"height\":263,\"caption\":\"NUMAR-SCB - N\u00facleo Maringaense da Sociedade Criacionista Brasileira\"},\"image\":{\"@id\":\"https:\\\/\\\/scb.org.br\\\/numar\\\/#\\\/schema\\\/logo\\\/image\\\/\"}}]}<\/script>\n<!-- \/ Yoast SEO plugin. -->","yoast_head_json":{"title":"Nossa Hist\u00f3ria - NUMAR-SCB","robots":{"index":"index","follow":"follow","max-snippet":"max-snippet:-1","max-image-preview":"max-image-preview:large","max-video-preview":"max-video-preview:-1"},"canonical":"https:\/\/scb.org.br\/numar\/sobre\/nossa-historia\/","og_locale":"pt_BR","og_type":"article","og_title":"Nossa Hist\u00f3ria - NUMAR-SCB","og_description":"Dr. Agrinaldo Jacinto do Nascimento Junior, ap\u00f3s a conclus\u00e3o do seu doutorado em Qu\u00edmica na cidade de Recife, retornou \u00e0 cidade de Maring\u00e1-PR e percebeu que v\u00e1rios professores e amigos continuavam estudando o tema Criacionismo, mas isoladamente. Foi ai que lhe surgiu a ideia de reunir todas essas pessoas a fim de formar uma equipe [&hellip;]","og_url":"https:\/\/scb.org.br\/numar\/sobre\/nossa-historia\/","og_site_name":"NUMAR-SCB","twitter_card":"summary_large_image","twitter_misc":{"Est. tempo de leitura":"2 minutos"},"schema":{"@context":"https:\/\/schema.org","@graph":[{"@type":"WebPage","@id":"https:\/\/scb.org.br\/numar\/sobre\/nossa-historia\/","url":"https:\/\/scb.org.br\/numar\/sobre\/nossa-historia\/","name":"Nossa Hist\u00f3ria - NUMAR-SCB","isPartOf":{"@id":"https:\/\/scb.org.br\/numar\/#website"},"datePublished":"2016-09-17T18:02:32+00:00","breadcrumb":{"@id":"https:\/\/scb.org.br\/numar\/sobre\/nossa-historia\/#breadcrumb"},"inLanguage":"pt-BR","potentialAction":[{"@type":"ReadAction","target":["https:\/\/scb.org.br\/numar\/sobre\/nossa-historia\/"]}]},{"@type":"BreadcrumbList","@id":"https:\/\/scb.org.br\/numar\/sobre\/nossa-historia\/#breadcrumb","itemListElement":[{"@type":"ListItem","position":1,"name":"P\u00e1gina Inicial","item":"https:\/\/scb.org.br\/numar\/"},{"@type":"ListItem","position":2,"name":"Sobre N\u00f3s","item":"https:\/\/scb.org.br\/numar\/sobre\/"},{"@type":"ListItem","position":3,"name":"Nossa Hist\u00f3ria"}]},{"@type":"WebSite","@id":"https:\/\/scb.org.br\/numar\/#website","url":"https:\/\/scb.org.br\/numar\/","name":"NUMAR-SCB","description":"N\u00facleo Maringaense da Sociedade Criacionista Brasileira","publisher":{"@id":"https:\/\/scb.org.br\/numar\/#organization"},"potentialAction":[{"@type":"SearchAction","target":{"@type":"EntryPoint","urlTemplate":"https:\/\/scb.org.br\/numar\/?s={search_term_string}"},"query-input":{"@type":"PropertyValueSpecification","valueRequired":true,"valueName":"search_term_string"}}],"inLanguage":"pt-BR"},{"@type":"Organization","@id":"https:\/\/scb.org.br\/numar\/#organization","name":"NUMAR-SCB - N\u00facleo Maringaense da Sociedade Criacionista Brasileira","url":"https:\/\/scb.org.br\/numar\/","logo":{"@type":"ImageObject","inLanguage":"pt-BR","@id":"https:\/\/scb.org.br\/numar\/#\/schema\/logo\/image\/","url":"https:\/\/scb.org.br\/numar\/wp-content\/uploads\/sites\/6\/2020\/05\/logo-1.png","contentUrl":"https:\/\/scb.org.br\/numar\/wp-content\/uploads\/sites\/6\/2020\/05\/logo-1.png","width":248,"height":263,"caption":"NUMAR-SCB - N\u00facleo Maringaense da Sociedade Criacionista Brasileira"},"image":{"@id":"https:\/\/scb.org.br\/numar\/#\/schema\/logo\/image\/"}}]}},"_links":{"self":[{"href":"https:\/\/scb.org.br\/numar\/wp-json\/wp\/v2\/pages\/71","targetHints":{"allow":["GET"]}}],"collection":[{"href":"https:\/\/scb.org.br\/numar\/wp-json\/wp\/v2\/pages"}],"about":[{"href":"https:\/\/scb.org.br\/numar\/wp-json\/wp\/v2\/types\/page"}],"author":[{"embeddable":true,"href":"https:\/\/scb.org.br\/numar\/wp-json\/wp\/v2\/users\/1"}],"replies":[{"embeddable":true,"href":"https:\/\/scb.org.br\/numar\/wp-json\/wp\/v2\/comments?post=71"}],"version-history":[{"count":0,"href":"https:\/\/scb.org.br\/numar\/wp-json\/wp\/v2\/pages\/71\/revisions"}],"up":[{"embeddable":true,"href":"https:\/\/scb.org.br\/numar\/wp-json\/wp\/v2\/pages\/79"}],"wp:attachment":[{"href":"https:\/\/scb.org.br\/numar\/wp-json\/wp\/v2\/media?parent=71"}],"curies":[{"name":"wp","href":"https:\/\/api.w.org\/{rel}","templated":true}]}}