{"id":83,"date":"2018-10-10T11:14:20","date_gmt":"2018-10-10T14:14:20","guid":{"rendered":"https:\/\/nulon.scb.org.br\/?page_id=83"},"modified":"2018-10-10T11:16:49","modified_gmt":"2018-10-10T14:16:49","slug":"politica-de-privacidade","status":"publish","type":"page","link":"https:\/\/scb.org.br\/nulon\/loja\/politica-de-privacidade\/","title":{"rendered":"Pol\u00edtica de privacidade"},"content":{"rendered":"<p><strong>SEGURAN\u00c7A<\/strong><br \/>\nNossa loja garante seguran\u00e7a e privacidade de identidade aos internautas que fazem compras na loja virtual. Dados cadastrados como nome, endere\u00e7o e n\u00famero de cart\u00e3o de cr\u00e9dito s\u00e3o protegidos por sistemas avan\u00e7ados de criptografia.<\/p>\n<p>O site do NULON-SCB tem adotado os n\u00edveis legalmente requeridos quanto \u00e0 seguran\u00e7a na prote\u00e7\u00e3o de dados, tendo instalado todos os meios e medidas t\u00e9cnicas ao seu alcance para evitar a perda, mau uso, altera\u00e7\u00e3o, acesso n\u00e3o autorizado ou subtra\u00e7\u00e3o indevida dos Dados Pessoais recolhidos. N\u00e3o obstante, o usu\u00e1rio deve estar ciente de que as medidas de seguran\u00e7a relativas \u00e0 Internet n\u00e3o s\u00e3o integralmente infal\u00edveis.<\/p>\n<p>O NULON-SCB reserva-se o direito de modificar a presente pol\u00edtica para adapt\u00e1-la a altera\u00e7\u00f5es legislativas ou jurisprud\u00eancias, ou aquelas relativas \u00e0s pr\u00e1ticas comerciais. Em qualquer caso, o\u00a0NULON-SCB anunciar\u00e1 no site, por meio desta p\u00e1gina, as mudan\u00e7as introduzidas com uma anteced\u00eancia razo\u00e1vel \u00e0 sua coloca\u00e7\u00e3o em pr\u00e1tica.<br \/>\nOs Usu\u00e1rios poder\u00e3o exercer os direitos de acesso, cancelamento, retifica\u00e7\u00e3o e oposi\u00e7\u00e3o, bem como t\u00eam reconhecido o direito de obterem informa\u00e7\u00f5es contatando ao\u00a0NULON-SCB diretamente pelo e-mail: <a href=\"mailto:contato@nulon.scb.org.br\">contato@nulon.scb.org.br<\/a>.<\/p>\n<p><strong>COLETA DE INFORMA\u00c7\u00d5ES<\/strong><br \/>\nAo se cadastrar, os clientes determinam voluntariamente que desejam fornecer os seus Dados Pessoais requeridos na contrata\u00e7\u00e3o, atualiza\u00e7\u00e3o ou cancelamento de determinados servi\u00e7os oferecidos no site ou atrav\u00e9s dele, tais como: ades\u00e3o ao Programa Fidelidade, compras na loja virtual, contatos com os servi\u00e7os de atendimento e outros.<br \/>\nOs Dados Pessoais recolhidos ser\u00e3o objeto de tratamento automatizado, sendo incorporados aos correspondentes registros eletr\u00f4nicos de dados pessoais, dos quais o NULON-SCB ser\u00e1 titular e respons\u00e1vel. Os dados obtidos e utilizados pelo NULON-SCB, bem como pelos parceiros contratados pelo NULON-SCB para os servi\u00e7os oferecidos no site fazem parte dessa pol\u00edtica.<\/p>\n<p><strong>UTILIZA\u00c7\u00c3O DAS INFORMA\u00c7\u00d5ES<\/strong><br \/>\nAs informa\u00e7\u00f5es pessoais fornecidas pelos clientes s\u00e3o utilizadas com o prop\u00f3sito b\u00e1sico de identificar o p\u00fablico usu\u00e1rio, seu perfil e h\u00e1bitos de compra, para gest\u00e3o, administra\u00e7\u00e3o, atendimento, amplia\u00e7\u00e3o e melhorias nos produtos e servi\u00e7os oferecidos; tamb\u00e9m para a adequa\u00e7\u00e3o dos servi\u00e7os \u00e0s prefer\u00eancias e gostos dos usu\u00e1rios, para a cria\u00e7\u00e3o de novos produtos e servi\u00e7os, para o envio de informa\u00e7\u00f5es operacionais e comerciais relativas aos produtos e servi\u00e7os, por meios tradicionais e\/ou eletr\u00f4nicos.<\/p>\n<p>O NULON-SCB SE COMPROMETE A:<br \/>\n\u2013 Corrigir prontamente quaisquer altera\u00e7\u00f5es relativas aos Dados Pessoais do Usu\u00e1rio. Para tanto, o Usu\u00e1rio dever\u00e1 informar ao NULON-SCB toda mudan\u00e7a nos respectivos dados;<br \/>\n\u2013 N\u00e3o divulgar sem pr\u00e9via autoriza\u00e7\u00e3o, em hip\u00f3tese alguma, o e-mail do internauta que se cadastrar em p\u00e1ginas que requerem preenchimento de dados pessoais;<br \/>\n\u2013 Possibilitar ao internauta o cancelamento, a qualquer momento, do envio por e-mail de material informativo solicitado anteriormente;<br \/>\n\u2013 N\u00e3o comercializar ou divulgar os dados de seus clientes para outros fins que n\u00e3o sejam para a\u00e7\u00f5es do NULON-SCB, sejam eles atrav\u00e9s de contatos de nossa \u00e1rea de relacionamento, a\u00e7\u00f5es do programa fidelidade, informa\u00e7\u00f5es sobre produtos e promo\u00e7\u00f5es.<br \/>\nO NULON-SCB adota como pol\u00edtica o compromisso de n\u00e3o divulgar informa\u00e7\u00f5es sobre os acessos realizados por seus usu\u00e1rios, a menos que seja obrigado a faz\u00ea-lo mediante ordem judicial ou no estrito cumprimento de norma legal. Da mesma forma, o NULON-SCB mant\u00e9m confidenciais os dados cadastrais privados de seus usu\u00e1rios, s\u00f3 os revelando a terceiros nos casos em que n\u00e3o haja veda\u00e7\u00f5es legais, ou em raz\u00e3o de ordem judicial ou, ainda, mediante autoriza\u00e7\u00e3o de seus titulares.<\/p>\n<p><strong>HIST\u00d3RICO DE PRODUTOS VISUALIZADOS<\/strong><br \/>\nO site do NULON-SCB pode, eventualmente, gravar arquivos de dados chamados &#8220;cookies&#8221; no computador do usu\u00e1rio. Esses arquivos n\u00e3o ocupam espa\u00e7o de mem\u00f3ria do micro, mas com eles se pode personalizar cada p\u00e1gina visualizada por voc\u00ea no site, o que torna sua navega\u00e7\u00e3o mais interessante e \u00e1gil. No entanto, a desativa\u00e7\u00e3o da instala\u00e7\u00e3o destes arquivos no software de navega\u00e7\u00e3o \u00e9 pass\u00edvel de acontecer, se assim voc\u00ea preferir, ainda que continue a utilizar os servi\u00e7os que o site oferece.<\/p>\n<p><strong>E-MAIL MARKETING<\/strong><br \/>\nNossa pr\u00e1tica de envio de e-mail marketing est\u00e1 dentro dos padr\u00f5es estabelecidos pelo C\u00f3digo de Autorregulamenta\u00e7\u00e3o para Pr\u00e1tica de E-mail Marketing (CAPEM) que prev\u00ea de acordo com o Cap\u00edtulo I, Art. 1\u00b0 a utiliza\u00e7\u00e3o<\/p>\n","protected":false},"excerpt":{"rendered":"<p>SEGURAN\u00c7A Nossa loja garante seguran\u00e7a e privacidade de identidade aos internautas que fazem compras na loja virtual. Dados cadastrados como nome, endere\u00e7o e n\u00famero de cart\u00e3o de cr\u00e9dito s\u00e3o protegidos por sistemas avan\u00e7ados de criptografia. O site do NULON-SCB tem adotado os n\u00edveis legalmente requeridos quanto \u00e0 seguran\u00e7a na prote\u00e7\u00e3o de dados, tendo instalado todos [&hellip;]<\/p>\n","protected":false},"author":1,"featured_media":0,"parent":76,"menu_order":0,"comment_status":"closed","ping_status":"closed","template":"","meta":{"_acf_changed":false,"_et_pb_use_builder":"","_et_pb_old_content":"","_et_gb_content_width":"","om_disable_all_campaigns":false,"footnotes":""},"class_list":["post-83","page","type-page","status-publish","hentry"],"acf":[],"yoast_head":"<!-- This site is optimized with the Yoast SEO plugin v27.3 - https:\/\/yoast.com\/product\/yoast-seo-wordpress\/ -->\n<title>Pol\u00edtica de privacidade - NULON-SCB<\/title>\n<meta name=\"robots\" content=\"index, follow, max-snippet:-1, max-image-preview:large, max-video-preview:-1\" \/>\n<link rel=\"canonical\" href=\"https:\/\/scb.org.br\/nulon\/loja\/politica-de-privacidade\/\" \/>\n<meta property=\"og:locale\" content=\"pt_BR\" \/>\n<meta property=\"og:type\" content=\"article\" \/>\n<meta property=\"og:title\" content=\"Pol\u00edtica de privacidade - NULON-SCB\" \/>\n<meta property=\"og:description\" content=\"SEGURAN\u00c7A Nossa loja garante seguran\u00e7a e privacidade de identidade aos internautas que fazem compras na loja virtual. Dados cadastrados como nome, endere\u00e7o e n\u00famero de cart\u00e3o de cr\u00e9dito s\u00e3o protegidos por sistemas avan\u00e7ados de criptografia. O site do NULON-SCB tem adotado os n\u00edveis legalmente requeridos quanto \u00e0 seguran\u00e7a na prote\u00e7\u00e3o de dados, tendo instalado todos [&hellip;]\" \/>\n<meta property=\"og:url\" content=\"https:\/\/scb.org.br\/nulon\/loja\/politica-de-privacidade\/\" \/>\n<meta property=\"og:site_name\" content=\"NULON-SCB\" \/>\n<meta property=\"article:modified_time\" content=\"2018-10-10T14:16:49+00:00\" \/>\n<meta name=\"twitter:card\" content=\"summary_large_image\" \/>\n<meta name=\"twitter:label1\" content=\"Est. tempo de leitura\" \/>\n\t<meta name=\"twitter:data1\" content=\"4 minutos\" \/>\n<script type=\"application\/ld+json\" class=\"yoast-schema-graph\">{\"@context\":\"https:\\\/\\\/schema.org\",\"@graph\":[{\"@type\":\"WebPage\",\"@id\":\"https:\\\/\\\/scb.org.br\\\/nulon\\\/loja\\\/politica-de-privacidade\\\/\",\"url\":\"https:\\\/\\\/scb.org.br\\\/nulon\\\/loja\\\/politica-de-privacidade\\\/\",\"name\":\"Pol\u00edtica de privacidade - NULON-SCB\",\"isPartOf\":{\"@id\":\"https:\\\/\\\/scb.org.br\\\/nulon\\\/#website\"},\"datePublished\":\"2018-10-10T14:14:20+00:00\",\"dateModified\":\"2018-10-10T14:16:49+00:00\",\"breadcrumb\":{\"@id\":\"https:\\\/\\\/scb.org.br\\\/nulon\\\/loja\\\/politica-de-privacidade\\\/#breadcrumb\"},\"inLanguage\":\"pt-BR\",\"potentialAction\":[{\"@type\":\"ReadAction\",\"target\":[\"https:\\\/\\\/scb.org.br\\\/nulon\\\/loja\\\/politica-de-privacidade\\\/\"]}]},{\"@type\":\"BreadcrumbList\",\"@id\":\"https:\\\/\\\/scb.org.br\\\/nulon\\\/loja\\\/politica-de-privacidade\\\/#breadcrumb\",\"itemListElement\":[{\"@type\":\"ListItem\",\"position\":1,\"name\":\"Home\",\"item\":\"https:\\\/\\\/scb.org.br\\\/nulon\\\/\"},{\"@type\":\"ListItem\",\"position\":2,\"name\":\"Loja\",\"item\":\"https:\\\/\\\/scb.org.br\\\/nulon\\\/loja\\\/\"},{\"@type\":\"ListItem\",\"position\":3,\"name\":\"Pol\u00edtica de privacidade\"}]},{\"@type\":\"WebSite\",\"@id\":\"https:\\\/\\\/scb.org.br\\\/nulon\\\/#website\",\"url\":\"https:\\\/\\\/scb.org.br\\\/nulon\\\/\",\"name\":\"NULON-SCB\",\"description\":\"N\u00facleo Londrinense da Sociedade Criacionista Brasileira\",\"publisher\":{\"@id\":\"https:\\\/\\\/scb.org.br\\\/nulon\\\/#organization\"},\"potentialAction\":[{\"@type\":\"SearchAction\",\"target\":{\"@type\":\"EntryPoint\",\"urlTemplate\":\"https:\\\/\\\/scb.org.br\\\/nulon\\\/?s={search_term_string}\"},\"query-input\":{\"@type\":\"PropertyValueSpecification\",\"valueRequired\":true,\"valueName\":\"search_term_string\"}}],\"inLanguage\":\"pt-BR\"},{\"@type\":\"Organization\",\"@id\":\"https:\\\/\\\/scb.org.br\\\/nulon\\\/#organization\",\"name\":\"NULON-SCB - N\u00facleo Londrinense da Sociedade Criacionista Brasileira\",\"url\":\"https:\\\/\\\/scb.org.br\\\/nulon\\\/\",\"logo\":{\"@type\":\"ImageObject\",\"inLanguage\":\"pt-BR\",\"@id\":\"https:\\\/\\\/scb.org.br\\\/nulon\\\/#\\\/schema\\\/logo\\\/image\\\/\",\"url\":\"https:\\\/\\\/scb.org.br\\\/nulon\\\/wp-content\\\/uploads\\\/sites\\\/5\\\/2018\\\/09\\\/logo-nulon-scb-512.png\",\"contentUrl\":\"https:\\\/\\\/scb.org.br\\\/nulon\\\/wp-content\\\/uploads\\\/sites\\\/5\\\/2018\\\/09\\\/logo-nulon-scb-512.png\",\"width\":512,\"height\":512,\"caption\":\"NULON-SCB - N\u00facleo Londrinense da Sociedade Criacionista Brasileira\"},\"image\":{\"@id\":\"https:\\\/\\\/scb.org.br\\\/nulon\\\/#\\\/schema\\\/logo\\\/image\\\/\"}}]}<\/script>\n<!-- \/ Yoast SEO plugin. -->","yoast_head_json":{"title":"Pol\u00edtica de privacidade - NULON-SCB","robots":{"index":"index","follow":"follow","max-snippet":"max-snippet:-1","max-image-preview":"max-image-preview:large","max-video-preview":"max-video-preview:-1"},"canonical":"https:\/\/scb.org.br\/nulon\/loja\/politica-de-privacidade\/","og_locale":"pt_BR","og_type":"article","og_title":"Pol\u00edtica de privacidade - NULON-SCB","og_description":"SEGURAN\u00c7A Nossa loja garante seguran\u00e7a e privacidade de identidade aos internautas que fazem compras na loja virtual. Dados cadastrados como nome, endere\u00e7o e n\u00famero de cart\u00e3o de cr\u00e9dito s\u00e3o protegidos por sistemas avan\u00e7ados de criptografia. O site do NULON-SCB tem adotado os n\u00edveis legalmente requeridos quanto \u00e0 seguran\u00e7a na prote\u00e7\u00e3o de dados, tendo instalado todos [&hellip;]","og_url":"https:\/\/scb.org.br\/nulon\/loja\/politica-de-privacidade\/","og_site_name":"NULON-SCB","article_modified_time":"2018-10-10T14:16:49+00:00","twitter_card":"summary_large_image","twitter_misc":{"Est. tempo de leitura":"4 minutos"},"schema":{"@context":"https:\/\/schema.org","@graph":[{"@type":"WebPage","@id":"https:\/\/scb.org.br\/nulon\/loja\/politica-de-privacidade\/","url":"https:\/\/scb.org.br\/nulon\/loja\/politica-de-privacidade\/","name":"Pol\u00edtica de privacidade - NULON-SCB","isPartOf":{"@id":"https:\/\/scb.org.br\/nulon\/#website"},"datePublished":"2018-10-10T14:14:20+00:00","dateModified":"2018-10-10T14:16:49+00:00","breadcrumb":{"@id":"https:\/\/scb.org.br\/nulon\/loja\/politica-de-privacidade\/#breadcrumb"},"inLanguage":"pt-BR","potentialAction":[{"@type":"ReadAction","target":["https:\/\/scb.org.br\/nulon\/loja\/politica-de-privacidade\/"]}]},{"@type":"BreadcrumbList","@id":"https:\/\/scb.org.br\/nulon\/loja\/politica-de-privacidade\/#breadcrumb","itemListElement":[{"@type":"ListItem","position":1,"name":"Home","item":"https:\/\/scb.org.br\/nulon\/"},{"@type":"ListItem","position":2,"name":"Loja","item":"https:\/\/scb.org.br\/nulon\/loja\/"},{"@type":"ListItem","position":3,"name":"Pol\u00edtica de privacidade"}]},{"@type":"WebSite","@id":"https:\/\/scb.org.br\/nulon\/#website","url":"https:\/\/scb.org.br\/nulon\/","name":"NULON-SCB","description":"N\u00facleo Londrinense da Sociedade Criacionista Brasileira","publisher":{"@id":"https:\/\/scb.org.br\/nulon\/#organization"},"potentialAction":[{"@type":"SearchAction","target":{"@type":"EntryPoint","urlTemplate":"https:\/\/scb.org.br\/nulon\/?s={search_term_string}"},"query-input":{"@type":"PropertyValueSpecification","valueRequired":true,"valueName":"search_term_string"}}],"inLanguage":"pt-BR"},{"@type":"Organization","@id":"https:\/\/scb.org.br\/nulon\/#organization","name":"NULON-SCB - N\u00facleo Londrinense da Sociedade Criacionista Brasileira","url":"https:\/\/scb.org.br\/nulon\/","logo":{"@type":"ImageObject","inLanguage":"pt-BR","@id":"https:\/\/scb.org.br\/nulon\/#\/schema\/logo\/image\/","url":"https:\/\/scb.org.br\/nulon\/wp-content\/uploads\/sites\/5\/2018\/09\/logo-nulon-scb-512.png","contentUrl":"https:\/\/scb.org.br\/nulon\/wp-content\/uploads\/sites\/5\/2018\/09\/logo-nulon-scb-512.png","width":512,"height":512,"caption":"NULON-SCB - N\u00facleo Londrinense da Sociedade Criacionista Brasileira"},"image":{"@id":"https:\/\/scb.org.br\/nulon\/#\/schema\/logo\/image\/"}}]}},"_links":{"self":[{"href":"https:\/\/scb.org.br\/nulon\/wp-json\/wp\/v2\/pages\/83","targetHints":{"allow":["GET"]}}],"collection":[{"href":"https:\/\/scb.org.br\/nulon\/wp-json\/wp\/v2\/pages"}],"about":[{"href":"https:\/\/scb.org.br\/nulon\/wp-json\/wp\/v2\/types\/page"}],"author":[{"embeddable":true,"href":"https:\/\/scb.org.br\/nulon\/wp-json\/wp\/v2\/users\/1"}],"replies":[{"embeddable":true,"href":"https:\/\/scb.org.br\/nulon\/wp-json\/wp\/v2\/comments?post=83"}],"version-history":[{"count":3,"href":"https:\/\/scb.org.br\/nulon\/wp-json\/wp\/v2\/pages\/83\/revisions"}],"predecessor-version":[{"id":86,"href":"https:\/\/scb.org.br\/nulon\/wp-json\/wp\/v2\/pages\/83\/revisions\/86"}],"up":[{"embeddable":true,"href":"https:\/\/scb.org.br\/nulon\/wp-json\/wp\/v2\/pages\/76"}],"wp:attachment":[{"href":"https:\/\/scb.org.br\/nulon\/wp-json\/wp\/v2\/media?parent=83"}],"curies":[{"name":"wp","href":"https:\/\/api.w.org\/{rel}","templated":true}]}}