{"id":63,"date":"2018-09-30T11:29:54","date_gmt":"2018-09-30T14:29:54","guid":{"rendered":"https:\/\/nulon.scb.org.br\/?page_id=63"},"modified":"2018-09-30T11:38:18","modified_gmt":"2018-09-30T14:38:18","slug":"historia","status":"publish","type":"page","link":"https:\/\/scb.org.br\/nulon\/historia\/","title":{"rendered":"Hist\u00f3ria"},"content":{"rendered":"<p>O sentimento de despreparo para o enfrentamento de poss\u00edveis contesta\u00e7\u00f5es e debates sobre f\u00e9 e religi\u00e3o no espa\u00e7o acad\u00eamico, em presen\u00e7a da ignor\u00e2ncia difundida socialmente a respeito das quest\u00f5es que problematizam a cosmovis\u00e3o evolucionista &#8211; como modelo ideol\u00f3gico predominante e resguardado no \u00e2mbito social -, foi o que motivou um grupo de jovens crist\u00e3os a se unirem e come\u00e7arem um grupo de estudos criacionista.<\/p>\n<div id=\"attachment_64\" style=\"width: 310px\" class=\"wp-caption aligncenter\"><img loading=\"lazy\" decoding=\"async\" aria-describedby=\"caption-attachment-64\" class=\"wp-image-64 size-medium\" src=\"https:\/\/nulon.scb.org.br\/wp-content\/uploads\/sites\/5\/2018\/09\/17-de-dez-300x252.jpg\" alt=\"\" width=\"300\" height=\"252\" srcset=\"https:\/\/scb.org.br\/nulon\/wp-content\/uploads\/sites\/5\/2018\/09\/17-de-dez-300x252.jpg 300w, https:\/\/scb.org.br\/nulon\/wp-content\/uploads\/sites\/5\/2018\/09\/17-de-dez-768x646.jpg 768w, https:\/\/scb.org.br\/nulon\/wp-content\/uploads\/sites\/5\/2018\/09\/17-de-dez-1024x861.jpg 1024w, https:\/\/scb.org.br\/nulon\/wp-content\/uploads\/sites\/5\/2018\/09\/17-de-dez.jpg 1080w, https:\/\/scb.org.br\/nulon\/wp-content\/uploads\/sites\/5\/2018\/09\/17-de-dez-600x504.jpg 600w\" sizes=\"(max-width: 300px) 100vw, 300px\" \/><p id=\"caption-attachment-64\" class=\"wp-caption-text\">Reuni\u00e3o (2016)<\/p><\/div>\n<p>Esse grupo, que nasce em agosto de 2016, se re\u00fane mensalmente e persiste aos desafios iniciais, de modo a desenvolver um programa de leituras e a ampliar as rela\u00e7\u00f5es e contatos entre criacionistas de v\u00e1rias partes do Brasil mediante as redes sociais e diversos eventos criacionistas. Com o apoio da Sociedade Criacionista Brasileira (SCB) e do N\u00facleo Maringaense da SCB (NUMAR-SCB), em setembro de 2017, o grupo de estudos londrinense se transforma em um n\u00facleo: o NULON-SCB (N\u00facleo Londrinense da Sociedade Criacionista Brasileira).<\/p>\n<div id=\"attachment_66\" style=\"width: 310px\" class=\"wp-caption aligncenter\"><img loading=\"lazy\" decoding=\"async\" aria-describedby=\"caption-attachment-66\" class=\"wp-image-66 size-medium\" src=\"https:\/\/nulon.scb.org.br\/wp-content\/uploads\/sites\/5\/2018\/09\/20170907_172150-2-300x225.jpg\" alt=\"\" width=\"300\" height=\"225\" srcset=\"https:\/\/scb.org.br\/nulon\/wp-content\/uploads\/sites\/5\/2018\/09\/20170907_172150-2-300x225.jpg 300w, https:\/\/scb.org.br\/nulon\/wp-content\/uploads\/sites\/5\/2018\/09\/20170907_172150-2-768x576.jpg 768w, https:\/\/scb.org.br\/nulon\/wp-content\/uploads\/sites\/5\/2018\/09\/20170907_172150-2-1024x768.jpg 1024w, https:\/\/scb.org.br\/nulon\/wp-content\/uploads\/sites\/5\/2018\/09\/20170907_172150-2-1080x810.jpg 1080w, https:\/\/scb.org.br\/nulon\/wp-content\/uploads\/sites\/5\/2018\/09\/20170907_172150-2-600x450.jpg 600w\" sizes=\"(max-width: 300px) 100vw, 300px\" \/><p id=\"caption-attachment-66\" class=\"wp-caption-text\">Reuni\u00e3o com a diretoria da SCB e funda\u00e7\u00e3o do n\u00facleo (07\/09\/2017)<\/p><\/div>\n<p>Nessa ocasi\u00e3o, o NULON-SCB \u00e9 formado por pessoas que est\u00e3o em busca da constru\u00e7\u00e3o e difus\u00e3o de conhecimentos \u2013 o que nos impulsiona a atuar de diferentes formas, como pelo incentivo e continuidade de grupos de estudos, pela divulga\u00e7\u00e3o de conte\u00fados nas redes sociais e pela organiza\u00e7\u00e3o de eventos &#8211; dentro da cosmovis\u00e3o criacionista b\u00edblica. Compreendemos que as cosmovis\u00f5es est\u00e3o relacionadas \u00e0 mentalidade diante da forma de conceber o mundo e a exist\u00eancia. Logo, o criacionismo se constitui como uma cosmovis\u00e3o e um modelo de entendimento das origens muito amplo e complexo, que traz implica\u00e7\u00f5es determinantes para a constru\u00e7\u00f5es conceituais em todas as \u00e1reas do conhecimento e da vida humana &#8211; como, por exemplo, os conceitos de natureza, vida, fam\u00edlia, educa\u00e7\u00e3o, ci\u00eancia, religi\u00e3o, sociedade, pol\u00edtica, e etc.<\/p>\n<p>Inegavelmente estamos inseridos em escolas e universidades laicas, e at\u00e9 mesmo \u201creligiosas\u201d, onde o evolucionismo, o naturalismo e o relativismo imperam. Embora a \u201ccriticidade\u201d seja uma aptid\u00e3o defendida na maioria dos discursos educacionais para o desenvolvimento das capacidades reflexivas das pessoas, em prol de uma liberdade e autonomia intelectual contra a aliena\u00e7\u00e3o social, percebemos que muitas vezes essa criticidade permanece apenas nos discursos. Muitos intelectuais que se dizem cr\u00edticos apenas defendem e transmitem ideias e resultados conclusivos de pesquisas cient\u00edficas que consideram como verdades, as quais contraditoriamente se baseiam em postulados n\u00e3o emp\u00edricos, aceitos de modo n\u00e3o cr\u00edtico. Nesse sentido, dentro de um espa\u00e7o acad\u00eamico, onde a cosmovis\u00e3o evolucionista impera, seu estudo sistem\u00e1tico e rigoroso \u00e9 importante, inegavelmente. Contudo, o conhecimento e a aprendizagem de perspectivas que v\u00e3o contra o senso comum e dominante, como o criacionismo, s\u00e3o imprescind\u00edveis para o real desenvolvimento da criticidade de uma pessoa e um posicionamento sensato diante das informa\u00e7\u00f5es e conhecimentos obtidos.<\/p>\n<p>Deste modo, entendemos que o grupo de estudos criacionista foi uma alternativa &#8211; que \u00e9 vi\u00e1vel de ser realizada tamb\u00e9m em outros lugares &#8211; importante para auxiliar e contribuir com uma forma\u00e7\u00e3o acad\u00eamica mais cr\u00edtica entre seus membros e aqueles com quem possuem contato. Isso porque, se algu\u00e9m deseja se posicionar e se declarar como evolucionista ou criacionista, precisa conhecer bem as duas cosmovis\u00f5es \u2013 e n\u00e3o apenas uma.<\/p>\n<div id=\"attachment_65\" style=\"width: 310px\" class=\"wp-caption aligncenter\"><img loading=\"lazy\" decoding=\"async\" aria-describedby=\"caption-attachment-65\" class=\"wp-image-65 size-medium\" src=\"https:\/\/nulon.scb.org.br\/wp-content\/uploads\/sites\/5\/2018\/09\/IMG_0658-300x213.jpg\" alt=\"\" width=\"300\" height=\"213\" srcset=\"https:\/\/scb.org.br\/nulon\/wp-content\/uploads\/sites\/5\/2018\/09\/IMG_0658-300x213.jpg 300w, https:\/\/scb.org.br\/nulon\/wp-content\/uploads\/sites\/5\/2018\/09\/IMG_0658-768x546.jpg 768w, https:\/\/scb.org.br\/nulon\/wp-content\/uploads\/sites\/5\/2018\/09\/IMG_0658-1024x728.jpg 1024w, https:\/\/scb.org.br\/nulon\/wp-content\/uploads\/sites\/5\/2018\/09\/IMG_0658-400x284.jpg 400w, https:\/\/scb.org.br\/nulon\/wp-content\/uploads\/sites\/5\/2018\/09\/IMG_0658-1080x768.jpg 1080w, https:\/\/scb.org.br\/nulon\/wp-content\/uploads\/sites\/5\/2018\/09\/IMG_0658-600x427.jpg 600w\" sizes=\"(max-width: 300px) 100vw, 300px\" \/><p id=\"caption-attachment-65\" class=\"wp-caption-text\">NULON SCB (2018)<\/p><\/div>\n","protected":false},"excerpt":{"rendered":"<p>O sentimento de despreparo para o enfrentamento de poss\u00edveis contesta\u00e7\u00f5es e debates sobre f\u00e9 e religi\u00e3o no espa\u00e7o acad\u00eamico, em presen\u00e7a da ignor\u00e2ncia difundida socialmente a respeito das quest\u00f5es que problematizam a cosmovis\u00e3o evolucionista &#8211; como modelo ideol\u00f3gico predominante e resguardado no \u00e2mbito social -, foi o que motivou um grupo de jovens crist\u00e3os a [&hellip;]<\/p>\n","protected":false},"author":1489,"featured_media":0,"parent":0,"menu_order":0,"comment_status":"closed","ping_status":"closed","template":"","meta":{"_acf_changed":false,"_et_pb_use_builder":"","_et_pb_old_content":"","_et_gb_content_width":"","om_disable_all_campaigns":false,"footnotes":""},"class_list":["post-63","page","type-page","status-publish","hentry"],"acf":[],"yoast_head":"<!-- This site is optimized with the Yoast SEO plugin v27.3 - https:\/\/yoast.com\/product\/yoast-seo-wordpress\/ -->\n<title>Hist\u00f3ria - NULON-SCB<\/title>\n<meta name=\"robots\" content=\"index, follow, max-snippet:-1, max-image-preview:large, max-video-preview:-1\" \/>\n<link rel=\"canonical\" href=\"https:\/\/scb.org.br\/nulon\/historia\/\" \/>\n<meta property=\"og:locale\" content=\"pt_BR\" \/>\n<meta property=\"og:type\" content=\"article\" \/>\n<meta property=\"og:title\" content=\"Hist\u00f3ria - NULON-SCB\" \/>\n<meta property=\"og:description\" content=\"O sentimento de despreparo para o enfrentamento de poss\u00edveis contesta\u00e7\u00f5es e debates sobre f\u00e9 e religi\u00e3o no espa\u00e7o acad\u00eamico, em presen\u00e7a da ignor\u00e2ncia difundida socialmente a respeito das quest\u00f5es que problematizam a cosmovis\u00e3o evolucionista &#8211; como modelo ideol\u00f3gico predominante e resguardado no \u00e2mbito social -, foi o que motivou um grupo de jovens crist\u00e3os a [&hellip;]\" \/>\n<meta property=\"og:url\" content=\"https:\/\/scb.org.br\/nulon\/historia\/\" \/>\n<meta property=\"og:site_name\" content=\"NULON-SCB\" \/>\n<meta property=\"article:modified_time\" content=\"2018-09-30T14:38:18+00:00\" \/>\n<meta property=\"og:image\" content=\"https:\/\/nulon.scb.org.br\/wp-content\/uploads\/sites\/5\/2018\/09\/17-de-dez-300x252.jpg\" \/>\n<meta name=\"twitter:card\" content=\"summary_large_image\" \/>\n<meta name=\"twitter:label1\" content=\"Est. tempo de leitura\" \/>\n\t<meta name=\"twitter:data1\" content=\"3 minutos\" \/>\n<script type=\"application\/ld+json\" class=\"yoast-schema-graph\">{\"@context\":\"https:\\\/\\\/schema.org\",\"@graph\":[{\"@type\":\"WebPage\",\"@id\":\"https:\\\/\\\/scb.org.br\\\/nulon\\\/historia\\\/\",\"url\":\"https:\\\/\\\/scb.org.br\\\/nulon\\\/historia\\\/\",\"name\":\"Hist\u00f3ria - NULON-SCB\",\"isPartOf\":{\"@id\":\"https:\\\/\\\/scb.org.br\\\/nulon\\\/#website\"},\"primaryImageOfPage\":{\"@id\":\"https:\\\/\\\/scb.org.br\\\/nulon\\\/historia\\\/#primaryimage\"},\"image\":{\"@id\":\"https:\\\/\\\/scb.org.br\\\/nulon\\\/historia\\\/#primaryimage\"},\"thumbnailUrl\":\"https:\\\/\\\/nulon.scb.org.br\\\/wp-content\\\/uploads\\\/sites\\\/5\\\/2018\\\/09\\\/17-de-dez-300x252.jpg\",\"datePublished\":\"2018-09-30T14:29:54+00:00\",\"dateModified\":\"2018-09-30T14:38:18+00:00\",\"breadcrumb\":{\"@id\":\"https:\\\/\\\/scb.org.br\\\/nulon\\\/historia\\\/#breadcrumb\"},\"inLanguage\":\"pt-BR\",\"potentialAction\":[{\"@type\":\"ReadAction\",\"target\":[\"https:\\\/\\\/scb.org.br\\\/nulon\\\/historia\\\/\"]}]},{\"@type\":\"ImageObject\",\"inLanguage\":\"pt-BR\",\"@id\":\"https:\\\/\\\/scb.org.br\\\/nulon\\\/historia\\\/#primaryimage\",\"url\":\"https:\\\/\\\/nulon.scb.org.br\\\/wp-content\\\/uploads\\\/sites\\\/5\\\/2018\\\/09\\\/17-de-dez-300x252.jpg\",\"contentUrl\":\"https:\\\/\\\/nulon.scb.org.br\\\/wp-content\\\/uploads\\\/sites\\\/5\\\/2018\\\/09\\\/17-de-dez-300x252.jpg\"},{\"@type\":\"BreadcrumbList\",\"@id\":\"https:\\\/\\\/scb.org.br\\\/nulon\\\/historia\\\/#breadcrumb\",\"itemListElement\":[{\"@type\":\"ListItem\",\"position\":1,\"name\":\"Home\",\"item\":\"https:\\\/\\\/scb.org.br\\\/nulon\\\/\"},{\"@type\":\"ListItem\",\"position\":2,\"name\":\"Hist\u00f3ria\"}]},{\"@type\":\"WebSite\",\"@id\":\"https:\\\/\\\/scb.org.br\\\/nulon\\\/#website\",\"url\":\"https:\\\/\\\/scb.org.br\\\/nulon\\\/\",\"name\":\"NULON-SCB\",\"description\":\"N\u00facleo Londrinense da Sociedade Criacionista Brasileira\",\"publisher\":{\"@id\":\"https:\\\/\\\/scb.org.br\\\/nulon\\\/#organization\"},\"potentialAction\":[{\"@type\":\"SearchAction\",\"target\":{\"@type\":\"EntryPoint\",\"urlTemplate\":\"https:\\\/\\\/scb.org.br\\\/nulon\\\/?s={search_term_string}\"},\"query-input\":{\"@type\":\"PropertyValueSpecification\",\"valueRequired\":true,\"valueName\":\"search_term_string\"}}],\"inLanguage\":\"pt-BR\"},{\"@type\":\"Organization\",\"@id\":\"https:\\\/\\\/scb.org.br\\\/nulon\\\/#organization\",\"name\":\"NULON-SCB - N\u00facleo Londrinense da Sociedade Criacionista Brasileira\",\"url\":\"https:\\\/\\\/scb.org.br\\\/nulon\\\/\",\"logo\":{\"@type\":\"ImageObject\",\"inLanguage\":\"pt-BR\",\"@id\":\"https:\\\/\\\/scb.org.br\\\/nulon\\\/#\\\/schema\\\/logo\\\/image\\\/\",\"url\":\"https:\\\/\\\/scb.org.br\\\/nulon\\\/wp-content\\\/uploads\\\/sites\\\/5\\\/2018\\\/09\\\/logo-nulon-scb-512.png\",\"contentUrl\":\"https:\\\/\\\/scb.org.br\\\/nulon\\\/wp-content\\\/uploads\\\/sites\\\/5\\\/2018\\\/09\\\/logo-nulon-scb-512.png\",\"width\":512,\"height\":512,\"caption\":\"NULON-SCB - N\u00facleo Londrinense da Sociedade Criacionista Brasileira\"},\"image\":{\"@id\":\"https:\\\/\\\/scb.org.br\\\/nulon\\\/#\\\/schema\\\/logo\\\/image\\\/\"}}]}<\/script>\n<!-- \/ Yoast SEO plugin. -->","yoast_head_json":{"title":"Hist\u00f3ria - NULON-SCB","robots":{"index":"index","follow":"follow","max-snippet":"max-snippet:-1","max-image-preview":"max-image-preview:large","max-video-preview":"max-video-preview:-1"},"canonical":"https:\/\/scb.org.br\/nulon\/historia\/","og_locale":"pt_BR","og_type":"article","og_title":"Hist\u00f3ria - NULON-SCB","og_description":"O sentimento de despreparo para o enfrentamento de poss\u00edveis contesta\u00e7\u00f5es e debates sobre f\u00e9 e religi\u00e3o no espa\u00e7o acad\u00eamico, em presen\u00e7a da ignor\u00e2ncia difundida socialmente a respeito das quest\u00f5es que problematizam a cosmovis\u00e3o evolucionista &#8211; como modelo ideol\u00f3gico predominante e resguardado no \u00e2mbito social -, foi o que motivou um grupo de jovens crist\u00e3os a [&hellip;]","og_url":"https:\/\/scb.org.br\/nulon\/historia\/","og_site_name":"NULON-SCB","article_modified_time":"2018-09-30T14:38:18+00:00","og_image":[{"url":"https:\/\/nulon.scb.org.br\/wp-content\/uploads\/sites\/5\/2018\/09\/17-de-dez-300x252.jpg","type":"","width":"","height":""}],"twitter_card":"summary_large_image","twitter_misc":{"Est. tempo de leitura":"3 minutos"},"schema":{"@context":"https:\/\/schema.org","@graph":[{"@type":"WebPage","@id":"https:\/\/scb.org.br\/nulon\/historia\/","url":"https:\/\/scb.org.br\/nulon\/historia\/","name":"Hist\u00f3ria - NULON-SCB","isPartOf":{"@id":"https:\/\/scb.org.br\/nulon\/#website"},"primaryImageOfPage":{"@id":"https:\/\/scb.org.br\/nulon\/historia\/#primaryimage"},"image":{"@id":"https:\/\/scb.org.br\/nulon\/historia\/#primaryimage"},"thumbnailUrl":"https:\/\/nulon.scb.org.br\/wp-content\/uploads\/sites\/5\/2018\/09\/17-de-dez-300x252.jpg","datePublished":"2018-09-30T14:29:54+00:00","dateModified":"2018-09-30T14:38:18+00:00","breadcrumb":{"@id":"https:\/\/scb.org.br\/nulon\/historia\/#breadcrumb"},"inLanguage":"pt-BR","potentialAction":[{"@type":"ReadAction","target":["https:\/\/scb.org.br\/nulon\/historia\/"]}]},{"@type":"ImageObject","inLanguage":"pt-BR","@id":"https:\/\/scb.org.br\/nulon\/historia\/#primaryimage","url":"https:\/\/nulon.scb.org.br\/wp-content\/uploads\/sites\/5\/2018\/09\/17-de-dez-300x252.jpg","contentUrl":"https:\/\/nulon.scb.org.br\/wp-content\/uploads\/sites\/5\/2018\/09\/17-de-dez-300x252.jpg"},{"@type":"BreadcrumbList","@id":"https:\/\/scb.org.br\/nulon\/historia\/#breadcrumb","itemListElement":[{"@type":"ListItem","position":1,"name":"Home","item":"https:\/\/scb.org.br\/nulon\/"},{"@type":"ListItem","position":2,"name":"Hist\u00f3ria"}]},{"@type":"WebSite","@id":"https:\/\/scb.org.br\/nulon\/#website","url":"https:\/\/scb.org.br\/nulon\/","name":"NULON-SCB","description":"N\u00facleo Londrinense da Sociedade Criacionista Brasileira","publisher":{"@id":"https:\/\/scb.org.br\/nulon\/#organization"},"potentialAction":[{"@type":"SearchAction","target":{"@type":"EntryPoint","urlTemplate":"https:\/\/scb.org.br\/nulon\/?s={search_term_string}"},"query-input":{"@type":"PropertyValueSpecification","valueRequired":true,"valueName":"search_term_string"}}],"inLanguage":"pt-BR"},{"@type":"Organization","@id":"https:\/\/scb.org.br\/nulon\/#organization","name":"NULON-SCB - N\u00facleo Londrinense da Sociedade Criacionista Brasileira","url":"https:\/\/scb.org.br\/nulon\/","logo":{"@type":"ImageObject","inLanguage":"pt-BR","@id":"https:\/\/scb.org.br\/nulon\/#\/schema\/logo\/image\/","url":"https:\/\/scb.org.br\/nulon\/wp-content\/uploads\/sites\/5\/2018\/09\/logo-nulon-scb-512.png","contentUrl":"https:\/\/scb.org.br\/nulon\/wp-content\/uploads\/sites\/5\/2018\/09\/logo-nulon-scb-512.png","width":512,"height":512,"caption":"NULON-SCB - N\u00facleo Londrinense da Sociedade Criacionista Brasileira"},"image":{"@id":"https:\/\/scb.org.br\/nulon\/#\/schema\/logo\/image\/"}}]}},"_links":{"self":[{"href":"https:\/\/scb.org.br\/nulon\/wp-json\/wp\/v2\/pages\/63","targetHints":{"allow":["GET"]}}],"collection":[{"href":"https:\/\/scb.org.br\/nulon\/wp-json\/wp\/v2\/pages"}],"about":[{"href":"https:\/\/scb.org.br\/nulon\/wp-json\/wp\/v2\/types\/page"}],"author":[{"embeddable":true,"href":"https:\/\/scb.org.br\/nulon\/wp-json\/wp\/v2\/users\/1489"}],"replies":[{"embeddable":true,"href":"https:\/\/scb.org.br\/nulon\/wp-json\/wp\/v2\/comments?post=63"}],"version-history":[{"count":3,"href":"https:\/\/scb.org.br\/nulon\/wp-json\/wp\/v2\/pages\/63\/revisions"}],"predecessor-version":[{"id":69,"href":"https:\/\/scb.org.br\/nulon\/wp-json\/wp\/v2\/pages\/63\/revisions\/69"}],"wp:attachment":[{"href":"https:\/\/scb.org.br\/nulon\/wp-json\/wp\/v2\/media?parent=63"}],"curies":[{"name":"wp","href":"https:\/\/api.w.org\/{rel}","templated":true}]}}