{"id":86,"date":"2020-04-12T17:17:45","date_gmt":"2020-04-12T20:17:45","guid":{"rendered":"https:\/\/nc.scb.org.br\/?page_id=86"},"modified":"2020-04-12T17:18:03","modified_gmt":"2020-04-12T20:18:03","slug":"propostas","status":"publish","type":"page","link":"https:\/\/scb.org.br\/nc\/institucional\/propostas\/","title":{"rendered":"Propostas Detalhadas"},"content":{"rendered":"<p><strong>Escolas e universidades:<\/strong><\/p>\n<ul>\n<li>Trabalhar em parceria com escolas e universidades auxiliando o ensino com<br \/>\neventos\/palestras\/aulas e atividades l\u00fadicas como gincanas e quizzes.<\/li>\n<li>Incentivar e organizar debates Criacionismo X Evolucionismo.<\/li>\n<li>Promo\u00e7\u00e3o de atividades de campo, como observa\u00e7\u00f5es astron\u00f4micas, visitas guiadas<br \/>\na s\u00edtios arqueol\u00f3gicos, museus e parques ecol\u00f3gicos.<\/li>\n<li>Treinar professores para o ensino do criacionismo e do evolucionismo cr\u00edtico<br \/>\ndentro de suas respectivas disciplinas.<\/li>\n<li>Produzir materiais de aux\u00edlio ao ensino criacionista para as diversas faixas et\u00e1rias,<br \/>\ncomo maquetes, miniaturas, figuras explicativas e publica\u00e7\u00f5es com linguagem did\u00e1tica e<br \/>\natraente.<\/li>\n<li>Incentivar e auxiliar a abertura de minicentros criacionistas nas escolas, bem como<br \/>\noferecer suporte ap\u00f3s a sua implanta\u00e7\u00e3o.<\/li>\n<\/ul>\n<p>&nbsp;<\/p>\n<p><strong>Igrejas:<\/strong><\/p>\n<ul>\n<li>Participar de programa\u00e7\u00f5es em igrejas de qualquer denomina\u00e7\u00e3o, despertando os<br \/>\nmembros para a relev\u00e2ncia deste tema na B\u00edblia.<\/li>\n<li>Trabalhar com a capacita\u00e7\u00e3o de pastores e obreiros para saberem defender a f\u00e9<br \/>\ntamb\u00e9m atrav\u00e9s do Livro da Natureza, quando questionados.<\/li>\n<\/ul>\n<p><strong>Eventos:<\/strong><\/p>\n<ul>\n<li>Realizar pelo menos um evento acad\u00eamico ao ano de grande relev\u00e2ncia, como<br \/>\nsimp\u00f3sios, jornadas ou congressos em locais com grande capacidade de p\u00fablico, contando<br \/>\ncom a presen\u00e7a de grandes expoentes do Criacionismo no Brasil e no mundo.<\/li>\n<li>Realizar os eventos em audit\u00f3rios sem v\u00ednculo com institui\u00e7\u00f5es religiosas,<br \/>\nevidenciando a relev\u00e2ncia cient\u00edfica do Criacionismo.<\/li>\n<li>Oferecer certificados de cursos e congressos promovidos pelo NC.<\/li>\n<li>Ensinar o Criacionismo B\u00edblico para as crian\u00e7as, bem como as implica\u00e7\u00f5es desta<br \/>\ncosmovis\u00e3o, atrav\u00e9s de atividades, brincadeiras, livros infantis e anima\u00e7\u00f5es.<\/li>\n<\/ul>\n<p><strong>A\u00e7\u00f5es sociais:<\/strong><\/p>\n<ul>\n<li>Arrecadar alimentos e\/ou outros produtos durante os eventos para doar \u00e0<br \/>\ninstitui\u00e7\u00f5es beneficentes.<\/li>\n<li>Promover a\u00e7\u00f5es em sa\u00fade.<\/li>\n<li>Participar em a\u00e7\u00f5es promovidas por entidades parceiras.<\/li>\n<\/ul>\n","protected":false},"excerpt":{"rendered":"<p>Escolas e universidades: Trabalhar em parceria com escolas e universidades auxiliando o ensino com eventos\/palestras\/aulas e atividades l\u00fadicas como gincanas e quizzes. Incentivar e organizar debates Criacionismo X Evolucionismo. Promo\u00e7\u00e3o de atividades de campo, como observa\u00e7\u00f5es astron\u00f4micas, visitas guiadas a s\u00edtios arqueol\u00f3gicos, museus e parques ecol\u00f3gicos. Treinar professores para o ensino do criacionismo e do [&hellip;]<\/p>\n","protected":false},"author":1,"featured_media":0,"parent":39,"menu_order":0,"comment_status":"closed","ping_status":"closed","template":"","meta":{"_acf_changed":false,"_et_pb_use_builder":"","_et_pb_old_content":"","_et_gb_content_width":"","om_disable_all_campaigns":false,"footnotes":""},"class_list":["post-86","page","type-page","status-publish","hentry"],"acf":[],"yoast_head":"<!-- This site is optimized with the Yoast SEO plugin v27.3 - https:\/\/yoast.com\/product\/yoast-seo-wordpress\/ -->\n<title>Propostas Detalhadas - NC-SCB<\/title>\n<meta name=\"robots\" content=\"index, follow, max-snippet:-1, max-image-preview:large, max-video-preview:-1\" \/>\n<link rel=\"canonical\" href=\"https:\/\/scb.org.br\/nc\/institucional\/propostas\/\" \/>\n<meta property=\"og:locale\" content=\"pt_BR\" \/>\n<meta property=\"og:type\" content=\"article\" \/>\n<meta property=\"og:title\" content=\"Propostas Detalhadas - NC-SCB\" \/>\n<meta property=\"og:description\" content=\"Escolas e universidades: Trabalhar em parceria com escolas e universidades auxiliando o ensino com eventos\/palestras\/aulas e atividades l\u00fadicas como gincanas e quizzes. Incentivar e organizar debates Criacionismo X Evolucionismo. Promo\u00e7\u00e3o de atividades de campo, como observa\u00e7\u00f5es astron\u00f4micas, visitas guiadas a s\u00edtios arqueol\u00f3gicos, museus e parques ecol\u00f3gicos. Treinar professores para o ensino do criacionismo e do [&hellip;]\" \/>\n<meta property=\"og:url\" content=\"https:\/\/scb.org.br\/nc\/institucional\/propostas\/\" \/>\n<meta property=\"og:site_name\" content=\"NC-SCB\" \/>\n<meta property=\"article:modified_time\" content=\"2020-04-12T20:18:03+00:00\" \/>\n<meta name=\"twitter:card\" content=\"summary_large_image\" \/>\n<meta name=\"twitter:label1\" content=\"Est. tempo de leitura\" \/>\n\t<meta name=\"twitter:data1\" content=\"1 minuto\" \/>\n<script type=\"application\/ld+json\" class=\"yoast-schema-graph\">{\"@context\":\"https:\\\/\\\/schema.org\",\"@graph\":[{\"@type\":\"WebPage\",\"@id\":\"https:\\\/\\\/scb.org.br\\\/nc\\\/institucional\\\/propostas\\\/\",\"url\":\"https:\\\/\\\/scb.org.br\\\/nc\\\/institucional\\\/propostas\\\/\",\"name\":\"Propostas Detalhadas - NC-SCB\",\"isPartOf\":{\"@id\":\"https:\\\/\\\/scb.org.br\\\/nc\\\/#website\"},\"datePublished\":\"2020-04-12T20:17:45+00:00\",\"dateModified\":\"2020-04-12T20:18:03+00:00\",\"breadcrumb\":{\"@id\":\"https:\\\/\\\/scb.org.br\\\/nc\\\/institucional\\\/propostas\\\/#breadcrumb\"},\"inLanguage\":\"pt-BR\",\"potentialAction\":[{\"@type\":\"ReadAction\",\"target\":[\"https:\\\/\\\/scb.org.br\\\/nc\\\/institucional\\\/propostas\\\/\"]}]},{\"@type\":\"BreadcrumbList\",\"@id\":\"https:\\\/\\\/scb.org.br\\\/nc\\\/institucional\\\/propostas\\\/#breadcrumb\",\"itemListElement\":[{\"@type\":\"ListItem\",\"position\":1,\"name\":\"Home\",\"item\":\"https:\\\/\\\/scb.org.br\\\/nc\\\/\"},{\"@type\":\"ListItem\",\"position\":2,\"name\":\"Institucional\",\"item\":\"https:\\\/\\\/scb.org.br\\\/nc\\\/institucional\\\/\"},{\"@type\":\"ListItem\",\"position\":3,\"name\":\"Propostas Detalhadas\"}]},{\"@type\":\"WebSite\",\"@id\":\"https:\\\/\\\/scb.org.br\\\/nc\\\/#website\",\"url\":\"https:\\\/\\\/scb.org.br\\\/nc\\\/\",\"name\":\"NC-SCB\",\"description\":\"N\u00facleo Curitibano da Sociedade Criacionista Brasileira\",\"potentialAction\":[{\"@type\":\"SearchAction\",\"target\":{\"@type\":\"EntryPoint\",\"urlTemplate\":\"https:\\\/\\\/scb.org.br\\\/nc\\\/?s={search_term_string}\"},\"query-input\":{\"@type\":\"PropertyValueSpecification\",\"valueRequired\":true,\"valueName\":\"search_term_string\"}}],\"inLanguage\":\"pt-BR\"}]}<\/script>\n<!-- \/ Yoast SEO plugin. -->","yoast_head_json":{"title":"Propostas Detalhadas - NC-SCB","robots":{"index":"index","follow":"follow","max-snippet":"max-snippet:-1","max-image-preview":"max-image-preview:large","max-video-preview":"max-video-preview:-1"},"canonical":"https:\/\/scb.org.br\/nc\/institucional\/propostas\/","og_locale":"pt_BR","og_type":"article","og_title":"Propostas Detalhadas - NC-SCB","og_description":"Escolas e universidades: Trabalhar em parceria com escolas e universidades auxiliando o ensino com eventos\/palestras\/aulas e atividades l\u00fadicas como gincanas e quizzes. Incentivar e organizar debates Criacionismo X Evolucionismo. Promo\u00e7\u00e3o de atividades de campo, como observa\u00e7\u00f5es astron\u00f4micas, visitas guiadas a s\u00edtios arqueol\u00f3gicos, museus e parques ecol\u00f3gicos. Treinar professores para o ensino do criacionismo e do [&hellip;]","og_url":"https:\/\/scb.org.br\/nc\/institucional\/propostas\/","og_site_name":"NC-SCB","article_modified_time":"2020-04-12T20:18:03+00:00","twitter_card":"summary_large_image","twitter_misc":{"Est. tempo de leitura":"1 minuto"},"schema":{"@context":"https:\/\/schema.org","@graph":[{"@type":"WebPage","@id":"https:\/\/scb.org.br\/nc\/institucional\/propostas\/","url":"https:\/\/scb.org.br\/nc\/institucional\/propostas\/","name":"Propostas Detalhadas - NC-SCB","isPartOf":{"@id":"https:\/\/scb.org.br\/nc\/#website"},"datePublished":"2020-04-12T20:17:45+00:00","dateModified":"2020-04-12T20:18:03+00:00","breadcrumb":{"@id":"https:\/\/scb.org.br\/nc\/institucional\/propostas\/#breadcrumb"},"inLanguage":"pt-BR","potentialAction":[{"@type":"ReadAction","target":["https:\/\/scb.org.br\/nc\/institucional\/propostas\/"]}]},{"@type":"BreadcrumbList","@id":"https:\/\/scb.org.br\/nc\/institucional\/propostas\/#breadcrumb","itemListElement":[{"@type":"ListItem","position":1,"name":"Home","item":"https:\/\/scb.org.br\/nc\/"},{"@type":"ListItem","position":2,"name":"Institucional","item":"https:\/\/scb.org.br\/nc\/institucional\/"},{"@type":"ListItem","position":3,"name":"Propostas Detalhadas"}]},{"@type":"WebSite","@id":"https:\/\/scb.org.br\/nc\/#website","url":"https:\/\/scb.org.br\/nc\/","name":"NC-SCB","description":"N\u00facleo Curitibano da Sociedade Criacionista Brasileira","potentialAction":[{"@type":"SearchAction","target":{"@type":"EntryPoint","urlTemplate":"https:\/\/scb.org.br\/nc\/?s={search_term_string}"},"query-input":{"@type":"PropertyValueSpecification","valueRequired":true,"valueName":"search_term_string"}}],"inLanguage":"pt-BR"}]}},"_links":{"self":[{"href":"https:\/\/scb.org.br\/nc\/wp-json\/wp\/v2\/pages\/86","targetHints":{"allow":["GET"]}}],"collection":[{"href":"https:\/\/scb.org.br\/nc\/wp-json\/wp\/v2\/pages"}],"about":[{"href":"https:\/\/scb.org.br\/nc\/wp-json\/wp\/v2\/types\/page"}],"author":[{"embeddable":true,"href":"https:\/\/scb.org.br\/nc\/wp-json\/wp\/v2\/users\/1"}],"replies":[{"embeddable":true,"href":"https:\/\/scb.org.br\/nc\/wp-json\/wp\/v2\/comments?post=86"}],"version-history":[{"count":2,"href":"https:\/\/scb.org.br\/nc\/wp-json\/wp\/v2\/pages\/86\/revisions"}],"predecessor-version":[{"id":88,"href":"https:\/\/scb.org.br\/nc\/wp-json\/wp\/v2\/pages\/86\/revisions\/88"}],"up":[{"embeddable":true,"href":"https:\/\/scb.org.br\/nc\/wp-json\/wp\/v2\/pages\/39"}],"wp:attachment":[{"href":"https:\/\/scb.org.br\/nc\/wp-json\/wp\/v2\/media?parent=86"}],"curies":[{"name":"wp","href":"https:\/\/api.w.org\/{rel}","templated":true}]}}