{"id":84,"date":"2020-04-12T17:14:56","date_gmt":"2020-04-12T20:14:56","guid":{"rendered":"https:\/\/nc.scb.org.br\/?page_id=84"},"modified":"2023-07-17T22:25:58","modified_gmt":"2023-07-18T01:25:58","slug":"historia","status":"publish","type":"page","link":"https:\/\/scb.org.br\/nc\/institucional\/historia\/","title":{"rendered":"Hist\u00f3ria"},"content":{"rendered":"\n<p>Os primeiros ind\u00edcios da forma\u00e7\u00e3o de um n\u00facleo criacionista em Curitiba surgiram<br>em 2014, quando o ge\u00f3grafo Andr\u00e9 Luiz Marques reuniu um grupo de pesquisadores para<br>debates criacionistas.<\/p>\n\n\n\n<p>Em 2017, em um encontro de professores das escolas adventistas, o<br>imunogeneticista Everton Fernando Alves (membro do NUMAR), o ge\u00f3logo H\u00e9rlon da Silva<br>Costa e o estudante de biologia Weliton Augusto Gomes realizaram um planejamento para a<br>forma\u00e7\u00e3o de um n\u00facleo criacionista. Entretanto, naquele momento as iniciativas n\u00e3o<br>obtiveram \u00eaxito.<\/p>\n\n\n\n<p>Ao se mudarem para Curitiba, os m\u00e9dicos Karen e Roberto recebem de Everton<br>Fernando Alves os contatos destes e de outros criacionistas em Curitiba, com a miss\u00e3o de<br>iniciarem um n\u00facleo criacionista na cidade. Eles j\u00e1 haviam participado da funda\u00e7\u00e3o do NBLU<br>em Blumenau, de onde vieram. No dia 03 de mar\u00e7o de 2018, apenas 3 dias ap\u00f3s chegarem em<br>Curitiba, re\u00fanem-se em sua casa com H\u00e9rlon da Silva Costa, Tatielli Machado Pereira,<br>Weliton Augusto Gomes, Andr\u00e9 Luiz Marques e Jetro Turan Salvador. Na reuni\u00e3o foi<br>escolhido o nome N\u00facleo Curitibano (NC), e definidos os itens que comporiam o logotipo do<br>n\u00facleo que foi desenhado por Alexandre Bernes (ent\u00e3o membro do NBLU, e atual<br>coordenador do projeto Onze de G\u00eanesis).<\/p>\n\n\n\n<p><strong>DATA DE FUNDA\u00c7\u00c3O:<\/strong><br>03\/03\/2018<\/p>\n","protected":false},"excerpt":{"rendered":"<p>Os primeiros ind\u00edcios da forma\u00e7\u00e3o de um n\u00facleo criacionista em Curitiba surgiramem 2014, quando o ge\u00f3grafo Andr\u00e9 Luiz Marques reuniu um grupo de pesquisadores paradebates criacionistas. Em 2017, em um encontro de professores das escolas adventistas, oimunogeneticista Everton Fernando Alves (membro do NUMAR), o ge\u00f3logo H\u00e9rlon da SilvaCosta e o estudante de biologia Weliton Augusto [&hellip;]<\/p>\n","protected":false},"author":1,"featured_media":0,"parent":39,"menu_order":0,"comment_status":"closed","ping_status":"closed","template":"","meta":{"_acf_changed":false,"_et_pb_use_builder":"","_et_pb_old_content":"","_et_gb_content_width":"","om_disable_all_campaigns":false,"footnotes":""},"class_list":["post-84","page","type-page","status-publish","hentry"],"acf":[],"yoast_head":"<!-- This site is optimized with the Yoast SEO plugin v27.3 - https:\/\/yoast.com\/product\/yoast-seo-wordpress\/ -->\n<title>Hist\u00f3ria - NC-SCB<\/title>\n<meta name=\"robots\" content=\"index, follow, max-snippet:-1, max-image-preview:large, max-video-preview:-1\" \/>\n<link rel=\"canonical\" href=\"https:\/\/scb.org.br\/nc\/institucional\/historia\/\" \/>\n<meta property=\"og:locale\" content=\"pt_BR\" \/>\n<meta property=\"og:type\" content=\"article\" \/>\n<meta property=\"og:title\" content=\"Hist\u00f3ria - NC-SCB\" \/>\n<meta property=\"og:description\" content=\"Os primeiros ind\u00edcios da forma\u00e7\u00e3o de um n\u00facleo criacionista em Curitiba surgiramem 2014, quando o ge\u00f3grafo Andr\u00e9 Luiz Marques reuniu um grupo de pesquisadores paradebates criacionistas. Em 2017, em um encontro de professores das escolas adventistas, oimunogeneticista Everton Fernando Alves (membro do NUMAR), o ge\u00f3logo H\u00e9rlon da SilvaCosta e o estudante de biologia Weliton Augusto [&hellip;]\" \/>\n<meta property=\"og:url\" content=\"https:\/\/scb.org.br\/nc\/institucional\/historia\/\" \/>\n<meta property=\"og:site_name\" content=\"NC-SCB\" \/>\n<meta property=\"article:modified_time\" content=\"2023-07-18T01:25:58+00:00\" \/>\n<meta name=\"twitter:card\" content=\"summary_large_image\" \/>\n<meta name=\"twitter:label1\" content=\"Est. tempo de leitura\" \/>\n\t<meta name=\"twitter:data1\" content=\"2 minutos\" \/>\n<script type=\"application\/ld+json\" class=\"yoast-schema-graph\">{\"@context\":\"https:\\\/\\\/schema.org\",\"@graph\":[{\"@type\":\"WebPage\",\"@id\":\"https:\\\/\\\/scb.org.br\\\/nc\\\/institucional\\\/historia\\\/\",\"url\":\"https:\\\/\\\/scb.org.br\\\/nc\\\/institucional\\\/historia\\\/\",\"name\":\"Hist\u00f3ria - NC-SCB\",\"isPartOf\":{\"@id\":\"https:\\\/\\\/scb.org.br\\\/nc\\\/#website\"},\"datePublished\":\"2020-04-12T20:14:56+00:00\",\"dateModified\":\"2023-07-18T01:25:58+00:00\",\"breadcrumb\":{\"@id\":\"https:\\\/\\\/scb.org.br\\\/nc\\\/institucional\\\/historia\\\/#breadcrumb\"},\"inLanguage\":\"pt-BR\",\"potentialAction\":[{\"@type\":\"ReadAction\",\"target\":[\"https:\\\/\\\/scb.org.br\\\/nc\\\/institucional\\\/historia\\\/\"]}]},{\"@type\":\"BreadcrumbList\",\"@id\":\"https:\\\/\\\/scb.org.br\\\/nc\\\/institucional\\\/historia\\\/#breadcrumb\",\"itemListElement\":[{\"@type\":\"ListItem\",\"position\":1,\"name\":\"Home\",\"item\":\"https:\\\/\\\/scb.org.br\\\/nc\\\/\"},{\"@type\":\"ListItem\",\"position\":2,\"name\":\"Institucional\",\"item\":\"https:\\\/\\\/scb.org.br\\\/nc\\\/institucional\\\/\"},{\"@type\":\"ListItem\",\"position\":3,\"name\":\"Hist\u00f3ria\"}]},{\"@type\":\"WebSite\",\"@id\":\"https:\\\/\\\/scb.org.br\\\/nc\\\/#website\",\"url\":\"https:\\\/\\\/scb.org.br\\\/nc\\\/\",\"name\":\"NC-SCB\",\"description\":\"N\u00facleo Curitibano da Sociedade Criacionista Brasileira\",\"potentialAction\":[{\"@type\":\"SearchAction\",\"target\":{\"@type\":\"EntryPoint\",\"urlTemplate\":\"https:\\\/\\\/scb.org.br\\\/nc\\\/?s={search_term_string}\"},\"query-input\":{\"@type\":\"PropertyValueSpecification\",\"valueRequired\":true,\"valueName\":\"search_term_string\"}}],\"inLanguage\":\"pt-BR\"}]}<\/script>\n<!-- \/ Yoast SEO plugin. -->","yoast_head_json":{"title":"Hist\u00f3ria - NC-SCB","robots":{"index":"index","follow":"follow","max-snippet":"max-snippet:-1","max-image-preview":"max-image-preview:large","max-video-preview":"max-video-preview:-1"},"canonical":"https:\/\/scb.org.br\/nc\/institucional\/historia\/","og_locale":"pt_BR","og_type":"article","og_title":"Hist\u00f3ria - NC-SCB","og_description":"Os primeiros ind\u00edcios da forma\u00e7\u00e3o de um n\u00facleo criacionista em Curitiba surgiramem 2014, quando o ge\u00f3grafo Andr\u00e9 Luiz Marques reuniu um grupo de pesquisadores paradebates criacionistas. Em 2017, em um encontro de professores das escolas adventistas, oimunogeneticista Everton Fernando Alves (membro do NUMAR), o ge\u00f3logo H\u00e9rlon da SilvaCosta e o estudante de biologia Weliton Augusto [&hellip;]","og_url":"https:\/\/scb.org.br\/nc\/institucional\/historia\/","og_site_name":"NC-SCB","article_modified_time":"2023-07-18T01:25:58+00:00","twitter_card":"summary_large_image","twitter_misc":{"Est. tempo de leitura":"2 minutos"},"schema":{"@context":"https:\/\/schema.org","@graph":[{"@type":"WebPage","@id":"https:\/\/scb.org.br\/nc\/institucional\/historia\/","url":"https:\/\/scb.org.br\/nc\/institucional\/historia\/","name":"Hist\u00f3ria - NC-SCB","isPartOf":{"@id":"https:\/\/scb.org.br\/nc\/#website"},"datePublished":"2020-04-12T20:14:56+00:00","dateModified":"2023-07-18T01:25:58+00:00","breadcrumb":{"@id":"https:\/\/scb.org.br\/nc\/institucional\/historia\/#breadcrumb"},"inLanguage":"pt-BR","potentialAction":[{"@type":"ReadAction","target":["https:\/\/scb.org.br\/nc\/institucional\/historia\/"]}]},{"@type":"BreadcrumbList","@id":"https:\/\/scb.org.br\/nc\/institucional\/historia\/#breadcrumb","itemListElement":[{"@type":"ListItem","position":1,"name":"Home","item":"https:\/\/scb.org.br\/nc\/"},{"@type":"ListItem","position":2,"name":"Institucional","item":"https:\/\/scb.org.br\/nc\/institucional\/"},{"@type":"ListItem","position":3,"name":"Hist\u00f3ria"}]},{"@type":"WebSite","@id":"https:\/\/scb.org.br\/nc\/#website","url":"https:\/\/scb.org.br\/nc\/","name":"NC-SCB","description":"N\u00facleo Curitibano da Sociedade Criacionista Brasileira","potentialAction":[{"@type":"SearchAction","target":{"@type":"EntryPoint","urlTemplate":"https:\/\/scb.org.br\/nc\/?s={search_term_string}"},"query-input":{"@type":"PropertyValueSpecification","valueRequired":true,"valueName":"search_term_string"}}],"inLanguage":"pt-BR"}]}},"_links":{"self":[{"href":"https:\/\/scb.org.br\/nc\/wp-json\/wp\/v2\/pages\/84","targetHints":{"allow":["GET"]}}],"collection":[{"href":"https:\/\/scb.org.br\/nc\/wp-json\/wp\/v2\/pages"}],"about":[{"href":"https:\/\/scb.org.br\/nc\/wp-json\/wp\/v2\/types\/page"}],"author":[{"embeddable":true,"href":"https:\/\/scb.org.br\/nc\/wp-json\/wp\/v2\/users\/1"}],"replies":[{"embeddable":true,"href":"https:\/\/scb.org.br\/nc\/wp-json\/wp\/v2\/comments?post=84"}],"version-history":[{"count":2,"href":"https:\/\/scb.org.br\/nc\/wp-json\/wp\/v2\/pages\/84\/revisions"}],"predecessor-version":[{"id":124,"href":"https:\/\/scb.org.br\/nc\/wp-json\/wp\/v2\/pages\/84\/revisions\/124"}],"up":[{"embeddable":true,"href":"https:\/\/scb.org.br\/nc\/wp-json\/wp\/v2\/pages\/39"}],"wp:attachment":[{"href":"https:\/\/scb.org.br\/nc\/wp-json\/wp\/v2\/media?parent=84"}],"curies":[{"name":"wp","href":"https:\/\/api.w.org\/{rel}","templated":true}]}}