{"id":81,"date":"2020-04-12T17:13:53","date_gmt":"2020-04-12T20:13:53","guid":{"rendered":"https:\/\/nc.scb.org.br\/institucional\/diretoria\/"},"modified":"2023-07-17T22:28:57","modified_gmt":"2023-07-18T01:28:57","slug":"diretoria","status":"publish","type":"page","link":"https:\/\/scb.org.br\/nc\/institucional\/diretoria\/","title":{"rendered":"Diretoria"},"content":{"rendered":"<p><strong>Diretor geral:<\/strong> Roberto Lenz Betz &#8211; M\u00e9dico especialista em Neurologia.<\/p>\n<p><strong>Diretor do Departamento de Astronomia:<\/strong> Rafael Antonio Marques &#8211; Bi\u00f3logo ornit\u00f3logo, p\u00f3s-graduado em Gest\u00e3o e Manejo Ambiental de Sistemas Florestais<\/p>\n<p><strong>Secret\u00e1ria e tesoureira:<\/strong> Karen Aguirres Guerra Lenz Betz &#8211; M\u00e9dica especialista em Psiquiatria<\/p>\n<p><strong>2\u00aa secret\u00e1ria:<\/strong> K\u00e1tia Seemund Marques &#8211; Educadora f\u00edsica p\u00f3s-graduada em Educa\u00e7\u00e3o F\u00edsica Escolar<\/p>\n<p><strong>Equipe de apoio:<\/strong> Alexandre Bernes, Andr\u00e9 Luiz Marques, Dr. Marcos Nogueira Eberlin, Everson Ara\u00fajo, Jonas Correa, Rolando Kalbermater, Espa\u00e7o Bem Pelo Bem, IASD Central de Curitiba<\/p>\n","protected":false},"excerpt":{"rendered":"<p>Diretor geral: Roberto Lenz Betz &#8211; M\u00e9dico especialista em Neurologia. Diretor do Departamento de Astronomia: Rafael Antonio Marques &#8211; Bi\u00f3logo ornit\u00f3logo, p\u00f3s-graduado em Gest\u00e3o e Manejo Ambiental de Sistemas Florestais Secret\u00e1ria e tesoureira: Karen Aguirres Guerra Lenz Betz &#8211; M\u00e9dica especialista em Psiquiatria 2\u00aa secret\u00e1ria: K\u00e1tia Seemund Marques &#8211; Educadora f\u00edsica p\u00f3s-graduada em Educa\u00e7\u00e3o F\u00edsica [&hellip;]<\/p>\n","protected":false},"author":1,"featured_media":0,"parent":39,"menu_order":0,"comment_status":"closed","ping_status":"closed","template":"","meta":{"_acf_changed":false,"_et_pb_use_builder":"","_et_pb_old_content":"","_et_gb_content_width":"","om_disable_all_campaigns":false,"footnotes":""},"class_list":["post-81","page","type-page","status-publish","hentry"],"acf":[],"yoast_head":"<!-- This site is optimized with the Yoast SEO plugin v27.3 - https:\/\/yoast.com\/product\/yoast-seo-wordpress\/ -->\n<title>Diretoria - NC-SCB<\/title>\n<meta name=\"robots\" content=\"index, follow, max-snippet:-1, max-image-preview:large, max-video-preview:-1\" \/>\n<link rel=\"canonical\" href=\"https:\/\/scb.org.br\/nc\/institucional\/diretoria\/\" \/>\n<meta property=\"og:locale\" content=\"pt_BR\" \/>\n<meta property=\"og:type\" content=\"article\" \/>\n<meta property=\"og:title\" content=\"Diretoria - NC-SCB\" \/>\n<meta property=\"og:description\" content=\"Diretor geral: Roberto Lenz Betz &#8211; M\u00e9dico especialista em Neurologia. Diretor do Departamento de Astronomia: Rafael Antonio Marques &#8211; Bi\u00f3logo ornit\u00f3logo, p\u00f3s-graduado em Gest\u00e3o e Manejo Ambiental de Sistemas Florestais Secret\u00e1ria e tesoureira: Karen Aguirres Guerra Lenz Betz &#8211; M\u00e9dica especialista em Psiquiatria 2\u00aa secret\u00e1ria: K\u00e1tia Seemund Marques &#8211; Educadora f\u00edsica p\u00f3s-graduada em Educa\u00e7\u00e3o F\u00edsica [&hellip;]\" \/>\n<meta property=\"og:url\" content=\"https:\/\/scb.org.br\/nc\/institucional\/diretoria\/\" \/>\n<meta property=\"og:site_name\" content=\"NC-SCB\" \/>\n<meta property=\"article:modified_time\" content=\"2023-07-18T01:28:57+00:00\" \/>\n<meta name=\"twitter:card\" content=\"summary_large_image\" \/>\n<meta name=\"twitter:label1\" content=\"Est. tempo de leitura\" \/>\n\t<meta name=\"twitter:data1\" content=\"1 minuto\" \/>\n<script type=\"application\/ld+json\" class=\"yoast-schema-graph\">{\"@context\":\"https:\\\/\\\/schema.org\",\"@graph\":[{\"@type\":\"WebPage\",\"@id\":\"https:\\\/\\\/scb.org.br\\\/nc\\\/institucional\\\/diretoria\\\/\",\"url\":\"https:\\\/\\\/scb.org.br\\\/nc\\\/institucional\\\/diretoria\\\/\",\"name\":\"Diretoria - NC-SCB\",\"isPartOf\":{\"@id\":\"https:\\\/\\\/scb.org.br\\\/nc\\\/#website\"},\"datePublished\":\"2020-04-12T20:13:53+00:00\",\"dateModified\":\"2023-07-18T01:28:57+00:00\",\"breadcrumb\":{\"@id\":\"https:\\\/\\\/scb.org.br\\\/nc\\\/institucional\\\/diretoria\\\/#breadcrumb\"},\"inLanguage\":\"pt-BR\",\"potentialAction\":[{\"@type\":\"ReadAction\",\"target\":[\"https:\\\/\\\/scb.org.br\\\/nc\\\/institucional\\\/diretoria\\\/\"]}]},{\"@type\":\"BreadcrumbList\",\"@id\":\"https:\\\/\\\/scb.org.br\\\/nc\\\/institucional\\\/diretoria\\\/#breadcrumb\",\"itemListElement\":[{\"@type\":\"ListItem\",\"position\":1,\"name\":\"Home\",\"item\":\"https:\\\/\\\/scb.org.br\\\/nc\\\/\"},{\"@type\":\"ListItem\",\"position\":2,\"name\":\"Institucional\",\"item\":\"https:\\\/\\\/scb.org.br\\\/nc\\\/institucional\\\/\"},{\"@type\":\"ListItem\",\"position\":3,\"name\":\"Diretoria\"}]},{\"@type\":\"WebSite\",\"@id\":\"https:\\\/\\\/scb.org.br\\\/nc\\\/#website\",\"url\":\"https:\\\/\\\/scb.org.br\\\/nc\\\/\",\"name\":\"NC-SCB\",\"description\":\"N\u00facleo Curitibano da Sociedade Criacionista Brasileira\",\"potentialAction\":[{\"@type\":\"SearchAction\",\"target\":{\"@type\":\"EntryPoint\",\"urlTemplate\":\"https:\\\/\\\/scb.org.br\\\/nc\\\/?s={search_term_string}\"},\"query-input\":{\"@type\":\"PropertyValueSpecification\",\"valueRequired\":true,\"valueName\":\"search_term_string\"}}],\"inLanguage\":\"pt-BR\"}]}<\/script>\n<!-- \/ Yoast SEO plugin. -->","yoast_head_json":{"title":"Diretoria - NC-SCB","robots":{"index":"index","follow":"follow","max-snippet":"max-snippet:-1","max-image-preview":"max-image-preview:large","max-video-preview":"max-video-preview:-1"},"canonical":"https:\/\/scb.org.br\/nc\/institucional\/diretoria\/","og_locale":"pt_BR","og_type":"article","og_title":"Diretoria - NC-SCB","og_description":"Diretor geral: Roberto Lenz Betz &#8211; M\u00e9dico especialista em Neurologia. Diretor do Departamento de Astronomia: Rafael Antonio Marques &#8211; Bi\u00f3logo ornit\u00f3logo, p\u00f3s-graduado em Gest\u00e3o e Manejo Ambiental de Sistemas Florestais Secret\u00e1ria e tesoureira: Karen Aguirres Guerra Lenz Betz &#8211; M\u00e9dica especialista em Psiquiatria 2\u00aa secret\u00e1ria: K\u00e1tia Seemund Marques &#8211; Educadora f\u00edsica p\u00f3s-graduada em Educa\u00e7\u00e3o F\u00edsica [&hellip;]","og_url":"https:\/\/scb.org.br\/nc\/institucional\/diretoria\/","og_site_name":"NC-SCB","article_modified_time":"2023-07-18T01:28:57+00:00","twitter_card":"summary_large_image","twitter_misc":{"Est. tempo de leitura":"1 minuto"},"schema":{"@context":"https:\/\/schema.org","@graph":[{"@type":"WebPage","@id":"https:\/\/scb.org.br\/nc\/institucional\/diretoria\/","url":"https:\/\/scb.org.br\/nc\/institucional\/diretoria\/","name":"Diretoria - NC-SCB","isPartOf":{"@id":"https:\/\/scb.org.br\/nc\/#website"},"datePublished":"2020-04-12T20:13:53+00:00","dateModified":"2023-07-18T01:28:57+00:00","breadcrumb":{"@id":"https:\/\/scb.org.br\/nc\/institucional\/diretoria\/#breadcrumb"},"inLanguage":"pt-BR","potentialAction":[{"@type":"ReadAction","target":["https:\/\/scb.org.br\/nc\/institucional\/diretoria\/"]}]},{"@type":"BreadcrumbList","@id":"https:\/\/scb.org.br\/nc\/institucional\/diretoria\/#breadcrumb","itemListElement":[{"@type":"ListItem","position":1,"name":"Home","item":"https:\/\/scb.org.br\/nc\/"},{"@type":"ListItem","position":2,"name":"Institucional","item":"https:\/\/scb.org.br\/nc\/institucional\/"},{"@type":"ListItem","position":3,"name":"Diretoria"}]},{"@type":"WebSite","@id":"https:\/\/scb.org.br\/nc\/#website","url":"https:\/\/scb.org.br\/nc\/","name":"NC-SCB","description":"N\u00facleo Curitibano da Sociedade Criacionista Brasileira","potentialAction":[{"@type":"SearchAction","target":{"@type":"EntryPoint","urlTemplate":"https:\/\/scb.org.br\/nc\/?s={search_term_string}"},"query-input":{"@type":"PropertyValueSpecification","valueRequired":true,"valueName":"search_term_string"}}],"inLanguage":"pt-BR"}]}},"_links":{"self":[{"href":"https:\/\/scb.org.br\/nc\/wp-json\/wp\/v2\/pages\/81","targetHints":{"allow":["GET"]}}],"collection":[{"href":"https:\/\/scb.org.br\/nc\/wp-json\/wp\/v2\/pages"}],"about":[{"href":"https:\/\/scb.org.br\/nc\/wp-json\/wp\/v2\/types\/page"}],"author":[{"embeddable":true,"href":"https:\/\/scb.org.br\/nc\/wp-json\/wp\/v2\/users\/1"}],"replies":[{"embeddable":true,"href":"https:\/\/scb.org.br\/nc\/wp-json\/wp\/v2\/comments?post=81"}],"version-history":[{"count":2,"href":"https:\/\/scb.org.br\/nc\/wp-json\/wp\/v2\/pages\/81\/revisions"}],"predecessor-version":[{"id":125,"href":"https:\/\/scb.org.br\/nc\/wp-json\/wp\/v2\/pages\/81\/revisions\/125"}],"up":[{"embeddable":true,"href":"https:\/\/scb.org.br\/nc\/wp-json\/wp\/v2\/pages\/39"}],"wp:attachment":[{"href":"https:\/\/scb.org.br\/nc\/wp-json\/wp\/v2\/media?parent=81"}],"curies":[{"name":"wp","href":"https:\/\/api.w.org\/{rel}","templated":true}]}}