{"id":77,"date":"2020-04-12T17:12:09","date_gmt":"2020-04-12T20:12:09","guid":{"rendered":"https:\/\/nc.scb.org.br\/?page_id=77"},"modified":"2020-04-12T17:12:09","modified_gmt":"2020-04-12T20:12:09","slug":"quem-somos","status":"publish","type":"page","link":"https:\/\/scb.org.br\/nc\/institucional\/quem-somos\/","title":{"rendered":"Quem Somos"},"content":{"rendered":"<p>Uma associa\u00e7\u00e3o de volunt\u00e1rios que defende a pesquisa e o ensino das ci\u00eancias sem a<br \/>\nimposi\u00e7\u00e3o do dogma evolucionista. N\u00e3o vemos diverg\u00eancia entre f\u00e9 e ci\u00eancia, e acreditamos<br \/>\nno modelo Criacionista como a melhor explica\u00e7\u00e3o filos\u00f3fica, teol\u00f3gica e cient\u00edfica para o<br \/>\nmist\u00e9rio da origem da vida e do universo.<\/p>\n<p>Acreditamos tamb\u00e9m que a cosmovis\u00e3o Criacionista, que \u00e9 baseada no princ\u00edpio do<br \/>\namor ao pr\u00f3ximo, servi\u00e7o, e cuidado com a natureza, poderia resultar em relevante<br \/>\ncrescimento social. Deste modo, viria a solucionar diversos problemas sociais promovidos<br \/>\npela cosmovis\u00e3o evolucionista, onde impera a regra da sobreviv\u00eancia do mais apto<br \/>\ndesconsiderando a import\u00e2ncia dos valores morais.<\/p>\n<p>Atuamos estruturados como um grupo dentro da proposta de n\u00facleos da Sociedade<br \/>\nCriacionista Brasileira (SCB), sendo a extens\u00e3o oficial da SCB para a regi\u00e3o de Curitiba.<\/p>\n<h3>Objetivos<\/h3>\n<ol>\n<li>Apresentar o Criacionismo como modelo alternativo ao Evolucionismo atrav\u00e9s<br \/>\ndas suas abundantes evid\u00eancias cient\u00edficas, revelando que n\u00e3o h\u00e1 qualquer<br \/>\ndiverg\u00eancia entre o conhecimento cient\u00edfico atual e o relato b\u00edblico literal<br \/>\nsobre a origem da vida e do universo.<\/li>\n<li>Ser uma refer\u00eancia em Criacionismo para Curitiba e regi\u00e3o.<\/li>\n<li>Desenvolver projetos criacionistas para adultos, jovens e crian\u00e7as; bem como<br \/>\npara estudantes e graduados de todos os n\u00edveis acad\u00eamicos e, tamb\u00e9m, para os<br \/>\nleigos em ci\u00eancias.<\/li>\n<li>Desenvolver projetos de pesquisa cient\u00edfica, materiais did\u00e1ticos t\u00e9cnicos e<br \/>\nsemi-t\u00e9cnicos, cursos, aulas e palestras. Promover o ensino criacionista atrav\u00e9s<br \/>\nde atividades l\u00fadicas, atrav\u00e9s das m\u00eddias, e no ramo do entretenimento.<\/li>\n<li>Apoiar o ensino do Criacionismo em escolas, universidades, igrejas e eventos<br \/>\ns\u00f3cio-culturais.<\/li>\n<li>Realizar a\u00e7\u00f5es sociais diversas.<\/li>\n<\/ol>\n","protected":false},"excerpt":{"rendered":"<p>Uma associa\u00e7\u00e3o de volunt\u00e1rios que defende a pesquisa e o ensino das ci\u00eancias sem a imposi\u00e7\u00e3o do dogma evolucionista. N\u00e3o vemos diverg\u00eancia entre f\u00e9 e ci\u00eancia, e acreditamos no modelo Criacionista como a melhor explica\u00e7\u00e3o filos\u00f3fica, teol\u00f3gica e cient\u00edfica para o mist\u00e9rio da origem da vida e do universo. Acreditamos tamb\u00e9m que a cosmovis\u00e3o Criacionista, [&hellip;]<\/p>\n","protected":false},"author":1,"featured_media":0,"parent":39,"menu_order":0,"comment_status":"closed","ping_status":"closed","template":"","meta":{"_acf_changed":false,"_et_pb_use_builder":"","_et_pb_old_content":"","_et_gb_content_width":"","om_disable_all_campaigns":false,"footnotes":""},"class_list":["post-77","page","type-page","status-publish","hentry"],"acf":[],"yoast_head":"<!-- This site is optimized with the Yoast SEO plugin v27.3 - https:\/\/yoast.com\/product\/yoast-seo-wordpress\/ -->\n<title>Quem Somos - NC-SCB<\/title>\n<meta name=\"robots\" content=\"index, follow, max-snippet:-1, max-image-preview:large, max-video-preview:-1\" \/>\n<link rel=\"canonical\" href=\"https:\/\/scb.org.br\/nc\/institucional\/quem-somos\/\" \/>\n<meta property=\"og:locale\" content=\"pt_BR\" \/>\n<meta property=\"og:type\" content=\"article\" \/>\n<meta property=\"og:title\" content=\"Quem Somos - NC-SCB\" \/>\n<meta property=\"og:description\" content=\"Uma associa\u00e7\u00e3o de volunt\u00e1rios que defende a pesquisa e o ensino das ci\u00eancias sem a imposi\u00e7\u00e3o do dogma evolucionista. N\u00e3o vemos diverg\u00eancia entre f\u00e9 e ci\u00eancia, e acreditamos no modelo Criacionista como a melhor explica\u00e7\u00e3o filos\u00f3fica, teol\u00f3gica e cient\u00edfica para o mist\u00e9rio da origem da vida e do universo. Acreditamos tamb\u00e9m que a cosmovis\u00e3o Criacionista, [&hellip;]\" \/>\n<meta property=\"og:url\" content=\"https:\/\/scb.org.br\/nc\/institucional\/quem-somos\/\" \/>\n<meta property=\"og:site_name\" content=\"NC-SCB\" \/>\n<meta name=\"twitter:card\" content=\"summary_large_image\" \/>\n<meta name=\"twitter:label1\" content=\"Est. tempo de leitura\" \/>\n\t<meta name=\"twitter:data1\" content=\"1 minuto\" \/>\n<script type=\"application\/ld+json\" class=\"yoast-schema-graph\">{\"@context\":\"https:\\\/\\\/schema.org\",\"@graph\":[{\"@type\":\"WebPage\",\"@id\":\"https:\\\/\\\/scb.org.br\\\/nc\\\/institucional\\\/quem-somos\\\/\",\"url\":\"https:\\\/\\\/scb.org.br\\\/nc\\\/institucional\\\/quem-somos\\\/\",\"name\":\"Quem Somos - NC-SCB\",\"isPartOf\":{\"@id\":\"https:\\\/\\\/scb.org.br\\\/nc\\\/#website\"},\"datePublished\":\"2020-04-12T20:12:09+00:00\",\"breadcrumb\":{\"@id\":\"https:\\\/\\\/scb.org.br\\\/nc\\\/institucional\\\/quem-somos\\\/#breadcrumb\"},\"inLanguage\":\"pt-BR\",\"potentialAction\":[{\"@type\":\"ReadAction\",\"target\":[\"https:\\\/\\\/scb.org.br\\\/nc\\\/institucional\\\/quem-somos\\\/\"]}]},{\"@type\":\"BreadcrumbList\",\"@id\":\"https:\\\/\\\/scb.org.br\\\/nc\\\/institucional\\\/quem-somos\\\/#breadcrumb\",\"itemListElement\":[{\"@type\":\"ListItem\",\"position\":1,\"name\":\"Home\",\"item\":\"https:\\\/\\\/scb.org.br\\\/nc\\\/\"},{\"@type\":\"ListItem\",\"position\":2,\"name\":\"Institucional\",\"item\":\"https:\\\/\\\/scb.org.br\\\/nc\\\/institucional\\\/\"},{\"@type\":\"ListItem\",\"position\":3,\"name\":\"Quem Somos\"}]},{\"@type\":\"WebSite\",\"@id\":\"https:\\\/\\\/scb.org.br\\\/nc\\\/#website\",\"url\":\"https:\\\/\\\/scb.org.br\\\/nc\\\/\",\"name\":\"NC-SCB\",\"description\":\"N\u00facleo Curitibano da Sociedade Criacionista Brasileira\",\"potentialAction\":[{\"@type\":\"SearchAction\",\"target\":{\"@type\":\"EntryPoint\",\"urlTemplate\":\"https:\\\/\\\/scb.org.br\\\/nc\\\/?s={search_term_string}\"},\"query-input\":{\"@type\":\"PropertyValueSpecification\",\"valueRequired\":true,\"valueName\":\"search_term_string\"}}],\"inLanguage\":\"pt-BR\"}]}<\/script>\n<!-- \/ Yoast SEO plugin. -->","yoast_head_json":{"title":"Quem Somos - NC-SCB","robots":{"index":"index","follow":"follow","max-snippet":"max-snippet:-1","max-image-preview":"max-image-preview:large","max-video-preview":"max-video-preview:-1"},"canonical":"https:\/\/scb.org.br\/nc\/institucional\/quem-somos\/","og_locale":"pt_BR","og_type":"article","og_title":"Quem Somos - NC-SCB","og_description":"Uma associa\u00e7\u00e3o de volunt\u00e1rios que defende a pesquisa e o ensino das ci\u00eancias sem a imposi\u00e7\u00e3o do dogma evolucionista. N\u00e3o vemos diverg\u00eancia entre f\u00e9 e ci\u00eancia, e acreditamos no modelo Criacionista como a melhor explica\u00e7\u00e3o filos\u00f3fica, teol\u00f3gica e cient\u00edfica para o mist\u00e9rio da origem da vida e do universo. Acreditamos tamb\u00e9m que a cosmovis\u00e3o Criacionista, [&hellip;]","og_url":"https:\/\/scb.org.br\/nc\/institucional\/quem-somos\/","og_site_name":"NC-SCB","twitter_card":"summary_large_image","twitter_misc":{"Est. tempo de leitura":"1 minuto"},"schema":{"@context":"https:\/\/schema.org","@graph":[{"@type":"WebPage","@id":"https:\/\/scb.org.br\/nc\/institucional\/quem-somos\/","url":"https:\/\/scb.org.br\/nc\/institucional\/quem-somos\/","name":"Quem Somos - NC-SCB","isPartOf":{"@id":"https:\/\/scb.org.br\/nc\/#website"},"datePublished":"2020-04-12T20:12:09+00:00","breadcrumb":{"@id":"https:\/\/scb.org.br\/nc\/institucional\/quem-somos\/#breadcrumb"},"inLanguage":"pt-BR","potentialAction":[{"@type":"ReadAction","target":["https:\/\/scb.org.br\/nc\/institucional\/quem-somos\/"]}]},{"@type":"BreadcrumbList","@id":"https:\/\/scb.org.br\/nc\/institucional\/quem-somos\/#breadcrumb","itemListElement":[{"@type":"ListItem","position":1,"name":"Home","item":"https:\/\/scb.org.br\/nc\/"},{"@type":"ListItem","position":2,"name":"Institucional","item":"https:\/\/scb.org.br\/nc\/institucional\/"},{"@type":"ListItem","position":3,"name":"Quem Somos"}]},{"@type":"WebSite","@id":"https:\/\/scb.org.br\/nc\/#website","url":"https:\/\/scb.org.br\/nc\/","name":"NC-SCB","description":"N\u00facleo Curitibano da Sociedade Criacionista Brasileira","potentialAction":[{"@type":"SearchAction","target":{"@type":"EntryPoint","urlTemplate":"https:\/\/scb.org.br\/nc\/?s={search_term_string}"},"query-input":{"@type":"PropertyValueSpecification","valueRequired":true,"valueName":"search_term_string"}}],"inLanguage":"pt-BR"}]}},"_links":{"self":[{"href":"https:\/\/scb.org.br\/nc\/wp-json\/wp\/v2\/pages\/77","targetHints":{"allow":["GET"]}}],"collection":[{"href":"https:\/\/scb.org.br\/nc\/wp-json\/wp\/v2\/pages"}],"about":[{"href":"https:\/\/scb.org.br\/nc\/wp-json\/wp\/v2\/types\/page"}],"author":[{"embeddable":true,"href":"https:\/\/scb.org.br\/nc\/wp-json\/wp\/v2\/users\/1"}],"replies":[{"embeddable":true,"href":"https:\/\/scb.org.br\/nc\/wp-json\/wp\/v2\/comments?post=77"}],"version-history":[{"count":3,"href":"https:\/\/scb.org.br\/nc\/wp-json\/wp\/v2\/pages\/77\/revisions"}],"predecessor-version":[{"id":80,"href":"https:\/\/scb.org.br\/nc\/wp-json\/wp\/v2\/pages\/77\/revisions\/80"}],"up":[{"embeddable":true,"href":"https:\/\/scb.org.br\/nc\/wp-json\/wp\/v2\/pages\/39"}],"wp:attachment":[{"href":"https:\/\/scb.org.br\/nc\/wp-json\/wp\/v2\/media?parent=77"}],"curies":[{"name":"wp","href":"https:\/\/api.w.org\/{rel}","templated":true}]}}