{"id":49,"date":"2018-10-10T14:48:02","date_gmt":"2018-10-10T14:48:02","guid":{"rendered":"https:\/\/s3.scb.org.br\/modelo\/?page_id=49"},"modified":"2018-10-10T14:50:15","modified_gmt":"2018-10-10T14:50:15","slug":"termos-e-condicoes","status":"publish","type":"page","link":"https:\/\/scb.org.br\/modelo\/loja\/termos-e-condicoes\/","title":{"rendered":"Termos e condi\u00e7\u00f5es"},"content":{"rendered":"<p>Termos e Condi\u00e7\u00f5es de Compra e Venda de Produtos<\/p>\n<p>Considerando que a Loja do NUCLEO-SCB realiza venda de servi\u00e7os pela internet;<\/p>\n<p>Considerando o interesse do Cliente na compra dos produtos oferecidos em seu site de venda;<\/p>\n<p>O presente contrato tem por finalidade estabelecer as condi\u00e7\u00f5es gerais de uso e compra de produtos e servi\u00e7os do cliente do site <a href=\"https:\/\/nulon.scb.org.br\">https:\/\/nucleo.scb.org.br<\/a>.<\/p>\n<p>I. Direito de arrependimento:ao Cliente ser\u00e1 facultado o exerc\u00edcio do direito de arrependimento da compra, com a finalidade de devolu\u00e7\u00e3o do dinheiro, hip\u00f3tese na qual dever\u00e3o ser observadas as seguintes condi\u00e7\u00f5es:<\/p>\n<p>o prazo de desist\u00eancia da compra do servi\u00e7o \u00e9 de at\u00e9 7 (sete) dias corridos, a contar da data do recebimento;<\/p>\n<p>I.I &#8211; O Cliente dever\u00e1 solicitar a devolu\u00e7\u00e3o atrav\u00e9s do Servi\u00e7os ao cliente\/Solicitar devolu\u00e7\u00e3o.<\/p>\n<p>I.II &#8211; Em compras com cart\u00e3o de cr\u00e9dito a administradora do cart\u00e3o ser\u00e1 notificada e o estorno ocorrer\u00e1 na fatura seguinte ou na posterior, de uma s\u00f3 vez, seja qual for o n\u00famero de parcelas utilizado na compra. O prazo de ressarcimento e, ainda, a cobran\u00e7a das parcelas remanescentes ap\u00f3s o estorno integral do valor do Produto no cart\u00e3o de cr\u00e9dito do Cliente realizado pelo NUCLEO-SCB, \u00e9 de responsabilidade da administradora do cart\u00e3o. Na hip\u00f3tese de cobran\u00e7a de parcelas futuras pela administradora do cart\u00e3o, o Cliente n\u00e3o ser\u00e1 onerado, vez que 0 NUCLEO-SCB, conforme mencionado acima, realiza o estorno do valor integral do Produto em uma \u00fanica vez, sendo o cr\u00e9dito referente ao estorno concedido integralmente pela administradora do cart\u00e3o na fatura de cobran\u00e7a subsequente ao m\u00eas do cancelamento.<\/p>\n<p>I.III &#8211; Em compras pagas com boleto banc\u00e1rio ou d\u00e9bito em conta, a restitui\u00e7\u00e3o ser\u00e1 efetuada por meio de dep\u00f3sito banc\u00e1rio, em at\u00e9 10 (dez) dias \u00fateis, somente na conta corrente do(a) comprador(a), que deve ser individual. \u00c9 necess\u00e1rio que o CPF do titular da conta corrente seja o mesmo que consta no pedido (CPF do Cliente). Caso o(a) comprador(a) n\u00e3o tenha uma conta corrente que atenda \u00e0s condi\u00e7\u00f5es citadas, ser\u00e1 enviada, no mesmo prazo, uma Ordem de Pagamento em nome do titular da compra. Ela poder\u00e1 ser resgatada em qualquer ag\u00eancia do Banco do Brasil, mediante apresenta\u00e7\u00e3o de documento de identidade e CPF.<\/p>\n<p>I.IV &#8211; O NUCLEO-SCB isenta-se da obriga\u00e7\u00e3o de cancelar qualquer produto que n\u00e3o preencha os requisitos elencados neste dispositivo.<\/p>\n<p>II. Formas de pagamento aceitas:<\/p>\n<p>II.I &#8211; Pagamento \u00e0 vista:<\/p>\n<p>boleto banc\u00e1rio;<\/p>\n<p>d\u00e9bito em conta;<\/p>\n<p>cart\u00e3o de cr\u00e9dito;<\/p>\n<p>II.II &#8211; Pagamento parcelado:<\/p>\n<p>cart\u00e3o de cr\u00e9dito.<\/p>\n<p>II.III &#8211; Para pagamentos com cart\u00e3o de cr\u00e9dito, o pedido estar\u00e1 sujeito \u00e0 aprova\u00e7\u00e3o da administradora do cart\u00e3o. As informa\u00e7\u00f5es contidas no cadastro s\u00e3o pass\u00edveis de confirma\u00e7\u00e3o, que poder\u00e1 ser solicitada pelo NUCLEO-SCB por e-mail: <a href=\"mailto:contato@nucleo.scb.org.br\">contato@nucleo.scb.org.br<\/a>.<\/p>\n<p>III. Prazos de entrega e Forma de pagamento:<\/p>\n<p>III.I &#8211; Compras pagas com cart\u00e3o de cr\u00e9dito: o prazo para entrega \u00e9 considerado a partir da checagem de dados cadastrais e da confirma\u00e7\u00e3o do pagamento pela administradora do cart\u00e3o. A confirma\u00e7\u00e3o \u00e9 realizada em at\u00e9 um dia corrido. Em caso de diverg\u00eancia cadastral, o NUCLEO-SCB entrar\u00e1 em contato com o comprador.<\/p>\n<p>III.II &#8211; Compras pagas por meio de boleto banc\u00e1rio: o prazo para entrega \u00e9 considerado a partir da confirma\u00e7\u00e3o do pagamento pelo banco. A confirma\u00e7\u00e3o \u00e9 realizada em at\u00e9 tr\u00eas dias \u00fateis, a partir do pagamento.<\/p>\n<p>III.III &#8211; Compras pagas por meio de d\u00e9bito em conta: o prazo para entrega \u00e9 considerado a partir da confirma\u00e7\u00e3o do pagamento pelo banco. A confirma\u00e7\u00e3o \u00e9 realizada em at\u00e9 dois dias corridos.<\/p>\n<p>IV. Caso fortuito e for\u00e7a maior:Nenhuma das partes ser\u00e1 respons\u00e1vel perante a outra por qualquer falha ou atraso no cumprimento das obriga\u00e7\u00f5es constantes do presente contrato causados por casos fortuitos ou for\u00e7a maior.<\/p>\n<p>V. Foro:Fica eleito o foro de ???????-PR para dirimir eventuais controv\u00e9rsias a respeito deste contrato.<\/p>\n","protected":false},"excerpt":{"rendered":"<p>Termos e Condi\u00e7\u00f5es de Compra e Venda de Produtos Considerando que a Loja do NUCLEO-SCB realiza venda de servi\u00e7os pela internet; Considerando o interesse do Cliente na compra dos produtos oferecidos em seu site de venda; O presente contrato tem por finalidade estabelecer as condi\u00e7\u00f5es gerais de uso e compra de produtos e servi\u00e7os do [&hellip;]<\/p>\n","protected":false},"author":1,"featured_media":0,"parent":36,"menu_order":0,"comment_status":"closed","ping_status":"closed","template":"","meta":{"_acf_changed":false,"_et_pb_use_builder":"","_et_pb_old_content":"","_et_gb_content_width":"","om_disable_all_campaigns":false,"footnotes":""},"class_list":["post-49","page","type-page","status-publish","hentry"],"acf":[],"yoast_head":"<!-- This site is optimized with the Yoast SEO plugin v27.3 - https:\/\/yoast.com\/product\/yoast-seo-wordpress\/ -->\n<title>Termos e condi\u00e7\u00f5es - MODELO<\/title>\n<meta name=\"robots\" content=\"index, follow, max-snippet:-1, max-image-preview:large, max-video-preview:-1\" \/>\n<link rel=\"canonical\" href=\"https:\/\/scb.org.br\/modelo\/loja\/termos-e-condicoes\/\" \/>\n<meta property=\"og:locale\" content=\"pt_BR\" \/>\n<meta property=\"og:type\" content=\"article\" \/>\n<meta property=\"og:title\" content=\"Termos e condi\u00e7\u00f5es - MODELO\" \/>\n<meta property=\"og:description\" content=\"Termos e Condi\u00e7\u00f5es de Compra e Venda de Produtos Considerando que a Loja do NUCLEO-SCB realiza venda de servi\u00e7os pela internet; Considerando o interesse do Cliente na compra dos produtos oferecidos em seu site de venda; O presente contrato tem por finalidade estabelecer as condi\u00e7\u00f5es gerais de uso e compra de produtos e servi\u00e7os do [&hellip;]\" \/>\n<meta property=\"og:url\" content=\"https:\/\/scb.org.br\/modelo\/loja\/termos-e-condicoes\/\" \/>\n<meta property=\"og:site_name\" content=\"MODELO\" \/>\n<meta property=\"article:modified_time\" content=\"2018-10-10T14:50:15+00:00\" \/>\n<meta name=\"twitter:card\" content=\"summary_large_image\" \/>\n<meta name=\"twitter:label1\" content=\"Est. tempo de leitura\" \/>\n\t<meta name=\"twitter:data1\" content=\"4 minutos\" \/>\n<script type=\"application\/ld+json\" class=\"yoast-schema-graph\">{\"@context\":\"https:\\\/\\\/schema.org\",\"@graph\":[{\"@type\":\"WebPage\",\"@id\":\"https:\\\/\\\/scb.org.br\\\/modelo\\\/loja\\\/termos-e-condicoes\\\/\",\"url\":\"https:\\\/\\\/scb.org.br\\\/modelo\\\/loja\\\/termos-e-condicoes\\\/\",\"name\":\"Termos e condi\u00e7\u00f5es - MODELO\",\"isPartOf\":{\"@id\":\"https:\\\/\\\/scb.org.br\\\/modelo\\\/#website\"},\"datePublished\":\"2018-10-10T14:48:02+00:00\",\"dateModified\":\"2018-10-10T14:50:15+00:00\",\"breadcrumb\":{\"@id\":\"https:\\\/\\\/scb.org.br\\\/modelo\\\/loja\\\/termos-e-condicoes\\\/#breadcrumb\"},\"inLanguage\":\"pt-BR\",\"potentialAction\":[{\"@type\":\"ReadAction\",\"target\":[\"https:\\\/\\\/scb.org.br\\\/modelo\\\/loja\\\/termos-e-condicoes\\\/\"]}]},{\"@type\":\"BreadcrumbList\",\"@id\":\"https:\\\/\\\/scb.org.br\\\/modelo\\\/loja\\\/termos-e-condicoes\\\/#breadcrumb\",\"itemListElement\":[{\"@type\":\"ListItem\",\"position\":1,\"name\":\"Home\",\"item\":\"https:\\\/\\\/scb.org.br\\\/modelo\\\/\"},{\"@type\":\"ListItem\",\"position\":2,\"name\":\"Loja\",\"item\":\"https:\\\/\\\/scb.org.br\\\/modelo\\\/loja\\\/\"},{\"@type\":\"ListItem\",\"position\":3,\"name\":\"Termos e condi\u00e7\u00f5es\"}]},{\"@type\":\"WebSite\",\"@id\":\"https:\\\/\\\/scb.org.br\\\/modelo\\\/#website\",\"url\":\"https:\\\/\\\/scb.org.br\\\/modelo\\\/\",\"name\":\"MODELO\",\"description\":\"Just another SCB site\",\"potentialAction\":[{\"@type\":\"SearchAction\",\"target\":{\"@type\":\"EntryPoint\",\"urlTemplate\":\"https:\\\/\\\/scb.org.br\\\/modelo\\\/?s={search_term_string}\"},\"query-input\":{\"@type\":\"PropertyValueSpecification\",\"valueRequired\":true,\"valueName\":\"search_term_string\"}}],\"inLanguage\":\"pt-BR\"}]}<\/script>\n<!-- \/ Yoast SEO plugin. -->","yoast_head_json":{"title":"Termos e condi\u00e7\u00f5es - MODELO","robots":{"index":"index","follow":"follow","max-snippet":"max-snippet:-1","max-image-preview":"max-image-preview:large","max-video-preview":"max-video-preview:-1"},"canonical":"https:\/\/scb.org.br\/modelo\/loja\/termos-e-condicoes\/","og_locale":"pt_BR","og_type":"article","og_title":"Termos e condi\u00e7\u00f5es - MODELO","og_description":"Termos e Condi\u00e7\u00f5es de Compra e Venda de Produtos Considerando que a Loja do NUCLEO-SCB realiza venda de servi\u00e7os pela internet; Considerando o interesse do Cliente na compra dos produtos oferecidos em seu site de venda; O presente contrato tem por finalidade estabelecer as condi\u00e7\u00f5es gerais de uso e compra de produtos e servi\u00e7os do [&hellip;]","og_url":"https:\/\/scb.org.br\/modelo\/loja\/termos-e-condicoes\/","og_site_name":"MODELO","article_modified_time":"2018-10-10T14:50:15+00:00","twitter_card":"summary_large_image","twitter_misc":{"Est. tempo de leitura":"4 minutos"},"schema":{"@context":"https:\/\/schema.org","@graph":[{"@type":"WebPage","@id":"https:\/\/scb.org.br\/modelo\/loja\/termos-e-condicoes\/","url":"https:\/\/scb.org.br\/modelo\/loja\/termos-e-condicoes\/","name":"Termos e condi\u00e7\u00f5es - MODELO","isPartOf":{"@id":"https:\/\/scb.org.br\/modelo\/#website"},"datePublished":"2018-10-10T14:48:02+00:00","dateModified":"2018-10-10T14:50:15+00:00","breadcrumb":{"@id":"https:\/\/scb.org.br\/modelo\/loja\/termos-e-condicoes\/#breadcrumb"},"inLanguage":"pt-BR","potentialAction":[{"@type":"ReadAction","target":["https:\/\/scb.org.br\/modelo\/loja\/termos-e-condicoes\/"]}]},{"@type":"BreadcrumbList","@id":"https:\/\/scb.org.br\/modelo\/loja\/termos-e-condicoes\/#breadcrumb","itemListElement":[{"@type":"ListItem","position":1,"name":"Home","item":"https:\/\/scb.org.br\/modelo\/"},{"@type":"ListItem","position":2,"name":"Loja","item":"https:\/\/scb.org.br\/modelo\/loja\/"},{"@type":"ListItem","position":3,"name":"Termos e condi\u00e7\u00f5es"}]},{"@type":"WebSite","@id":"https:\/\/scb.org.br\/modelo\/#website","url":"https:\/\/scb.org.br\/modelo\/","name":"MODELO","description":"Just another SCB site","potentialAction":[{"@type":"SearchAction","target":{"@type":"EntryPoint","urlTemplate":"https:\/\/scb.org.br\/modelo\/?s={search_term_string}"},"query-input":{"@type":"PropertyValueSpecification","valueRequired":true,"valueName":"search_term_string"}}],"inLanguage":"pt-BR"}]}},"_links":{"self":[{"href":"https:\/\/scb.org.br\/modelo\/wp-json\/wp\/v2\/pages\/49","targetHints":{"allow":["GET"]}}],"collection":[{"href":"https:\/\/scb.org.br\/modelo\/wp-json\/wp\/v2\/pages"}],"about":[{"href":"https:\/\/scb.org.br\/modelo\/wp-json\/wp\/v2\/types\/page"}],"author":[{"embeddable":true,"href":"https:\/\/scb.org.br\/modelo\/wp-json\/wp\/v2\/users\/1"}],"replies":[{"embeddable":true,"href":"https:\/\/scb.org.br\/modelo\/wp-json\/wp\/v2\/comments?post=49"}],"version-history":[{"count":3,"href":"https:\/\/scb.org.br\/modelo\/wp-json\/wp\/v2\/pages\/49\/revisions"}],"predecessor-version":[{"id":52,"href":"https:\/\/scb.org.br\/modelo\/wp-json\/wp\/v2\/pages\/49\/revisions\/52"}],"up":[{"embeddable":true,"href":"https:\/\/scb.org.br\/modelo\/wp-json\/wp\/v2\/pages\/36"}],"wp:attachment":[{"href":"https:\/\/scb.org.br\/modelo\/wp-json\/wp\/v2\/media?parent=49"}],"curies":[{"name":"wp","href":"https:\/\/api.w.org\/{rel}","templated":true}]}}