{"id":70,"date":"2024-12-13T02:21:14","date_gmt":"2024-12-13T02:21:14","guid":{"rendered":"https:\/\/scb.org.br\/grupo-sudoeste-goiano\/?page_id=70"},"modified":"2024-12-13T02:25:16","modified_gmt":"2024-12-13T02:25:16","slug":"quem-somos","status":"publish","type":"page","link":"https:\/\/scb.org.br\/grupo-sudoeste-goiano\/quem-somos\/","title":{"rendered":"Quem Somos"},"content":{"rendered":"\n<p class=\"has-heading-font-family has-x-large-font-size\" style=\"line-height:1.2\">Somos o Grupo Sudoeste Goiano da SCB, uma unidade regional oficial da Sociedade Criacionista Brasileira.<\/p>\n\n\n\n<p>A SCB \u00e9 uma institui\u00e7\u00e3o nacional dedicada \u00e0 promo\u00e7\u00e3o e defesa de uma vis\u00e3o criacionista b\u00edblica da origem da vida. Como parte integrante da SCB, compartilhamos seus princ\u00edpios e objetivos, atuando especificamente na regi\u00e3o sudoeste do estado de Goi\u00e1s.<\/p>\n\n\n\n<p>Como n\u00facleo regional da SCB, nascemos da necessidade de promover um di\u00e1logo cr\u00edtico e construtivo sobre as origens da vida, contestando narrativas cient\u00edficas predominantemente evolucionistas e apresentando evid\u00eancias que sustentam a perspectiva criacionista defendida pela Sociedade Criacionista Brasileira.<\/p>\n\n\n\n<h2 class=\"wp-block-heading\">\u00c1rea de Atua\u00e7\u00e3o<\/h2>\n\n\n\n<p>Como grupo regional da SCB, concentramos nossa atua\u00e7\u00e3o no sudoeste goiano, contribuindo para a miss\u00e3o nacional da Sociedade Criacionista Brasileira.<\/p>\n\n\n\n<h2 class=\"wp-block-heading\">Valores<\/h2>\n\n\n\n<p>Seguimos os valores fundamentais da SCB:<\/p>\n\n\n\n<ul class=\"wp-block-list\">\n<li>Integridade cient\u00edfica<\/li>\n\n\n\n<li>Respeito ao conhecimento<\/li>\n\n\n\n<li>Fundamenta\u00e7\u00e3o b\u00edblica<\/li>\n\n\n\n<li>Busca constante pela verdade<\/li>\n\n\n\n<li>Compromisso com a educa\u00e7\u00e3o<\/li>\n<\/ul>\n","protected":false},"excerpt":{"rendered":"<p>Somos o Grupo Sudoeste Goiano da SCB, uma unidade regional oficial da Sociedade Criacionista Brasileira. A SCB \u00e9 uma institui\u00e7\u00e3o nacional dedicada \u00e0 promo\u00e7\u00e3o e defesa de uma vis\u00e3o criacionista b\u00edblica da origem da vida. Como parte integrante da SCB, compartilhamos seus princ\u00edpios e objetivos, atuando especificamente na regi\u00e3o sudoeste do estado de Goi\u00e1s. Como [&hellip;]<\/p>\n","protected":false},"author":1,"featured_media":0,"parent":0,"menu_order":0,"comment_status":"closed","ping_status":"closed","template":"","meta":{"_acf_changed":false,"om_disable_all_campaigns":false,"footnotes":""},"class_list":["post-70","page","type-page","status-publish","hentry"],"acf":[],"yoast_head":"<!-- This site is optimized with the Yoast SEO plugin v27.5 - https:\/\/yoast.com\/product\/yoast-seo-wordpress\/ -->\n<title>Quem Somos - Grupo Sudoeste Goiano - SCB<\/title>\n<meta name=\"robots\" content=\"index, follow, max-snippet:-1, max-image-preview:large, max-video-preview:-1\" \/>\n<link rel=\"canonical\" href=\"https:\/\/scb.org.br\/grupo-sudoeste-goiano\/quem-somos\/\" \/>\n<meta property=\"og:locale\" content=\"pt_BR\" \/>\n<meta property=\"og:type\" content=\"article\" \/>\n<meta property=\"og:title\" content=\"Quem Somos - Grupo Sudoeste Goiano - SCB\" \/>\n<meta property=\"og:description\" content=\"Somos o Grupo Sudoeste Goiano da SCB, uma unidade regional oficial da Sociedade Criacionista Brasileira. A SCB \u00e9 uma institui\u00e7\u00e3o nacional dedicada \u00e0 promo\u00e7\u00e3o e defesa de uma vis\u00e3o criacionista b\u00edblica da origem da vida. Como parte integrante da SCB, compartilhamos seus princ\u00edpios e objetivos, atuando especificamente na regi\u00e3o sudoeste do estado de Goi\u00e1s. Como [&hellip;]\" \/>\n<meta property=\"og:url\" content=\"https:\/\/scb.org.br\/grupo-sudoeste-goiano\/quem-somos\/\" \/>\n<meta property=\"og:site_name\" content=\"Grupo Sudoeste Goiano - SCB\" \/>\n<meta property=\"article:modified_time\" content=\"2024-12-13T02:25:16+00:00\" \/>\n<meta name=\"twitter:card\" content=\"summary_large_image\" \/>\n<meta name=\"twitter:label1\" content=\"Est. tempo de leitura\" \/>\n\t<meta name=\"twitter:data1\" content=\"1 minuto\" \/>\n<script type=\"application\/ld+json\" class=\"yoast-schema-graph\">{\"@context\":\"https:\\\/\\\/schema.org\",\"@graph\":[{\"@type\":\"WebPage\",\"@id\":\"https:\\\/\\\/scb.org.br\\\/grupo-sudoeste-goiano\\\/quem-somos\\\/\",\"url\":\"https:\\\/\\\/scb.org.br\\\/grupo-sudoeste-goiano\\\/quem-somos\\\/\",\"name\":\"Quem Somos - Grupo Sudoeste Goiano - SCB\",\"isPartOf\":{\"@id\":\"https:\\\/\\\/scb.org.br\\\/grupo-sudoeste-goiano\\\/#website\"},\"datePublished\":\"2024-12-13T02:21:14+00:00\",\"dateModified\":\"2024-12-13T02:25:16+00:00\",\"breadcrumb\":{\"@id\":\"https:\\\/\\\/scb.org.br\\\/grupo-sudoeste-goiano\\\/quem-somos\\\/#breadcrumb\"},\"inLanguage\":\"pt-BR\",\"potentialAction\":[{\"@type\":\"ReadAction\",\"target\":[\"https:\\\/\\\/scb.org.br\\\/grupo-sudoeste-goiano\\\/quem-somos\\\/\"]}]},{\"@type\":\"BreadcrumbList\",\"@id\":\"https:\\\/\\\/scb.org.br\\\/grupo-sudoeste-goiano\\\/quem-somos\\\/#breadcrumb\",\"itemListElement\":[{\"@type\":\"ListItem\",\"position\":1,\"name\":\"Home\",\"item\":\"https:\\\/\\\/scb.org.br\\\/grupo-sudoeste-goiano\\\/\"},{\"@type\":\"ListItem\",\"position\":2,\"name\":\"Quem Somos\"}]},{\"@type\":\"WebSite\",\"@id\":\"https:\\\/\\\/scb.org.br\\\/grupo-sudoeste-goiano\\\/#website\",\"url\":\"https:\\\/\\\/scb.org.br\\\/grupo-sudoeste-goiano\\\/\",\"name\":\"Grupo Sudoeste Goiano - SCB\",\"description\":\"\",\"potentialAction\":[{\"@type\":\"SearchAction\",\"target\":{\"@type\":\"EntryPoint\",\"urlTemplate\":\"https:\\\/\\\/scb.org.br\\\/grupo-sudoeste-goiano\\\/?s={search_term_string}\"},\"query-input\":{\"@type\":\"PropertyValueSpecification\",\"valueRequired\":true,\"valueName\":\"search_term_string\"}}],\"inLanguage\":\"pt-BR\"}]}<\/script>\n<!-- \/ Yoast SEO plugin. -->","yoast_head_json":{"title":"Quem Somos - Grupo Sudoeste Goiano - SCB","robots":{"index":"index","follow":"follow","max-snippet":"max-snippet:-1","max-image-preview":"max-image-preview:large","max-video-preview":"max-video-preview:-1"},"canonical":"https:\/\/scb.org.br\/grupo-sudoeste-goiano\/quem-somos\/","og_locale":"pt_BR","og_type":"article","og_title":"Quem Somos - Grupo Sudoeste Goiano - SCB","og_description":"Somos o Grupo Sudoeste Goiano da SCB, uma unidade regional oficial da Sociedade Criacionista Brasileira. A SCB \u00e9 uma institui\u00e7\u00e3o nacional dedicada \u00e0 promo\u00e7\u00e3o e defesa de uma vis\u00e3o criacionista b\u00edblica da origem da vida. Como parte integrante da SCB, compartilhamos seus princ\u00edpios e objetivos, atuando especificamente na regi\u00e3o sudoeste do estado de Goi\u00e1s. Como [&hellip;]","og_url":"https:\/\/scb.org.br\/grupo-sudoeste-goiano\/quem-somos\/","og_site_name":"Grupo Sudoeste Goiano - SCB","article_modified_time":"2024-12-13T02:25:16+00:00","twitter_card":"summary_large_image","twitter_misc":{"Est. tempo de leitura":"1 minuto"},"schema":{"@context":"https:\/\/schema.org","@graph":[{"@type":"WebPage","@id":"https:\/\/scb.org.br\/grupo-sudoeste-goiano\/quem-somos\/","url":"https:\/\/scb.org.br\/grupo-sudoeste-goiano\/quem-somos\/","name":"Quem Somos - Grupo Sudoeste Goiano - SCB","isPartOf":{"@id":"https:\/\/scb.org.br\/grupo-sudoeste-goiano\/#website"},"datePublished":"2024-12-13T02:21:14+00:00","dateModified":"2024-12-13T02:25:16+00:00","breadcrumb":{"@id":"https:\/\/scb.org.br\/grupo-sudoeste-goiano\/quem-somos\/#breadcrumb"},"inLanguage":"pt-BR","potentialAction":[{"@type":"ReadAction","target":["https:\/\/scb.org.br\/grupo-sudoeste-goiano\/quem-somos\/"]}]},{"@type":"BreadcrumbList","@id":"https:\/\/scb.org.br\/grupo-sudoeste-goiano\/quem-somos\/#breadcrumb","itemListElement":[{"@type":"ListItem","position":1,"name":"Home","item":"https:\/\/scb.org.br\/grupo-sudoeste-goiano\/"},{"@type":"ListItem","position":2,"name":"Quem Somos"}]},{"@type":"WebSite","@id":"https:\/\/scb.org.br\/grupo-sudoeste-goiano\/#website","url":"https:\/\/scb.org.br\/grupo-sudoeste-goiano\/","name":"Grupo Sudoeste Goiano - SCB","description":"","potentialAction":[{"@type":"SearchAction","target":{"@type":"EntryPoint","urlTemplate":"https:\/\/scb.org.br\/grupo-sudoeste-goiano\/?s={search_term_string}"},"query-input":{"@type":"PropertyValueSpecification","valueRequired":true,"valueName":"search_term_string"}}],"inLanguage":"pt-BR"}]}},"_links":{"self":[{"href":"https:\/\/scb.org.br\/grupo-sudoeste-goiano\/wp-json\/wp\/v2\/pages\/70","targetHints":{"allow":["GET"]}}],"collection":[{"href":"https:\/\/scb.org.br\/grupo-sudoeste-goiano\/wp-json\/wp\/v2\/pages"}],"about":[{"href":"https:\/\/scb.org.br\/grupo-sudoeste-goiano\/wp-json\/wp\/v2\/types\/page"}],"author":[{"embeddable":true,"href":"https:\/\/scb.org.br\/grupo-sudoeste-goiano\/wp-json\/wp\/v2\/users\/1"}],"replies":[{"embeddable":true,"href":"https:\/\/scb.org.br\/grupo-sudoeste-goiano\/wp-json\/wp\/v2\/comments?post=70"}],"version-history":[{"count":4,"href":"https:\/\/scb.org.br\/grupo-sudoeste-goiano\/wp-json\/wp\/v2\/pages\/70\/revisions"}],"predecessor-version":[{"id":77,"href":"https:\/\/scb.org.br\/grupo-sudoeste-goiano\/wp-json\/wp\/v2\/pages\/70\/revisions\/77"}],"wp:attachment":[{"href":"https:\/\/scb.org.br\/grupo-sudoeste-goiano\/wp-json\/wp\/v2\/media?parent=70"}],"curies":[{"name":"wp","href":"https:\/\/api.w.org\/{rel}","templated":true}]}}