{"id":580,"date":"2019-01-07T12:22:22","date_gmt":"2019-01-07T14:22:22","guid":{"rendered":"https:\/\/filosofiadasorigens.scb.org.br\/?page_id=580"},"modified":"2022-04-05T15:54:46","modified_gmt":"2022-04-05T18:54:46","slug":"links","status":"publish","type":"page","link":"https:\/\/scb.org.br\/filosofiadasorigens\/links\/","title":{"rendered":"Links"},"content":{"rendered":"\n<h1 class=\"wp-block-heading\"><span class=\"tituloAzul\"><strong>Origens na Web<br><\/strong><\/span><\/h1>\n\n\n\n<p><span class=\"tituloAzul\"><strong>Sites da SCB<\/strong><\/span><\/p>\n\n\n\n<p><a href=\"https:\/\/scb.org.br\/\" target=\"_blank\" rel=\"noreferrer noopener\">Sociedade Criacionista Brasileira<\/a><br><a href=\"https:\/\/scb.org.br\/criacionismo\">Criacionismo<\/a><br><a href=\"https:\/\/scb.org.br\/filosofiadasorigens\">Filosofia das Origens<\/a><br><a href=\"https:\/\/scb.org.br\/tvorigens\">TV Origens<\/a><br><a href=\"https:\/\/scb.org.br\/revistacriacionista\">Revista Criacionista<\/a><br><a href=\"https:\/\/scb.org.br\/deolhonasorigens\">De Olho nas Origens<\/a><br><a href=\"https:\/\/scb.org.br\/embuscadasorigens\">Em Busca das Origens<\/a><br><a href=\"https:\/\/cursos.scb.org.br\/\">EAD<\/a><\/p>\n\n\n\n<p><span class=\"tituloAzul\"><strong>Cong\u00eaneres Brasil<\/strong><\/span><\/p>\n\n\n\n<p><a href=\"http:\/\/www.impacto.org.br\/\" target=\"_blank\" rel=\"noopener\">Associa\u00e7\u00e3o Brasileira de Pesquisa da Cria\u00e7\u00e3o<\/a><br><a href=\"http:\/\/origins.swau.edu\/defaultp.html\" target=\"_blank\" rel=\"noopener\">Centro de Pesquisa da Hist\u00f3ria da Terra<\/a><br><a href=\"http:\/\/www.criacionismo.com.br\/\" target=\"_blank\" rel=\"noopener\">Criacionismo<\/a><br><a href=\"http:\/\/www.scb.org.br\/curriculum\/neo.asp\" target=\"_blank\" rel=\"noopener\">Curriculum e palestras dos membros do NEO<\/a><br><a title=\"Evid\u00eancias Online - GRI Brasil\" href=\"http:\/\/www.scb.org.br\/scb\/index.php\/component\/banners\/click\/26\" target=\"_blank\" rel=\"noopener\">Evid\u00eancias Online &#8211; GRI Brasil<\/a><br><a href=\"http:\/\/www.unasp-sp.edu.br\/servicos\/neo\/default.asp\" target=\"_blank\" rel=\"noopener\">N\u00facleo de Estudos das Origens &#8211; NEO<\/a><br><a href=\"http:\/\/origemedestino.org.br\/\" target=\"_blank\" rel=\"noopener\">Sociedade Origem e Destino<\/a><br><a href=\"http:\/\/www.universocriacionista.com.br\/\" target=\"_blank\" rel=\"noopener\">Universo Criacionista<\/a><\/p>\n\n\n\n<p><span class=\"tituloAzul\"><strong>Cong\u00eaneres Exterior<\/strong><\/span><\/p>\n\n\n\n<p><a href=\"http:\/\/www.arn.org\/\" target=\"_blank\" rel=\"noopener\">Access Research Network<\/a><br><a href=\"http:\/\/www.answersingenesis.org\/\" target=\"_blank\" rel=\"noopener\">Answers in Genesis<\/a><br><a href=\"http:\/\/www.christiananswers.net\/abr\/abrhome.html\" target=\"_blank\" rel=\"noopener\">Associates for Biblical Research<\/a><br><a href=\"http:\/\/www.biblicalcreation.org.uk\/\" target=\"_blank\" rel=\"noopener\">Biblical Creation Society<\/a><br><a href=\"http:\/\/www.christiananswers.net\/\" target=\"_blank\" rel=\"noopener\">Christian Answers Net<\/a><br><a href=\"http:\/\/www.creationresearch.org\/\" target=\"_blank\" rel=\"noopener\">Creation Research Society<\/a><br><a href=\"http:\/\/emporium.turnpike.net\/C\/cs\" target=\"_blank\" rel=\"noopener\">Creation Science<\/a><br><a href=\"http:\/\/origins.swau.edu\/\" target=\"_blank\" rel=\"noopener\">Earth History Research Center<\/a><br><a href=\"http:\/\/www.grisda.org\/\" target=\"_blank\" rel=\"noopener\">Geoscience Research Institute<\/a><br><a href=\"http:\/\/www.icr.org\/\" target=\"_blank\" rel=\"noopener\">Institute for Creation Research<\/a><br><a href=\"http:\/\/www.narkas.org\/\" target=\"_blank\" rel=\"noopener\">Narkas &#8211; Italian Association for the truth of the Genesis, Flood and Creation<\/a><br><a href=\"http:\/\/www.creationism.org\/\" target=\"_blank\" rel=\"noopener\">Paul Abranson<\/a><br><a href=\"http:\/\/www.srf-tr.org\/\" target=\"_blank\" rel=\"noopener\">Science Research Foundation<\/a><br><a href=\"http:\/\/www.creationofuniverse.com\/\" target=\"_blank\" rel=\"noopener\">The Creation of the Universe&nbsp;<\/a><br><a href=\"http:\/\/www.evolutiondeceit.com\/\" target=\"_blank\" rel=\"noopener\">The Evolution Deceit<\/a><\/p>\n\n\n\n<hr class=\"wp-block-separator\"\/>\n\n\n\n<h1 class=\"wp-block-heading\"><span class=\"tituloAzul\"><strong>Ci\u00eancia na Web<\/strong><\/span><\/h1>\n\n\n\n<p><span class=\"tituloAzul\"><strong>Astronomia e Astrof\u00edsica<\/strong><\/span><\/p>\n\n\n\n<p><a href=\"http:\/\/photojournal.jpl.nasa.gov\/\" target=\"_blank\" rel=\"noopener\">Journal Planet\u00e1rio da NASA<\/a><br><a href=\"http:\/\/www.nasa.gov\/\" target=\"_blank\" rel=\"noopener\">NASA &#8211; Homepage<\/a><br><a href=\"http:\/\/www.sciencemag.org\/\" target=\"_blank\" rel=\"noopener\">Revista Science Online<\/a><br><a href=\"http:\/\/space.jpl.nasa.gov\/\" target=\"_blank\" rel=\"noopener\">Simulador do Sistema Solar<\/a><br><a href=\"http:\/\/www.fourmilab.ch\/cgi-bin\/uncgi\/Earth?imgsize=1024&amp;opt=-l&amp;lat=9.79167\" target=\"_blank\" rel=\"noopener\">Vistas da Terra via Sat\u00e9lites<\/a><br><a href=\"http:\/\/www.fourmilab.ch\/cgi-bin\/uncgi\/Earth?imgsize=1024&amp;opt=-l&amp;lat=9.79167\" target=\"_blank\" rel=\"noopener\">Visualiza\u00e7\u00e3o do Sistema Solar &#8211; JPL<\/a><br><a href=\"http:\/\/www.solarviews.com\/ss.html\" target=\"_blank\" rel=\"noopener\">Vistas do Sistema Solar<\/a><\/p>\n","protected":false},"excerpt":{"rendered":"<p>Origens na Web Sites da SCB Sociedade Criacionista BrasileiraCriacionismoFilosofia das OrigensTV OrigensRevista CriacionistaDe Olho nas OrigensEm Busca das OrigensEAD Cong\u00eaneres Brasil Associa\u00e7\u00e3o Brasileira de Pesquisa da Cria\u00e7\u00e3oCentro de Pesquisa da Hist\u00f3ria da TerraCriacionismoCurriculum e palestras dos membros do NEOEvid\u00eancias Online &#8211; GRI BrasilN\u00facleo de Estudos das Origens &#8211; NEOSociedade Origem e DestinoUniverso Criacionista Cong\u00eaneres Exterior [&hellip;]<\/p>\n","protected":false},"author":1,"featured_media":0,"parent":0,"menu_order":0,"comment_status":"closed","ping_status":"closed","template":"","meta":{"_acf_changed":false,"_et_pb_use_builder":"","_et_pb_old_content":"","_et_gb_content_width":"","om_disable_all_campaigns":false,"footnotes":""},"class_list":["post-580","page","type-page","status-publish","hentry"],"acf":[],"yoast_head":"<!-- This site is optimized with the Yoast SEO plugin v27.3 - https:\/\/yoast.com\/product\/yoast-seo-wordpress\/ -->\n<title>Links - Filosofia das Origens<\/title>\n<meta name=\"robots\" content=\"index, follow, max-snippet:-1, max-image-preview:large, max-video-preview:-1\" \/>\n<link rel=\"canonical\" href=\"https:\/\/scb.org.br\/filosofiadasorigens\/links\/\" \/>\n<meta property=\"og:locale\" content=\"pt_BR\" \/>\n<meta property=\"og:type\" content=\"article\" \/>\n<meta property=\"og:title\" content=\"Links - Filosofia das Origens\" \/>\n<meta property=\"og:description\" content=\"Origens na Web Sites da SCB Sociedade Criacionista BrasileiraCriacionismoFilosofia das OrigensTV OrigensRevista CriacionistaDe Olho nas OrigensEm Busca das OrigensEAD Cong\u00eaneres Brasil Associa\u00e7\u00e3o Brasileira de Pesquisa da Cria\u00e7\u00e3oCentro de Pesquisa da Hist\u00f3ria da TerraCriacionismoCurriculum e palestras dos membros do NEOEvid\u00eancias Online &#8211; GRI BrasilN\u00facleo de Estudos das Origens &#8211; NEOSociedade Origem e DestinoUniverso Criacionista Cong\u00eaneres Exterior [&hellip;]\" \/>\n<meta property=\"og:url\" content=\"https:\/\/scb.org.br\/filosofiadasorigens\/links\/\" \/>\n<meta property=\"og:site_name\" content=\"Filosofia das Origens\" \/>\n<meta property=\"article:modified_time\" content=\"2022-04-05T18:54:46+00:00\" \/>\n<meta name=\"twitter:card\" content=\"summary_large_image\" \/>\n<meta name=\"twitter:label1\" content=\"Est. tempo de leitura\" \/>\n\t<meta name=\"twitter:data1\" content=\"1 minuto\" \/>\n<script type=\"application\/ld+json\" class=\"yoast-schema-graph\">{\"@context\":\"https:\\\/\\\/schema.org\",\"@graph\":[{\"@type\":\"WebPage\",\"@id\":\"https:\\\/\\\/scb.org.br\\\/filosofiadasorigens\\\/links\\\/\",\"url\":\"https:\\\/\\\/scb.org.br\\\/filosofiadasorigens\\\/links\\\/\",\"name\":\"Links - Filosofia das Origens\",\"isPartOf\":{\"@id\":\"https:\\\/\\\/scb.org.br\\\/filosofiadasorigens\\\/#website\"},\"datePublished\":\"2019-01-07T14:22:22+00:00\",\"dateModified\":\"2022-04-05T18:54:46+00:00\",\"breadcrumb\":{\"@id\":\"https:\\\/\\\/scb.org.br\\\/filosofiadasorigens\\\/links\\\/#breadcrumb\"},\"inLanguage\":\"pt-BR\",\"potentialAction\":[{\"@type\":\"ReadAction\",\"target\":[\"https:\\\/\\\/scb.org.br\\\/filosofiadasorigens\\\/links\\\/\"]}]},{\"@type\":\"BreadcrumbList\",\"@id\":\"https:\\\/\\\/scb.org.br\\\/filosofiadasorigens\\\/links\\\/#breadcrumb\",\"itemListElement\":[{\"@type\":\"ListItem\",\"position\":1,\"name\":\"In\u00edcio\",\"item\":\"https:\\\/\\\/scb.org.br\\\/filosofiadasorigens\\\/\"},{\"@type\":\"ListItem\",\"position\":2,\"name\":\"Links\"}]},{\"@type\":\"WebSite\",\"@id\":\"https:\\\/\\\/scb.org.br\\\/filosofiadasorigens\\\/#website\",\"url\":\"https:\\\/\\\/scb.org.br\\\/filosofiadasorigens\\\/\",\"name\":\"Filosofia das Origens\",\"description\":\"Semin\u00e1rio &quot;A Filosofia das Origens&quot;. Evento Oficial da SCB\",\"potentialAction\":[{\"@type\":\"SearchAction\",\"target\":{\"@type\":\"EntryPoint\",\"urlTemplate\":\"https:\\\/\\\/scb.org.br\\\/filosofiadasorigens\\\/?s={search_term_string}\"},\"query-input\":{\"@type\":\"PropertyValueSpecification\",\"valueRequired\":true,\"valueName\":\"search_term_string\"}}],\"inLanguage\":\"pt-BR\"}]}<\/script>\n<!-- \/ Yoast SEO plugin. -->","yoast_head_json":{"title":"Links - Filosofia das Origens","robots":{"index":"index","follow":"follow","max-snippet":"max-snippet:-1","max-image-preview":"max-image-preview:large","max-video-preview":"max-video-preview:-1"},"canonical":"https:\/\/scb.org.br\/filosofiadasorigens\/links\/","og_locale":"pt_BR","og_type":"article","og_title":"Links - Filosofia das Origens","og_description":"Origens na Web Sites da SCB Sociedade Criacionista BrasileiraCriacionismoFilosofia das OrigensTV OrigensRevista CriacionistaDe Olho nas OrigensEm Busca das OrigensEAD Cong\u00eaneres Brasil Associa\u00e7\u00e3o Brasileira de Pesquisa da Cria\u00e7\u00e3oCentro de Pesquisa da Hist\u00f3ria da TerraCriacionismoCurriculum e palestras dos membros do NEOEvid\u00eancias Online &#8211; GRI BrasilN\u00facleo de Estudos das Origens &#8211; NEOSociedade Origem e DestinoUniverso Criacionista Cong\u00eaneres Exterior [&hellip;]","og_url":"https:\/\/scb.org.br\/filosofiadasorigens\/links\/","og_site_name":"Filosofia das Origens","article_modified_time":"2022-04-05T18:54:46+00:00","twitter_card":"summary_large_image","twitter_misc":{"Est. tempo de leitura":"1 minuto"},"schema":{"@context":"https:\/\/schema.org","@graph":[{"@type":"WebPage","@id":"https:\/\/scb.org.br\/filosofiadasorigens\/links\/","url":"https:\/\/scb.org.br\/filosofiadasorigens\/links\/","name":"Links - Filosofia das Origens","isPartOf":{"@id":"https:\/\/scb.org.br\/filosofiadasorigens\/#website"},"datePublished":"2019-01-07T14:22:22+00:00","dateModified":"2022-04-05T18:54:46+00:00","breadcrumb":{"@id":"https:\/\/scb.org.br\/filosofiadasorigens\/links\/#breadcrumb"},"inLanguage":"pt-BR","potentialAction":[{"@type":"ReadAction","target":["https:\/\/scb.org.br\/filosofiadasorigens\/links\/"]}]},{"@type":"BreadcrumbList","@id":"https:\/\/scb.org.br\/filosofiadasorigens\/links\/#breadcrumb","itemListElement":[{"@type":"ListItem","position":1,"name":"In\u00edcio","item":"https:\/\/scb.org.br\/filosofiadasorigens\/"},{"@type":"ListItem","position":2,"name":"Links"}]},{"@type":"WebSite","@id":"https:\/\/scb.org.br\/filosofiadasorigens\/#website","url":"https:\/\/scb.org.br\/filosofiadasorigens\/","name":"Filosofia das Origens","description":"Semin\u00e1rio &quot;A Filosofia das Origens&quot;. Evento Oficial da SCB","potentialAction":[{"@type":"SearchAction","target":{"@type":"EntryPoint","urlTemplate":"https:\/\/scb.org.br\/filosofiadasorigens\/?s={search_term_string}"},"query-input":{"@type":"PropertyValueSpecification","valueRequired":true,"valueName":"search_term_string"}}],"inLanguage":"pt-BR"}]}},"_links":{"self":[{"href":"https:\/\/scb.org.br\/filosofiadasorigens\/wp-json\/wp\/v2\/pages\/580","targetHints":{"allow":["GET"]}}],"collection":[{"href":"https:\/\/scb.org.br\/filosofiadasorigens\/wp-json\/wp\/v2\/pages"}],"about":[{"href":"https:\/\/scb.org.br\/filosofiadasorigens\/wp-json\/wp\/v2\/types\/page"}],"author":[{"embeddable":true,"href":"https:\/\/scb.org.br\/filosofiadasorigens\/wp-json\/wp\/v2\/users\/1"}],"replies":[{"embeddable":true,"href":"https:\/\/scb.org.br\/filosofiadasorigens\/wp-json\/wp\/v2\/comments?post=580"}],"version-history":[{"count":3,"href":"https:\/\/scb.org.br\/filosofiadasorigens\/wp-json\/wp\/v2\/pages\/580\/revisions"}],"predecessor-version":[{"id":1849,"href":"https:\/\/scb.org.br\/filosofiadasorigens\/wp-json\/wp\/v2\/pages\/580\/revisions\/1849"}],"wp:attachment":[{"href":"https:\/\/scb.org.br\/filosofiadasorigens\/wp-json\/wp\/v2\/media?parent=580"}],"curies":[{"name":"wp","href":"https:\/\/api.w.org\/{rel}","templated":true}]}}